{"id":126586,"date":"2025-05-18T22:01:59","date_gmt":"2025-05-18T22:01:59","guid":{"rendered":"https:\/\/staging2.stylingagenten.com\/da\/produkt\/goldwell-stylesign-volume-bodifying-control-mousse-300ml\/"},"modified":"2026-03-16T12:05:30","modified_gmt":"2026-03-16T12:05:30","slug":"goldwell-stylesign-volume-bodifying-control-mousse-300ml","status":"publish","type":"product","link":"https:\/\/stylingagenten.com\/da\/produkt\/goldwell-stylesign-volume-bodifying-control-mousse-300ml\/","title":{"rendered":"Goldwell StyleSign Volume Bodifying Control Mousse 300ml"},"content":{"rendered":"<p>Goldwell StyleSign Volume Bodifying Control Mousse giver straks op til dobbelt s\u00e5 meget volumen og fylde under f\u00f8nt\u00f8rring, beskytter mod varmeskader og stabiliserer skadet h\u00e5r. Vegansk, CO2-kompenseret og dermatologisk testet. Hold 4\/5, Glans 1\/3.<\/p>\n<p>Til alle h\u00e5rtyper.<\/p>\n<p>300ml<\/p>\n","protected":false},"excerpt":{"rendered":"<p>Goldwell StyleSign Volume Bodifying Control Mousse giver straks op til dobbelt s\u00e5 meget volumen og fylde under f\u00f8nt\u00f8rring, beskytter mod varmeskader og stabiliserer skadet h\u00e5r. Vegansk, CO2-kompenseret og dermatologisk testet. Hold 4\/5, Glans 1\/3. Til alle h\u00e5rtyper. 300ml<\/p>\n","protected":false},"featured_media":126579,"comment_status":"open","ping_status":"closed","template":"","meta":{"_trash_the_other_posts":false},"product_brand":[],"product_cat":[595],"product_tag":[],"berocket_brand":[1328],"class_list":{"0":"post-126586","1":"product","2":"type-product","3":"status-publish","4":"has-post-thumbnail","6":"product_cat-harmouse","7":"pa_brand-goldwell","8":"berocket_brand-goldwell","10":"first","11":"instock","12":"sale","13":"taxable","14":"shipping-taxable","15":"purchasable","16":"product-type-simple"},"_links":{"self":[{"href":"https:\/\/stylingagenten.com\/da\/wp-json\/wp\/v2\/product\/126586","targetHints":{"allow":["GET"]}}],"collection":[{"href":"https:\/\/stylingagenten.com\/da\/wp-json\/wp\/v2\/product"}],"about":[{"href":"https:\/\/stylingagenten.com\/da\/wp-json\/wp\/v2\/types\/product"}],"replies":[{"embeddable":true,"href":"https:\/\/stylingagenten.com\/da\/wp-json\/wp\/v2\/comments?post=126586"}],"version-history":[{"count":0,"href":"https:\/\/stylingagenten.com\/da\/wp-json\/wp\/v2\/product\/126586\/revisions"}],"wp:featuredmedia":[{"embeddable":true,"href":"https:\/\/stylingagenten.com\/da\/wp-json\/wp\/v2\/media\/126579"}],"wp:attachment":[{"href":"https:\/\/stylingagenten.com\/da\/wp-json\/wp\/v2\/media?parent=126586"}],"wp:term":[{"taxonomy":"product_brand","embeddable":true,"href":"https:\/\/stylingagenten.com\/da\/wp-json\/wp\/v2\/product_brand?post=126586"},{"taxonomy":"product_cat","embeddable":true,"href":"https:\/\/stylingagenten.com\/da\/wp-json\/wp\/v2\/product_cat?post=126586"},{"taxonomy":"product_tag","embeddable":true,"href":"https:\/\/stylingagenten.com\/da\/wp-json\/wp\/v2\/product_tag?post=126586"},{"taxonomy":"berocket_brand","embeddable":true,"href":"https:\/\/stylingagenten.com\/da\/wp-json\/wp\/v2\/berocket_brand?post=126586"}],"curies":[{"name":"wp","href":"https:\/\/api.w.org\/{rel}","templated":true}]}}