{"id":126583,"date":"2025-05-18T22:01:59","date_gmt":"2025-05-18T22:01:59","guid":{"rendered":"https:\/\/staging2.stylingagenten.com\/da\/produkt\/system-professional-volumize-aerolifter-200ml\/"},"modified":"2026-03-30T08:19:32","modified_gmt":"2026-03-30T08:19:32","slug":"system-professional-volumize-aerolifter-200ml","status":"publish","type":"product","link":"https:\/\/stylingagenten.com\/da\/produkt\/system-professional-volumize-aerolifter-200ml\/","title":{"rendered":"System Professional Volumize Aerolifter 200ml"},"content":{"rendered":"<p>System Professional Volumize Aerolifter er en let balsammousse til daglig brug, der giver volumen og styrke til fladt og livl\u00f8st h\u00e5r. Den v\u00e6gtl\u00f8se formel g\u00f8r h\u00e5ret fyldigere, lettere at style og rede ud. Perfekt til h\u00e5r, der har brug for ekstra volumen og styrke.<\/p>\n<p>System Professional Volumize-serien er designet til at styrke og l\u00f8fte fint og skr\u00f8beligt h\u00e5r. Med Formastrength Complex gendanner serien fylde, h\u00e5ndterbarhed og styrke i selv det fineste h\u00e5r. Luksuri\u00f8se og lette formler, der f\u00e5r dine yndlingsfrisurer til at holde l\u00e6ngere.<\/p>\n<p>200ml<\/p>\n","protected":false},"excerpt":{"rendered":"<p>System Professional Volumize Aerolifter er en let balsammousse til daglig brug, der giver volumen og styrke til fladt og livl\u00f8st h\u00e5r. Den v\u00e6gtl\u00f8se formel g\u00f8r h\u00e5ret fyldigere, lettere at style og rede ud. Perfekt til h\u00e5r, der har brug for ekstra volumen og styrke. System Professional Volumize-serien er designet til at styrke og l\u00f8fte fint [&hellip;]<\/p>\n","protected":false},"featured_media":126566,"comment_status":"open","ping_status":"closed","template":"","meta":{"_trash_the_other_posts":false},"product_brand":[],"product_cat":[595],"product_tag":[],"berocket_brand":[1995],"class_list":{"0":"post-126583","1":"product","2":"type-product","3":"status-publish","4":"has-post-thumbnail","6":"product_cat-harmouse","7":"pa_brand-system-professional","8":"berocket_brand-system-professional","10":"first","11":"outofstock","12":"sale","13":"taxable","14":"shipping-taxable","15":"purchasable","16":"product-type-simple"},"_links":{"self":[{"href":"https:\/\/stylingagenten.com\/da\/wp-json\/wp\/v2\/product\/126583","targetHints":{"allow":["GET"]}}],"collection":[{"href":"https:\/\/stylingagenten.com\/da\/wp-json\/wp\/v2\/product"}],"about":[{"href":"https:\/\/stylingagenten.com\/da\/wp-json\/wp\/v2\/types\/product"}],"replies":[{"embeddable":true,"href":"https:\/\/stylingagenten.com\/da\/wp-json\/wp\/v2\/comments?post=126583"}],"version-history":[{"count":0,"href":"https:\/\/stylingagenten.com\/da\/wp-json\/wp\/v2\/product\/126583\/revisions"}],"wp:featuredmedia":[{"embeddable":true,"href":"https:\/\/stylingagenten.com\/da\/wp-json\/wp\/v2\/media\/126566"}],"wp:attachment":[{"href":"https:\/\/stylingagenten.com\/da\/wp-json\/wp\/v2\/media?parent=126583"}],"wp:term":[{"taxonomy":"product_brand","embeddable":true,"href":"https:\/\/stylingagenten.com\/da\/wp-json\/wp\/v2\/product_brand?post=126583"},{"taxonomy":"product_cat","embeddable":true,"href":"https:\/\/stylingagenten.com\/da\/wp-json\/wp\/v2\/product_cat?post=126583"},{"taxonomy":"product_tag","embeddable":true,"href":"https:\/\/stylingagenten.com\/da\/wp-json\/wp\/v2\/product_tag?post=126583"},{"taxonomy":"berocket_brand","embeddable":true,"href":"https:\/\/stylingagenten.com\/da\/wp-json\/wp\/v2\/berocket_brand?post=126583"}],"curies":[{"name":"wp","href":"https:\/\/api.w.org\/{rel}","templated":true}]}}