{"id":126577,"date":"2025-05-18T22:01:58","date_gmt":"2025-05-18T22:01:58","guid":{"rendered":"https:\/\/staging2.stylingagenten.com\/da\/produkt\/bjork-forma-hojd-volume-mousse-200ml\/"},"modified":"2026-03-25T20:08:37","modified_gmt":"2026-03-25T20:08:37","slug":"bjork-forma-hojd-volume-mousse-200ml","status":"publish","type":"product","link":"https:\/\/stylingagenten.com\/da\/produkt\/bjork-forma-hojd-volume-mousse-200ml\/","title":{"rendered":"Bj\u00f6rk FORMA H\u00d6JD Volume Mousse 200ml"},"content":{"rendered":"<p>Bj\u00f6rk FORMA H\u00d6JD Volume Mousse er en volumengivende spraymousse, der skaber fylde uden at give en klistret eller spr\u00f8d fornemmelse. Den v\u00e6gtl\u00f8se og varmebeskyttende formel indeholder n\u00e6rende rose- og bl\u00e5b\u00e6rekstrakter samt vitamin B, som giver fylde og volumen. Giver h\u00e5ret v\u00e6gtl\u00f8s volumen med bl\u00f8dhed og naturlig glans. Luksuri\u00f8s, frisk og blomsteragtig duft med strejf af fersken.<\/p>\n<p>Duft: Luksuri\u00f8s, opfriskende og blomsteragtig duft med strejf af abrikos.<\/p>\n<p>200 ml<\/p>\n","protected":false},"excerpt":{"rendered":"<p>Bj\u00f6rk FORMA H\u00d6JD Volume Mousse er en volumengivende spraymousse, der skaber fylde uden at give en klistret eller spr\u00f8d fornemmelse. Den v\u00e6gtl\u00f8se og varmebeskyttende formel indeholder n\u00e6rende rose- og bl\u00e5b\u00e6rekstrakter samt vitamin B, som giver fylde og volumen. Giver h\u00e5ret v\u00e6gtl\u00f8s volumen med bl\u00f8dhed og naturlig glans. Luksuri\u00f8s, frisk og blomsteragtig duft med strejf af [&hellip;]<\/p>\n","protected":false},"featured_media":126575,"comment_status":"open","ping_status":"closed","template":"","meta":{"_trash_the_other_posts":false},"product_brand":[],"product_cat":[595],"product_tag":[],"berocket_brand":[1418],"class_list":{"0":"post-126577","1":"product","2":"type-product","3":"status-publish","4":"has-post-thumbnail","6":"product_cat-harmouse","7":"pa_brand-bjork","8":"berocket_brand-bjork","10":"first","11":"instock","12":"sale","13":"taxable","14":"shipping-taxable","15":"purchasable","16":"product-type-simple"},"_links":{"self":[{"href":"https:\/\/stylingagenten.com\/da\/wp-json\/wp\/v2\/product\/126577","targetHints":{"allow":["GET"]}}],"collection":[{"href":"https:\/\/stylingagenten.com\/da\/wp-json\/wp\/v2\/product"}],"about":[{"href":"https:\/\/stylingagenten.com\/da\/wp-json\/wp\/v2\/types\/product"}],"replies":[{"embeddable":true,"href":"https:\/\/stylingagenten.com\/da\/wp-json\/wp\/v2\/comments?post=126577"}],"version-history":[{"count":0,"href":"https:\/\/stylingagenten.com\/da\/wp-json\/wp\/v2\/product\/126577\/revisions"}],"wp:featuredmedia":[{"embeddable":true,"href":"https:\/\/stylingagenten.com\/da\/wp-json\/wp\/v2\/media\/126575"}],"wp:attachment":[{"href":"https:\/\/stylingagenten.com\/da\/wp-json\/wp\/v2\/media?parent=126577"}],"wp:term":[{"taxonomy":"product_brand","embeddable":true,"href":"https:\/\/stylingagenten.com\/da\/wp-json\/wp\/v2\/product_brand?post=126577"},{"taxonomy":"product_cat","embeddable":true,"href":"https:\/\/stylingagenten.com\/da\/wp-json\/wp\/v2\/product_cat?post=126577"},{"taxonomy":"product_tag","embeddable":true,"href":"https:\/\/stylingagenten.com\/da\/wp-json\/wp\/v2\/product_tag?post=126577"},{"taxonomy":"berocket_brand","embeddable":true,"href":"https:\/\/stylingagenten.com\/da\/wp-json\/wp\/v2\/berocket_brand?post=126577"}],"curies":[{"name":"wp","href":"https:\/\/api.w.org\/{rel}","templated":true}]}}