{"id":126490,"date":"2025-05-18T22:01:39","date_gmt":"2025-05-18T22:01:39","guid":{"rendered":"https:\/\/staging2.stylingagenten.com\/da\/produkt\/ellwo-moisturizing-masque-250ml\/"},"modified":"2026-03-11T21:54:31","modified_gmt":"2026-03-11T21:54:31","slug":"ellwo-moisturizing-masque-250ml","status":"publish","type":"product","link":"https:\/\/stylingagenten.com\/da\/produkt\/ellwo-moisturizing-masque-250ml\/","title":{"rendered":"Ellwo Moisturizing Masque 250ml"},"content":{"rendered":"<p>Ellwo Moisturizing Masque er en fugtgivende h\u00e5rmaske, der genopretter h\u00e5rets naturlige fugtbalance og tilf\u00f8jer glans og glans. Masken g\u00f8r h\u00e5ret bl\u00f8dt, silkebl\u00f8dt og nemt at h\u00e5ndtere. Beriget med Jojobaolie, Olivenolie og Arganolie.<br \/>Alle olier giver fugt og n\u00e6ring.<\/p>\n<p>Sulfat- og parabenfri<br \/>Veganer<br \/>Farvebevarelse<br \/>&nbsp;UV-beskyttende<\/p>\n","protected":false},"excerpt":{"rendered":"<p>Ellwo Moisturizing Masque er en fugtgivende h\u00e5rmaske, der genopretter h\u00e5rets naturlige fugtbalance og tilf\u00f8jer glans og glans. Masken g\u00f8r h\u00e5ret bl\u00f8dt, silkebl\u00f8dt og nemt at h\u00e5ndtere. Beriget med Jojobaolie, Olivenolie og Arganolie.Alle olier giver fugt og n\u00e6ring. Sulfat- og parabenfriVeganerFarvebevarelse&nbsp;UV-beskyttende<\/p>\n","protected":false},"featured_media":126484,"comment_status":"open","ping_status":"closed","template":"","meta":{"_trash_the_other_posts":false},"product_brand":[],"product_cat":[620],"product_tag":[],"berocket_brand":[1305],"class_list":{"0":"post-126490","1":"product","2":"type-product","3":"status-publish","4":"has-post-thumbnail","6":"product_cat-harin-pakning","7":"pa_brand-ellwo-professional","8":"berocket_brand-ellwo-professional","10":"first","11":"instock","12":"sale","13":"taxable","14":"shipping-taxable","15":"purchasable","16":"product-type-simple"},"_links":{"self":[{"href":"https:\/\/stylingagenten.com\/da\/wp-json\/wp\/v2\/product\/126490","targetHints":{"allow":["GET"]}}],"collection":[{"href":"https:\/\/stylingagenten.com\/da\/wp-json\/wp\/v2\/product"}],"about":[{"href":"https:\/\/stylingagenten.com\/da\/wp-json\/wp\/v2\/types\/product"}],"replies":[{"embeddable":true,"href":"https:\/\/stylingagenten.com\/da\/wp-json\/wp\/v2\/comments?post=126490"}],"version-history":[{"count":0,"href":"https:\/\/stylingagenten.com\/da\/wp-json\/wp\/v2\/product\/126490\/revisions"}],"wp:featuredmedia":[{"embeddable":true,"href":"https:\/\/stylingagenten.com\/da\/wp-json\/wp\/v2\/media\/126484"}],"wp:attachment":[{"href":"https:\/\/stylingagenten.com\/da\/wp-json\/wp\/v2\/media?parent=126490"}],"wp:term":[{"taxonomy":"product_brand","embeddable":true,"href":"https:\/\/stylingagenten.com\/da\/wp-json\/wp\/v2\/product_brand?post=126490"},{"taxonomy":"product_cat","embeddable":true,"href":"https:\/\/stylingagenten.com\/da\/wp-json\/wp\/v2\/product_cat?post=126490"},{"taxonomy":"product_tag","embeddable":true,"href":"https:\/\/stylingagenten.com\/da\/wp-json\/wp\/v2\/product_tag?post=126490"},{"taxonomy":"berocket_brand","embeddable":true,"href":"https:\/\/stylingagenten.com\/da\/wp-json\/wp\/v2\/berocket_brand?post=126490"}],"curies":[{"name":"wp","href":"https:\/\/api.w.org\/{rel}","templated":true}]}}