{"id":126473,"date":"2025-05-18T22:01:35","date_gmt":"2025-05-18T22:01:35","guid":{"rendered":"https:\/\/staging2.stylingagenten.com\/da\/produkt\/ida-warg-repair-mask-300ml\/"},"modified":"2026-03-11T21:49:02","modified_gmt":"2026-03-11T21:49:02","slug":"ida-warg-repair-mask-300ml","status":"publish","type":"product","link":"https:\/\/stylingagenten.com\/da\/produkt\/ida-warg-repair-mask-300ml\/","title":{"rendered":"Ida Warg Repair Mask 300ml"},"content":{"rendered":"<p>Ida Warg Repair Mask er en reparerende indpakning med algeekstrakt, der reparerer og sheasm\u00f8r, der hj\u00e6lper h\u00e5ret med at overleve. dens naturlige styrke og glans. P\u00e5f\u00f8r i nyvasket h\u00e5r efter behov og lad virke i 5-10 minutter. Skyl grundigt.<\/p>\n<p>grusomhedsfri, 100 % vegansk<\/p>\n","protected":false},"excerpt":{"rendered":"<p>Ida Warg Repair Mask er en reparerende indpakning med algeekstrakt, der reparerer og sheasm\u00f8r, der hj\u00e6lper h\u00e5ret med at overleve. dens naturlige styrke og glans. P\u00e5f\u00f8r i nyvasket h\u00e5r efter behov og lad virke i 5-10 minutter. Skyl grundigt. grusomhedsfri, 100 % vegansk<\/p>\n","protected":false},"featured_media":126466,"comment_status":"open","ping_status":"closed","template":"","meta":{"_trash_the_other_posts":false},"product_brand":[],"product_cat":[620],"product_tag":[],"berocket_brand":[1346],"class_list":{"0":"post-126473","1":"product","2":"type-product","3":"status-publish","4":"has-post-thumbnail","6":"product_cat-harin-pakning","7":"pa_brand-ida-warg","8":"berocket_brand-ida-warg","10":"first","11":"instock","12":"sale","13":"taxable","14":"shipping-taxable","15":"purchasable","16":"product-type-simple"},"_links":{"self":[{"href":"https:\/\/stylingagenten.com\/da\/wp-json\/wp\/v2\/product\/126473","targetHints":{"allow":["GET"]}}],"collection":[{"href":"https:\/\/stylingagenten.com\/da\/wp-json\/wp\/v2\/product"}],"about":[{"href":"https:\/\/stylingagenten.com\/da\/wp-json\/wp\/v2\/types\/product"}],"replies":[{"embeddable":true,"href":"https:\/\/stylingagenten.com\/da\/wp-json\/wp\/v2\/comments?post=126473"}],"version-history":[{"count":0,"href":"https:\/\/stylingagenten.com\/da\/wp-json\/wp\/v2\/product\/126473\/revisions"}],"wp:featuredmedia":[{"embeddable":true,"href":"https:\/\/stylingagenten.com\/da\/wp-json\/wp\/v2\/media\/126466"}],"wp:attachment":[{"href":"https:\/\/stylingagenten.com\/da\/wp-json\/wp\/v2\/media?parent=126473"}],"wp:term":[{"taxonomy":"product_brand","embeddable":true,"href":"https:\/\/stylingagenten.com\/da\/wp-json\/wp\/v2\/product_brand?post=126473"},{"taxonomy":"product_cat","embeddable":true,"href":"https:\/\/stylingagenten.com\/da\/wp-json\/wp\/v2\/product_cat?post=126473"},{"taxonomy":"product_tag","embeddable":true,"href":"https:\/\/stylingagenten.com\/da\/wp-json\/wp\/v2\/product_tag?post=126473"},{"taxonomy":"berocket_brand","embeddable":true,"href":"https:\/\/stylingagenten.com\/da\/wp-json\/wp\/v2\/berocket_brand?post=126473"}],"curies":[{"name":"wp","href":"https:\/\/api.w.org\/{rel}","templated":true}]}}