{"id":126386,"date":"2025-05-18T22:01:17","date_gmt":"2025-05-18T22:01:17","guid":{"rendered":"https:\/\/staging2.stylingagenten.com\/da\/produkt\/schwarzkopf-bc-repair-rescue-treatment-200ml\/"},"modified":"2026-04-06T08:08:44","modified_gmt":"2026-04-06T08:08:44","slug":"schwarzkopf-bc-repair-rescue-treatment-200ml","status":"publish","type":"product","link":"https:\/\/stylingagenten.com\/da\/produkt\/schwarzkopf-bc-repair-rescue-treatment-200ml\/","title":{"rendered":"Schwarzkopf BC Repair Rescue Treatment 200ml"},"content":{"rendered":"<p>BC Bonacure Repair Rescue Treatment er en genoprettende behandling til beskadiget h\u00e5r. Den afbalancerede koncentration af plejende ingredienser styrker beskadigede og sv\u00e6kkede omr\u00e5der af den ydre h\u00e5rstruktur, mens den reparerer den indre struktur for maksimal elasticitet med en langvarig effekt. Vegansk <\/p>\n<p>Brug: Fordel en lille m\u00e6ngde i h\u00e5ndkl\u00e6det\u00f8rt h\u00e5r og mass\u00e9r ind. Lad virke i op til ti minutter. Skyl ud. <\/p>\n<p>200 ml<\/p>\n","protected":false},"excerpt":{"rendered":"<p>BC Bonacure Repair Rescue Treatment er en genoprettende behandling til beskadiget h\u00e5r. Den afbalancerede koncentration af plejende ingredienser styrker beskadigede og sv\u00e6kkede omr\u00e5der af den ydre h\u00e5rstruktur, mens den reparerer den indre struktur for maksimal elasticitet med en langvarig effekt. Vegansk Brug: Fordel en lille m\u00e6ngde i h\u00e5ndkl\u00e6det\u00f8rt h\u00e5r og mass\u00e9r ind. Lad virke i [&hellip;]<\/p>\n","protected":false},"featured_media":126384,"comment_status":"open","ping_status":"closed","template":"","meta":{"_trash_the_other_posts":false},"product_brand":[],"product_cat":[620],"product_tag":[],"berocket_brand":[1060],"class_list":{"0":"post-126386","1":"product","2":"type-product","3":"status-publish","4":"has-post-thumbnail","6":"product_cat-harin-pakning","7":"pa_brand-schwarzkopf","8":"berocket_brand-schwarzkopf","10":"first","11":"outofstock","12":"sale","13":"taxable","14":"shipping-taxable","15":"purchasable","16":"product-type-simple"},"_links":{"self":[{"href":"https:\/\/stylingagenten.com\/da\/wp-json\/wp\/v2\/product\/126386","targetHints":{"allow":["GET"]}}],"collection":[{"href":"https:\/\/stylingagenten.com\/da\/wp-json\/wp\/v2\/product"}],"about":[{"href":"https:\/\/stylingagenten.com\/da\/wp-json\/wp\/v2\/types\/product"}],"replies":[{"embeddable":true,"href":"https:\/\/stylingagenten.com\/da\/wp-json\/wp\/v2\/comments?post=126386"}],"version-history":[{"count":0,"href":"https:\/\/stylingagenten.com\/da\/wp-json\/wp\/v2\/product\/126386\/revisions"}],"wp:featuredmedia":[{"embeddable":true,"href":"https:\/\/stylingagenten.com\/da\/wp-json\/wp\/v2\/media\/126384"}],"wp:attachment":[{"href":"https:\/\/stylingagenten.com\/da\/wp-json\/wp\/v2\/media?parent=126386"}],"wp:term":[{"taxonomy":"product_brand","embeddable":true,"href":"https:\/\/stylingagenten.com\/da\/wp-json\/wp\/v2\/product_brand?post=126386"},{"taxonomy":"product_cat","embeddable":true,"href":"https:\/\/stylingagenten.com\/da\/wp-json\/wp\/v2\/product_cat?post=126386"},{"taxonomy":"product_tag","embeddable":true,"href":"https:\/\/stylingagenten.com\/da\/wp-json\/wp\/v2\/product_tag?post=126386"},{"taxonomy":"berocket_brand","embeddable":true,"href":"https:\/\/stylingagenten.com\/da\/wp-json\/wp\/v2\/berocket_brand?post=126386"}],"curies":[{"name":"wp","href":"https:\/\/api.w.org\/{rel}","templated":true}]}}