{"id":126375,"date":"2025-05-18T22:01:14","date_gmt":"2025-05-18T22:01:14","guid":{"rendered":"https:\/\/staging2.stylingagenten.com\/da\/produkt\/rco-television-perfect-hair-masque-147ml\/"},"modified":"2026-03-11T21:58:52","modified_gmt":"2026-03-11T21:58:52","slug":"rco-television-perfect-hair-masque-147ml","status":"publish","type":"product","link":"https:\/\/stylingagenten.com\/da\/produkt\/rco-television-perfect-hair-masque-147ml\/","title":{"rendered":"R+Co Television Perfect Hair Masque 147ml"},"content":{"rendered":"<p>TELEVISION<br \/>PERFECT HAIR MASQUE<br \/>Forvandl t\u00f8rt, stylet og behandlet h\u00e5r med TELEVISION Perfect Hair Masque, der giver perfekt, billedsk\u00f8nt h\u00e5r. Denne h\u00e5rindpakning forbedrer elasticiteten dramatisk og g\u00f8r h\u00e5ret h\u00e5ndterbart, velegnet til alle h\u00e5rtyper. Betinger, fugter dybt og forhindrer krus.<\/p>\n<p>God til: Alle, der \u00f8nsker smukt, sundt og billedsk\u00f8nt h\u00e5r. Giver et boost af langvarig pleje og glans p\u00e5 f\u00e5 minutter.<\/p>\n<p>S\u00e5dan: Efter shampoo p\u00e5f\u00f8res og arbejdes gennem fugtigt h\u00e5r med ekstra fokus p\u00e5 spidserne. Lad virke i 2-5 minutter og skyl.<\/p>\n","protected":false},"excerpt":{"rendered":"<p>TELEVISIONPERFECT HAIR MASQUEForvandl t\u00f8rt, stylet og behandlet h\u00e5r med TELEVISION Perfect Hair Masque, der giver perfekt, billedsk\u00f8nt h\u00e5r. Denne h\u00e5rindpakning forbedrer elasticiteten dramatisk og g\u00f8r h\u00e5ret h\u00e5ndterbart, velegnet til alle h\u00e5rtyper. Betinger, fugter dybt og forhindrer krus. God til: Alle, der \u00f8nsker smukt, sundt og billedsk\u00f8nt h\u00e5r. Giver et boost af langvarig pleje og glans [&hellip;]<\/p>\n","protected":false},"featured_media":126374,"comment_status":"open","ping_status":"closed","template":"","meta":{"_trash_the_other_posts":false},"product_brand":[],"product_cat":[620],"product_tag":[],"berocket_brand":[1373],"class_list":{"0":"post-126375","1":"product","2":"type-product","3":"status-publish","4":"has-post-thumbnail","6":"product_cat-harin-pakning","7":"pa_brand-rco","8":"berocket_brand-rco","10":"first","11":"instock","12":"sale","13":"taxable","14":"shipping-taxable","15":"purchasable","16":"product-type-simple"},"_links":{"self":[{"href":"https:\/\/stylingagenten.com\/da\/wp-json\/wp\/v2\/product\/126375","targetHints":{"allow":["GET"]}}],"collection":[{"href":"https:\/\/stylingagenten.com\/da\/wp-json\/wp\/v2\/product"}],"about":[{"href":"https:\/\/stylingagenten.com\/da\/wp-json\/wp\/v2\/types\/product"}],"replies":[{"embeddable":true,"href":"https:\/\/stylingagenten.com\/da\/wp-json\/wp\/v2\/comments?post=126375"}],"version-history":[{"count":0,"href":"https:\/\/stylingagenten.com\/da\/wp-json\/wp\/v2\/product\/126375\/revisions"}],"wp:featuredmedia":[{"embeddable":true,"href":"https:\/\/stylingagenten.com\/da\/wp-json\/wp\/v2\/media\/126374"}],"wp:attachment":[{"href":"https:\/\/stylingagenten.com\/da\/wp-json\/wp\/v2\/media?parent=126375"}],"wp:term":[{"taxonomy":"product_brand","embeddable":true,"href":"https:\/\/stylingagenten.com\/da\/wp-json\/wp\/v2\/product_brand?post=126375"},{"taxonomy":"product_cat","embeddable":true,"href":"https:\/\/stylingagenten.com\/da\/wp-json\/wp\/v2\/product_cat?post=126375"},{"taxonomy":"product_tag","embeddable":true,"href":"https:\/\/stylingagenten.com\/da\/wp-json\/wp\/v2\/product_tag?post=126375"},{"taxonomy":"berocket_brand","embeddable":true,"href":"https:\/\/stylingagenten.com\/da\/wp-json\/wp\/v2\/berocket_brand?post=126375"}],"curies":[{"name":"wp","href":"https:\/\/api.w.org\/{rel}","templated":true}]}}