{"id":126368,"date":"2025-05-18T22:01:12","date_gmt":"2025-05-18T22:01:12","guid":{"rendered":"https:\/\/staging2.stylingagenten.com\/da\/produkt\/revlon-uniq-one-superior-hair-mask-300ml\/"},"modified":"2026-04-10T05:18:31","modified_gmt":"2026-04-10T05:18:31","slug":"revlon-uniq-one-superior-hair-mask-300ml","status":"publish","type":"product","link":"https:\/\/stylingagenten.com\/da\/produkt\/revlon-uniq-one-superior-hair-mask-300ml\/","title":{"rendered":"Revlon Uniq One Superior Hair Mask 300ml"},"content":{"rendered":"<p><span style=\"font-size: 11.0pt;line-height: 107%;font-family: 'Calibri',sans-serif\">Uniq One \u200b\u200b\u200b\u200bSuperior Hair Mask er noget helt s\u00e6rligt. En fugtgivende indpakning, der virker p\u00e5 dybden og giver h\u00e5ret ny glans og styrke. Uniq One \u200b\u200b\u200b\u200bSuperior Hair Mask har en bl\u00f8d og silkeagtig tekstur, der absorberes effektivt i fugtigt h\u00e5r.<\/p>\n<p>&nbsp;Denne indpakning virker hurtigt: du skyller ud af indpakningen efter kun 3 minutter!<\/span><\/p>\n","protected":false},"excerpt":{"rendered":"<p>Uniq One \u200b\u200b\u200b\u200bSuperior Hair Mask er noget helt s\u00e6rligt. En fugtgivende indpakning, der virker p\u00e5 dybden og giver h\u00e5ret ny glans og styrke. Uniq One \u200b\u200b\u200b\u200bSuperior Hair Mask har en bl\u00f8d og silkeagtig tekstur, der absorberes effektivt i fugtigt h\u00e5r. &nbsp;Denne indpakning virker hurtigt: du skyller ud af indpakningen efter kun 3 minutter!<\/p>\n","protected":false},"featured_media":126360,"comment_status":"open","ping_status":"closed","template":"","meta":{"_trash_the_other_posts":false},"product_brand":[],"product_cat":[620],"product_tag":[],"berocket_brand":[1040],"class_list":{"0":"post-126368","1":"product","2":"type-product","3":"status-publish","4":"has-post-thumbnail","6":"product_cat-harin-pakning","7":"pa_brand-revlon","8":"berocket_brand-revlon","10":"first","11":"instock","12":"sale","13":"taxable","14":"shipping-taxable","15":"purchasable","16":"product-type-simple"},"_links":{"self":[{"href":"https:\/\/stylingagenten.com\/da\/wp-json\/wp\/v2\/product\/126368","targetHints":{"allow":["GET"]}}],"collection":[{"href":"https:\/\/stylingagenten.com\/da\/wp-json\/wp\/v2\/product"}],"about":[{"href":"https:\/\/stylingagenten.com\/da\/wp-json\/wp\/v2\/types\/product"}],"replies":[{"embeddable":true,"href":"https:\/\/stylingagenten.com\/da\/wp-json\/wp\/v2\/comments?post=126368"}],"version-history":[{"count":0,"href":"https:\/\/stylingagenten.com\/da\/wp-json\/wp\/v2\/product\/126368\/revisions"}],"wp:featuredmedia":[{"embeddable":true,"href":"https:\/\/stylingagenten.com\/da\/wp-json\/wp\/v2\/media\/126360"}],"wp:attachment":[{"href":"https:\/\/stylingagenten.com\/da\/wp-json\/wp\/v2\/media?parent=126368"}],"wp:term":[{"taxonomy":"product_brand","embeddable":true,"href":"https:\/\/stylingagenten.com\/da\/wp-json\/wp\/v2\/product_brand?post=126368"},{"taxonomy":"product_cat","embeddable":true,"href":"https:\/\/stylingagenten.com\/da\/wp-json\/wp\/v2\/product_cat?post=126368"},{"taxonomy":"product_tag","embeddable":true,"href":"https:\/\/stylingagenten.com\/da\/wp-json\/wp\/v2\/product_tag?post=126368"},{"taxonomy":"berocket_brand","embeddable":true,"href":"https:\/\/stylingagenten.com\/da\/wp-json\/wp\/v2\/berocket_brand?post=126368"}],"curies":[{"name":"wp","href":"https:\/\/api.w.org\/{rel}","templated":true}]}}