{"id":126323,"date":"2025-05-18T22:01:03","date_gmt":"2025-05-18T22:01:03","guid":{"rendered":"https:\/\/staging2.stylingagenten.com\/da\/produkt\/orofluido-radiance-argan-mask-250ml\/"},"modified":"2026-03-29T17:37:32","modified_gmt":"2026-03-29T17:37:32","slug":"orofluido-radiance-argan-mask-250ml","status":"publish","type":"product","link":"https:\/\/stylingagenten.com\/da\/produkt\/orofluido-radiance-argan-mask-250ml\/","title":{"rendered":"Orofluido Radiance Argan Mask 250ml"},"content":{"rendered":"<p>Revlon Orofluido Radiance Argan Mask er en reparerende h\u00e5rmaske, der giver h\u00e5ret et sundt og skinnende look. H\u00e5rmasken tr\u00e6nger dybt ind i h\u00e5rfibrene, med dens intensive fugtgivende og genoprettende egenskaber, og n\u00e6rer, bl\u00f8dg\u00f8r og udglatter h\u00e5ret, samt forhindrer spaltede spidser.<\/p>\n<p>Derudover er Revlon Orofluido Radiance Argan Mask beriget med koldpresset arganolie, som virker styrkende og efterlader h\u00e5ret silkebl\u00f8dt.<\/p>\n<p>H\u00e5rmasken har en fantastisk, delikat duft af Orofluidos signaturduft, som tager dig med ind i et fascinerende orientalsk duftunivers.<\/p>\n","protected":false},"excerpt":{"rendered":"<p>Revlon Orofluido Radiance Argan Mask er en reparerende h\u00e5rmaske, der giver h\u00e5ret et sundt og skinnende look. H\u00e5rmasken tr\u00e6nger dybt ind i h\u00e5rfibrene, med dens intensive fugtgivende og genoprettende egenskaber, og n\u00e6rer, bl\u00f8dg\u00f8r og udglatter h\u00e5ret, samt forhindrer spaltede spidser. Derudover er Revlon Orofluido Radiance Argan Mask beriget med koldpresset arganolie, som virker styrkende og [&hellip;]<\/p>\n","protected":false},"featured_media":126322,"comment_status":"open","ping_status":"closed","template":"","meta":{"_trash_the_other_posts":false},"product_brand":[],"product_cat":[620],"product_tag":[3734],"berocket_brand":[1045],"class_list":{"0":"post-126323","1":"product","2":"type-product","3":"status-publish","4":"has-post-thumbnail","6":"product_cat-harin-pakning","7":"product_tag-orofluido-radiance-argan-mask","8":"pa_brand-orofluido","9":"pa_variant-250ml","10":"berocket_brand-orofluido","12":"first","13":"instock","14":"sale","15":"taxable","16":"shipping-taxable","17":"purchasable","18":"product-type-simple"},"_links":{"self":[{"href":"https:\/\/stylingagenten.com\/da\/wp-json\/wp\/v2\/product\/126323","targetHints":{"allow":["GET"]}}],"collection":[{"href":"https:\/\/stylingagenten.com\/da\/wp-json\/wp\/v2\/product"}],"about":[{"href":"https:\/\/stylingagenten.com\/da\/wp-json\/wp\/v2\/types\/product"}],"replies":[{"embeddable":true,"href":"https:\/\/stylingagenten.com\/da\/wp-json\/wp\/v2\/comments?post=126323"}],"version-history":[{"count":0,"href":"https:\/\/stylingagenten.com\/da\/wp-json\/wp\/v2\/product\/126323\/revisions"}],"wp:featuredmedia":[{"embeddable":true,"href":"https:\/\/stylingagenten.com\/da\/wp-json\/wp\/v2\/media\/126322"}],"wp:attachment":[{"href":"https:\/\/stylingagenten.com\/da\/wp-json\/wp\/v2\/media?parent=126323"}],"wp:term":[{"taxonomy":"product_brand","embeddable":true,"href":"https:\/\/stylingagenten.com\/da\/wp-json\/wp\/v2\/product_brand?post=126323"},{"taxonomy":"product_cat","embeddable":true,"href":"https:\/\/stylingagenten.com\/da\/wp-json\/wp\/v2\/product_cat?post=126323"},{"taxonomy":"product_tag","embeddable":true,"href":"https:\/\/stylingagenten.com\/da\/wp-json\/wp\/v2\/product_tag?post=126323"},{"taxonomy":"berocket_brand","embeddable":true,"href":"https:\/\/stylingagenten.com\/da\/wp-json\/wp\/v2\/berocket_brand?post=126323"}],"curies":[{"name":"wp","href":"https:\/\/api.w.org\/{rel}","templated":true}]}}