{"id":126279,"date":"2025-05-18T22:00:56","date_gmt":"2025-05-18T22:00:56","guid":{"rendered":"https:\/\/staging2.stylingagenten.com\/da\/produkt\/maria-nila-sheer-silver-masque-250ml\/"},"modified":"2026-03-11T21:59:25","modified_gmt":"2026-03-11T21:59:25","slug":"maria-nila-sheer-silver-masque-250ml","status":"publish","type":"product","link":"https:\/\/stylingagenten.com\/da\/produkt\/maria-nila-sheer-silver-masque-250ml\/","title":{"rendered":"Maria Nila Sheer Silver Masque 250ml"},"content":{"rendered":"<p>En fugtgivende h\u00e5rindpakning med violette pigmenter designet til at neutralisere gyldne toner i naturligt og farvet blond, hvidt og gr\u00e5t h\u00e5r. Blackberry ekstrakt tilf\u00f8jer glans og glans for at tilf\u00f8je liv til din h\u00e5rfarve og fremh\u00e6ver k\u00f8lige toner fra de violette pigmenter. Sheer Silver Masque har en frugtig og blomstret duft af jasmin, appelsin og grapefrugt. Farvebevarelse Color Guard Complex beskytter dit h\u00e5r mod UV-str\u00e5ling og frie radikaler.<\/p>\n","protected":false},"excerpt":{"rendered":"<p>En fugtgivende h\u00e5rindpakning med violette pigmenter designet til at neutralisere gyldne toner i naturligt og farvet blond, hvidt og gr\u00e5t h\u00e5r. Blackberry ekstrakt tilf\u00f8jer glans og glans for at tilf\u00f8je liv til din h\u00e5rfarve og fremh\u00e6ver k\u00f8lige toner fra de violette pigmenter. Sheer Silver Masque har en frugtig og blomstret duft af jasmin, appelsin og [&hellip;]<\/p>\n","protected":false},"featured_media":126276,"comment_status":"open","ping_status":"closed","template":"","meta":{"_trash_the_other_posts":false},"product_brand":[],"product_cat":[620],"product_tag":[],"berocket_brand":[1388],"class_list":{"0":"post-126279","1":"product","2":"type-product","3":"status-publish","4":"has-post-thumbnail","6":"product_cat-harin-pakning","7":"pa_brand-maria-nila","8":"berocket_brand-maria-nila","10":"first","11":"instock","12":"sale","13":"taxable","14":"shipping-taxable","15":"purchasable","16":"product-type-simple"},"_links":{"self":[{"href":"https:\/\/stylingagenten.com\/da\/wp-json\/wp\/v2\/product\/126279","targetHints":{"allow":["GET"]}}],"collection":[{"href":"https:\/\/stylingagenten.com\/da\/wp-json\/wp\/v2\/product"}],"about":[{"href":"https:\/\/stylingagenten.com\/da\/wp-json\/wp\/v2\/types\/product"}],"replies":[{"embeddable":true,"href":"https:\/\/stylingagenten.com\/da\/wp-json\/wp\/v2\/comments?post=126279"}],"version-history":[{"count":0,"href":"https:\/\/stylingagenten.com\/da\/wp-json\/wp\/v2\/product\/126279\/revisions"}],"wp:featuredmedia":[{"embeddable":true,"href":"https:\/\/stylingagenten.com\/da\/wp-json\/wp\/v2\/media\/126276"}],"wp:attachment":[{"href":"https:\/\/stylingagenten.com\/da\/wp-json\/wp\/v2\/media?parent=126279"}],"wp:term":[{"taxonomy":"product_brand","embeddable":true,"href":"https:\/\/stylingagenten.com\/da\/wp-json\/wp\/v2\/product_brand?post=126279"},{"taxonomy":"product_cat","embeddable":true,"href":"https:\/\/stylingagenten.com\/da\/wp-json\/wp\/v2\/product_cat?post=126279"},{"taxonomy":"product_tag","embeddable":true,"href":"https:\/\/stylingagenten.com\/da\/wp-json\/wp\/v2\/product_tag?post=126279"},{"taxonomy":"berocket_brand","embeddable":true,"href":"https:\/\/stylingagenten.com\/da\/wp-json\/wp\/v2\/berocket_brand?post=126279"}],"curies":[{"name":"wp","href":"https:\/\/api.w.org\/{rel}","templated":true}]}}