{"id":126238,"date":"2025-05-18T22:00:47","date_gmt":"2025-05-18T22:00:47","guid":{"rendered":"https:\/\/staging2.stylingagenten.com\/da\/produkt\/loreal-professionnel-curl-expression-cream-in-jelly-250ml\/"},"modified":"2026-03-29T20:18:45","modified_gmt":"2026-03-29T20:18:45","slug":"loreal-professionnel-curl-expression-cream-in-jelly-250ml","status":"publish","type":"product","link":"https:\/\/stylingagenten.com\/da\/produkt\/loreal-professionnel-curl-expression-cream-in-jelly-250ml\/","title":{"rendered":"L&#8217;Oreal Professionnel Curl Expression Cream in Jelly 250ml"},"content":{"rendered":"<p>L&#8217;Oreal Professionnel Curl Expression Cream i Jelly 250ml<br \/>L&#8217;Or\u00e9al Professionnel Serie Expert Curl Expression Cream-in-Jelly Definition Activator Leave-in, til alle typer kr\u00f8llet og kr\u00f8llet h\u00e5r. Beriget med glycerin 2%, Urea H og hibiscusfr\u00f8ekstrakt definerer denne formel m\u00f8nsteret og aktiverer kr\u00f8ller. De bliver veldefinerede og frizz-fri*. Varmebeskyttelse op til 230\u00b0.<\/p>\n","protected":false},"excerpt":{"rendered":"<p>L&#8217;Oreal Professionnel Curl Expression Cream i Jelly 250mlL&#8217;Or\u00e9al Professionnel Serie Expert Curl Expression Cream-in-Jelly Definition Activator Leave-in, til alle typer kr\u00f8llet og kr\u00f8llet h\u00e5r. Beriget med glycerin 2%, Urea H og hibiscusfr\u00f8ekstrakt definerer denne formel m\u00f8nsteret og aktiverer kr\u00f8ller. De bliver veldefinerede og frizz-fri*. Varmebeskyttelse op til 230\u00b0.<\/p>\n","protected":false},"featured_media":126235,"comment_status":"open","ping_status":"closed","template":"","meta":{"_trash_the_other_posts":false},"product_brand":[],"product_cat":[546],"product_tag":[],"berocket_brand":[2000],"class_list":{"0":"post-126238","1":"product","2":"type-product","3":"status-publish","4":"has-post-thumbnail","6":"product_cat-harstyling","7":"pa_brand-loreal-paris","8":"berocket_brand-loreal-paris","10":"first","11":"instock","12":"sale","13":"taxable","14":"shipping-taxable","15":"purchasable","16":"product-type-simple"},"_links":{"self":[{"href":"https:\/\/stylingagenten.com\/da\/wp-json\/wp\/v2\/product\/126238","targetHints":{"allow":["GET"]}}],"collection":[{"href":"https:\/\/stylingagenten.com\/da\/wp-json\/wp\/v2\/product"}],"about":[{"href":"https:\/\/stylingagenten.com\/da\/wp-json\/wp\/v2\/types\/product"}],"replies":[{"embeddable":true,"href":"https:\/\/stylingagenten.com\/da\/wp-json\/wp\/v2\/comments?post=126238"}],"version-history":[{"count":0,"href":"https:\/\/stylingagenten.com\/da\/wp-json\/wp\/v2\/product\/126238\/revisions"}],"wp:featuredmedia":[{"embeddable":true,"href":"https:\/\/stylingagenten.com\/da\/wp-json\/wp\/v2\/media\/126235"}],"wp:attachment":[{"href":"https:\/\/stylingagenten.com\/da\/wp-json\/wp\/v2\/media?parent=126238"}],"wp:term":[{"taxonomy":"product_brand","embeddable":true,"href":"https:\/\/stylingagenten.com\/da\/wp-json\/wp\/v2\/product_brand?post=126238"},{"taxonomy":"product_cat","embeddable":true,"href":"https:\/\/stylingagenten.com\/da\/wp-json\/wp\/v2\/product_cat?post=126238"},{"taxonomy":"product_tag","embeddable":true,"href":"https:\/\/stylingagenten.com\/da\/wp-json\/wp\/v2\/product_tag?post=126238"},{"taxonomy":"berocket_brand","embeddable":true,"href":"https:\/\/stylingagenten.com\/da\/wp-json\/wp\/v2\/berocket_brand?post=126238"}],"curies":[{"name":"wp","href":"https:\/\/api.w.org\/{rel}","templated":true}]}}