{"id":126224,"date":"2025-05-18T22:00:44","date_gmt":"2025-05-18T22:00:44","guid":{"rendered":"https:\/\/staging2.stylingagenten.com\/da\/produkt\/eleven-australia-keep-my-colour-treatment-blonde-200ml\/"},"modified":"2026-03-16T13:47:48","modified_gmt":"2026-03-16T13:47:48","slug":"eleven-australia-keep-my-colour-treatment-blonde-200ml","status":"publish","type":"product","link":"https:\/\/stylingagenten.com\/da\/produkt\/eleven-australia-keep-my-colour-treatment-blonde-200ml\/","title":{"rendered":"Eleven Australia Keep My Colour Treatment Blonde 200ml"},"content":{"rendered":"<p>Farvekorrigerende indpakning, der forst\u00e6rker k\u00f8lige toner. Olie fra macadamian\u00f8d giver en dejlig glans og glans. Til farvet og naturligt h\u00e5r. Emballage af genanvendeligt materiale.<\/p>\n","protected":false},"excerpt":{"rendered":"<p>Farvekorrigerende indpakning, der forst\u00e6rker k\u00f8lige toner. Olie fra macadamian\u00f8d giver en dejlig glans og glans. Til farvet og naturligt h\u00e5r. Emballage af genanvendeligt materiale.<\/p>\n","protected":false},"featured_media":126194,"comment_status":"open","ping_status":"closed","template":"","meta":{"_trash_the_other_posts":false},"product_brand":[],"product_cat":[620],"product_tag":[],"berocket_brand":[1386],"class_list":{"0":"post-126224","1":"product","2":"type-product","3":"status-publish","4":"has-post-thumbnail","6":"product_cat-harin-pakning","7":"pa_brand-eleven-australia","8":"berocket_brand-eleven-australia","10":"first","11":"instock","12":"sale","13":"taxable","14":"shipping-taxable","15":"purchasable","16":"product-type-simple"},"_links":{"self":[{"href":"https:\/\/stylingagenten.com\/da\/wp-json\/wp\/v2\/product\/126224","targetHints":{"allow":["GET"]}}],"collection":[{"href":"https:\/\/stylingagenten.com\/da\/wp-json\/wp\/v2\/product"}],"about":[{"href":"https:\/\/stylingagenten.com\/da\/wp-json\/wp\/v2\/types\/product"}],"replies":[{"embeddable":true,"href":"https:\/\/stylingagenten.com\/da\/wp-json\/wp\/v2\/comments?post=126224"}],"version-history":[{"count":0,"href":"https:\/\/stylingagenten.com\/da\/wp-json\/wp\/v2\/product\/126224\/revisions"}],"wp:featuredmedia":[{"embeddable":true,"href":"https:\/\/stylingagenten.com\/da\/wp-json\/wp\/v2\/media\/126194"}],"wp:attachment":[{"href":"https:\/\/stylingagenten.com\/da\/wp-json\/wp\/v2\/media?parent=126224"}],"wp:term":[{"taxonomy":"product_brand","embeddable":true,"href":"https:\/\/stylingagenten.com\/da\/wp-json\/wp\/v2\/product_brand?post=126224"},{"taxonomy":"product_cat","embeddable":true,"href":"https:\/\/stylingagenten.com\/da\/wp-json\/wp\/v2\/product_cat?post=126224"},{"taxonomy":"product_tag","embeddable":true,"href":"https:\/\/stylingagenten.com\/da\/wp-json\/wp\/v2\/product_tag?post=126224"},{"taxonomy":"berocket_brand","embeddable":true,"href":"https:\/\/stylingagenten.com\/da\/wp-json\/wp\/v2\/berocket_brand?post=126224"}],"curies":[{"name":"wp","href":"https:\/\/api.w.org\/{rel}","templated":true}]}}