{"id":126181,"date":"2025-05-18T22:00:38","date_gmt":"2025-05-18T22:00:38","guid":{"rendered":"https:\/\/staging2.stylingagenten.com\/da\/produkt\/paul-mitchell-awapuhi-wild-ginger-hydrasoft-glossing-treatment-236ml\/"},"modified":"2026-04-08T15:29:34","modified_gmt":"2026-04-08T15:29:34","slug":"paul-mitchell-awapuhi-wild-ginger-hydrasoft-glossing-treatment-236ml","status":"publish","type":"product","link":"https:\/\/stylingagenten.com\/da\/produkt\/paul-mitchell-awapuhi-wild-ginger-hydrasoft-glossing-treatment-236ml\/","title":{"rendered":"Paul Mitchell Awapuhi Wild Ginger HydraSoft Glossing Treatment 236ml"},"content":{"rendered":"<p>Transform\u00e9r dit h\u00e5r med uovertruffen bl\u00f8dhed og glans uden at tynge det ned med Paul Mitchell Awapuhi Wild Ginger HydraSoft Glossing Treatment. Denne luksuri\u00f8se behandling er designet til at give dit h\u00e5r en str\u00e5lende finish og optimal dyb pleje.<\/p>\n<p>HydraSoft Glossing Treatment indeholder den revolutionerende HydraTriplex\u2122-blanding, som best\u00e5r af aminosyrer, vegetabilsk protein og n\u00e6rende olier. Denne unikke kombination fugter, binder og forsegler h\u00e5ret i dybden, hvilket resulterer i langvarig glans og bl\u00f8dhed. Beriget med hyaluronsyre, vegansk kollagen og planteekstrakter giver denne behandling let fugt og balancerer por\u00f8siteten fra rod til spids for en silkeagtig finish.<\/p>\n<p>S\u00e5dan g\u00f8r du:<br \/>\n<br \/>Shampoo dit h\u00e5r: Start med at vaske dit h\u00e5r grundigt med din yndlingsshampoo og skyl.<br \/>\n<br \/>P\u00e5f\u00f8r Glossing Treatment: P\u00e5f\u00f8r behandlingen i h\u00e5ret og lad den virke i 10-15 sekunder. Start gerne i spidserne og arbejd dig opad.<br \/>\n<br \/>Skyl ud: Skyl h\u00e5ret grundigt.<br \/>\n<br \/>Afslut med balsam: For bedste resultat, afslut med din yndlingsbalsam fra Paul Mitchell.<\/p>\n<p>Du kan f\u00f8le en let varmende fornemmelse, mens behandlingen virker.<\/p>\n<p>236 ml<\/p>\n","protected":false},"excerpt":{"rendered":"<p>Transform\u00e9r dit h\u00e5r med uovertruffen bl\u00f8dhed og glans uden at tynge det ned med Paul Mitchell Awapuhi Wild Ginger HydraSoft Glossing Treatment. Denne luksuri\u00f8se behandling er designet til at give dit h\u00e5r en str\u00e5lende finish og optimal dyb pleje. HydraSoft Glossing Treatment indeholder den revolutionerende HydraTriplex\u2122-blanding, som best\u00e5r af aminosyrer, vegetabilsk protein og n\u00e6rende olier. [&hellip;]<\/p>\n","protected":false},"featured_media":126152,"comment_status":"open","ping_status":"closed","template":"","meta":{"_trash_the_other_posts":false},"product_brand":[],"product_cat":[620],"product_tag":[],"berocket_brand":[1053],"class_list":{"0":"post-126181","1":"product","2":"type-product","3":"status-publish","4":"has-post-thumbnail","6":"product_cat-harin-pakning","7":"pa_brand-paul-mitchell","8":"berocket_brand-paul-mitchell","10":"first","11":"outofstock","12":"sale","13":"taxable","14":"shipping-taxable","15":"purchasable","16":"product-type-simple"},"_links":{"self":[{"href":"https:\/\/stylingagenten.com\/da\/wp-json\/wp\/v2\/product\/126181","targetHints":{"allow":["GET"]}}],"collection":[{"href":"https:\/\/stylingagenten.com\/da\/wp-json\/wp\/v2\/product"}],"about":[{"href":"https:\/\/stylingagenten.com\/da\/wp-json\/wp\/v2\/types\/product"}],"replies":[{"embeddable":true,"href":"https:\/\/stylingagenten.com\/da\/wp-json\/wp\/v2\/comments?post=126181"}],"version-history":[{"count":0,"href":"https:\/\/stylingagenten.com\/da\/wp-json\/wp\/v2\/product\/126181\/revisions"}],"wp:featuredmedia":[{"embeddable":true,"href":"https:\/\/stylingagenten.com\/da\/wp-json\/wp\/v2\/media\/126152"}],"wp:attachment":[{"href":"https:\/\/stylingagenten.com\/da\/wp-json\/wp\/v2\/media?parent=126181"}],"wp:term":[{"taxonomy":"product_brand","embeddable":true,"href":"https:\/\/stylingagenten.com\/da\/wp-json\/wp\/v2\/product_brand?post=126181"},{"taxonomy":"product_cat","embeddable":true,"href":"https:\/\/stylingagenten.com\/da\/wp-json\/wp\/v2\/product_cat?post=126181"},{"taxonomy":"product_tag","embeddable":true,"href":"https:\/\/stylingagenten.com\/da\/wp-json\/wp\/v2\/product_tag?post=126181"},{"taxonomy":"berocket_brand","embeddable":true,"href":"https:\/\/stylingagenten.com\/da\/wp-json\/wp\/v2\/berocket_brand?post=126181"}],"curies":[{"name":"wp","href":"https:\/\/api.w.org\/{rel}","templated":true}]}}