{"id":126129,"date":"2025-05-18T22:00:30","date_gmt":"2025-05-18T22:00:30","guid":{"rendered":"https:\/\/staging2.stylingagenten.com\/da\/produkt\/bjork-laga-repair-treatment-200ml\/"},"modified":"2026-03-16T09:30:51","modified_gmt":"2026-03-16T09:30:51","slug":"bjork-laga-repair-treatment-200ml","status":"publish","type":"product","link":"https:\/\/stylingagenten.com\/da\/produkt\/bjork-laga-repair-treatment-200ml\/","title":{"rendered":"Bj\u00f6rk LAGA Repair Treatment 200ml"},"content":{"rendered":"<p>Bj\u00f6rk LAGA Repair Treatment er en intensivt reparerende behandling til skadet, t\u00f8rt og kemisk behandlet h\u00e5r. Med reparerende alge- og birkeekstrakt til at forbedre h\u00e5rkvaliteten, forebygge krus, give glans og skabe en beroligende effekt p\u00e5 hovedbunden.<\/p>\n<p>Duft: Frisk og blomsterduft med hint af bergamot.<\/p>\n<p>200 ml<br \/><\/p>\n","protected":false},"excerpt":{"rendered":"<p>Bj\u00f6rk LAGA Repair Treatment er en intensivt reparerende behandling til skadet, t\u00f8rt og kemisk behandlet h\u00e5r. Med reparerende alge- og birkeekstrakt til at forbedre h\u00e5rkvaliteten, forebygge krus, give glans og skabe en beroligende effekt p\u00e5 hovedbunden. Duft: Frisk og blomsterduft med hint af bergamot. 200 ml<\/p>\n","protected":false},"featured_media":126128,"comment_status":"open","ping_status":"closed","template":"","meta":{"_trash_the_other_posts":false},"product_brand":[],"product_cat":[620],"product_tag":[2569],"berocket_brand":[1418],"class_list":{"0":"post-126129","1":"product","2":"type-product","3":"status-publish","4":"has-post-thumbnail","6":"product_cat-harin-pakning","7":"product_tag-bjork-laga-repair-treatment","8":"pa_brand-bjork","9":"pa_variant-200ml","10":"berocket_brand-bjork","12":"first","13":"instock","14":"sale","15":"taxable","16":"shipping-taxable","17":"purchasable","18":"product-type-simple"},"_links":{"self":[{"href":"https:\/\/stylingagenten.com\/da\/wp-json\/wp\/v2\/product\/126129","targetHints":{"allow":["GET"]}}],"collection":[{"href":"https:\/\/stylingagenten.com\/da\/wp-json\/wp\/v2\/product"}],"about":[{"href":"https:\/\/stylingagenten.com\/da\/wp-json\/wp\/v2\/types\/product"}],"replies":[{"embeddable":true,"href":"https:\/\/stylingagenten.com\/da\/wp-json\/wp\/v2\/comments?post=126129"}],"version-history":[{"count":0,"href":"https:\/\/stylingagenten.com\/da\/wp-json\/wp\/v2\/product\/126129\/revisions"}],"wp:featuredmedia":[{"embeddable":true,"href":"https:\/\/stylingagenten.com\/da\/wp-json\/wp\/v2\/media\/126128"}],"wp:attachment":[{"href":"https:\/\/stylingagenten.com\/da\/wp-json\/wp\/v2\/media?parent=126129"}],"wp:term":[{"taxonomy":"product_brand","embeddable":true,"href":"https:\/\/stylingagenten.com\/da\/wp-json\/wp\/v2\/product_brand?post=126129"},{"taxonomy":"product_cat","embeddable":true,"href":"https:\/\/stylingagenten.com\/da\/wp-json\/wp\/v2\/product_cat?post=126129"},{"taxonomy":"product_tag","embeddable":true,"href":"https:\/\/stylingagenten.com\/da\/wp-json\/wp\/v2\/product_tag?post=126129"},{"taxonomy":"berocket_brand","embeddable":true,"href":"https:\/\/stylingagenten.com\/da\/wp-json\/wp\/v2\/berocket_brand?post=126129"}],"curies":[{"name":"wp","href":"https:\/\/api.w.org\/{rel}","templated":true}]}}