{"id":126124,"date":"2025-05-18T22:00:29","date_gmt":"2025-05-18T22:00:29","guid":{"rendered":"https:\/\/staging2.stylingagenten.com\/da\/produkt\/milk_shake-integrity-rebuilder-500ml\/"},"modified":"2026-03-24T16:08:06","modified_gmt":"2026-03-24T16:08:06","slug":"milk_shake-integrity-rebuilder-500ml","status":"publish","type":"product","link":"https:\/\/stylingagenten.com\/da\/produkt\/milk_shake-integrity-rebuilder-500ml\/","title":{"rendered":"Milk_Shake Integrity Rebuilder 500ml"},"content":{"rendered":"<p>Milk_Shake Integrity Rebuilder er en n\u00e6rende h\u00e5rkur til skadet h\u00e5r. Dens formulering er beriget med naturlig keratin, proteiner og aminosyrer. Disse vidunderlige ingredienser tr\u00e6nger dybt ind i h\u00e5rstrukturen og n\u00e6rer h\u00e5ret indefra og ud.<\/p>\n<p>500 ml<\/p>\n","protected":false},"excerpt":{"rendered":"<p>Milk_Shake Integrity Rebuilder er en n\u00e6rende h\u00e5rkur til skadet h\u00e5r. Dens formulering er beriget med naturlig keratin, proteiner og aminosyrer. Disse vidunderlige ingredienser tr\u00e6nger dybt ind i h\u00e5rstrukturen og n\u00e6rer h\u00e5ret indefra og ud. 500 ml<\/p>\n","protected":false},"featured_media":126123,"comment_status":"open","ping_status":"closed","template":"","meta":{"_trash_the_other_posts":false},"product_brand":[],"product_cat":[620],"product_tag":[],"berocket_brand":[1085],"class_list":{"0":"post-126124","1":"product","2":"type-product","3":"status-publish","4":"has-post-thumbnail","6":"product_cat-harin-pakning","7":"pa_brand-milk_shake","8":"berocket_brand-milk_shake","10":"first","11":"instock","12":"sale","13":"taxable","14":"shipping-taxable","15":"purchasable","16":"product-type-simple"},"_links":{"self":[{"href":"https:\/\/stylingagenten.com\/da\/wp-json\/wp\/v2\/product\/126124","targetHints":{"allow":["GET"]}}],"collection":[{"href":"https:\/\/stylingagenten.com\/da\/wp-json\/wp\/v2\/product"}],"about":[{"href":"https:\/\/stylingagenten.com\/da\/wp-json\/wp\/v2\/types\/product"}],"replies":[{"embeddable":true,"href":"https:\/\/stylingagenten.com\/da\/wp-json\/wp\/v2\/comments?post=126124"}],"version-history":[{"count":0,"href":"https:\/\/stylingagenten.com\/da\/wp-json\/wp\/v2\/product\/126124\/revisions"}],"wp:featuredmedia":[{"embeddable":true,"href":"https:\/\/stylingagenten.com\/da\/wp-json\/wp\/v2\/media\/126123"}],"wp:attachment":[{"href":"https:\/\/stylingagenten.com\/da\/wp-json\/wp\/v2\/media?parent=126124"}],"wp:term":[{"taxonomy":"product_brand","embeddable":true,"href":"https:\/\/stylingagenten.com\/da\/wp-json\/wp\/v2\/product_brand?post=126124"},{"taxonomy":"product_cat","embeddable":true,"href":"https:\/\/stylingagenten.com\/da\/wp-json\/wp\/v2\/product_cat?post=126124"},{"taxonomy":"product_tag","embeddable":true,"href":"https:\/\/stylingagenten.com\/da\/wp-json\/wp\/v2\/product_tag?post=126124"},{"taxonomy":"berocket_brand","embeddable":true,"href":"https:\/\/stylingagenten.com\/da\/wp-json\/wp\/v2\/berocket_brand?post=126124"}],"curies":[{"name":"wp","href":"https:\/\/api.w.org\/{rel}","templated":true}]}}