{"id":126117,"date":"2025-05-18T22:00:28","date_gmt":"2025-05-18T22:00:28","guid":{"rendered":"https:\/\/staging2.stylingagenten.com\/da\/produkt\/orofluido-radiance-argan-mask-500ml\/"},"modified":"2026-04-11T10:18:43","modified_gmt":"2026-04-11T10:18:43","slug":"orofluido-radiance-argan-mask-500ml","status":"publish","type":"product","link":"https:\/\/stylingagenten.com\/da\/produkt\/orofluido-radiance-argan-mask-500ml\/","title":{"rendered":"Orofluido Radiance Argan Mask 500ml"},"content":{"rendered":"<p>Orofluido Radiance Mask til h\u00e5ret er beriget med arganolie. Det er en intensiv vegansk h\u00e5rplejebehandling, der fugter, reparerer, glatter ud og hj\u00e6lper med at genoprette h\u00e5rets sk\u00f8nhed. Denne intensive behandling tr\u00e6nger ind i h\u00e5rfiberen for at reparere den indefra. Nyd Orofluido\u2019s signaturduft, mens Radiance Argan Mask fugter, glatter ud og hj\u00e6lper med at genoprette h\u00e5rets sk\u00f8nhed.<\/p>\n<p>Velegnet til alle h\u00e5rtyper, der s\u00f8ger langvarigt str\u00e5lende h\u00e5r. S\u00e6rligt egnet til t\u00f8rt og\/eller skadet h\u00e5r.<\/p>\n<p>500ml<\/p>\n","protected":false},"excerpt":{"rendered":"<p>Orofluido Radiance Mask til h\u00e5ret er beriget med arganolie. Det er en intensiv vegansk h\u00e5rplejebehandling, der fugter, reparerer, glatter ud og hj\u00e6lper med at genoprette h\u00e5rets sk\u00f8nhed. Denne intensive behandling tr\u00e6nger ind i h\u00e5rfiberen for at reparere den indefra. Nyd Orofluido\u2019s signaturduft, mens Radiance Argan Mask fugter, glatter ud og hj\u00e6lper med at genoprette h\u00e5rets [&hellip;]<\/p>\n","protected":false},"featured_media":126116,"comment_status":"open","ping_status":"closed","template":"","meta":{"_trash_the_other_posts":false},"product_brand":[],"product_cat":[620],"product_tag":[3734],"berocket_brand":[1045],"class_list":{"0":"post-126117","1":"product","2":"type-product","3":"status-publish","4":"has-post-thumbnail","6":"product_cat-harin-pakning","7":"product_tag-orofluido-radiance-argan-mask","8":"pa_brand-orofluido","9":"pa_variant-500ml","10":"berocket_brand-orofluido","12":"first","13":"instock","14":"sale","15":"taxable","16":"shipping-taxable","17":"purchasable","18":"product-type-simple"},"_links":{"self":[{"href":"https:\/\/stylingagenten.com\/da\/wp-json\/wp\/v2\/product\/126117","targetHints":{"allow":["GET"]}}],"collection":[{"href":"https:\/\/stylingagenten.com\/da\/wp-json\/wp\/v2\/product"}],"about":[{"href":"https:\/\/stylingagenten.com\/da\/wp-json\/wp\/v2\/types\/product"}],"replies":[{"embeddable":true,"href":"https:\/\/stylingagenten.com\/da\/wp-json\/wp\/v2\/comments?post=126117"}],"version-history":[{"count":0,"href":"https:\/\/stylingagenten.com\/da\/wp-json\/wp\/v2\/product\/126117\/revisions"}],"wp:featuredmedia":[{"embeddable":true,"href":"https:\/\/stylingagenten.com\/da\/wp-json\/wp\/v2\/media\/126116"}],"wp:attachment":[{"href":"https:\/\/stylingagenten.com\/da\/wp-json\/wp\/v2\/media?parent=126117"}],"wp:term":[{"taxonomy":"product_brand","embeddable":true,"href":"https:\/\/stylingagenten.com\/da\/wp-json\/wp\/v2\/product_brand?post=126117"},{"taxonomy":"product_cat","embeddable":true,"href":"https:\/\/stylingagenten.com\/da\/wp-json\/wp\/v2\/product_cat?post=126117"},{"taxonomy":"product_tag","embeddable":true,"href":"https:\/\/stylingagenten.com\/da\/wp-json\/wp\/v2\/product_tag?post=126117"},{"taxonomy":"berocket_brand","embeddable":true,"href":"https:\/\/stylingagenten.com\/da\/wp-json\/wp\/v2\/berocket_brand?post=126117"}],"curies":[{"name":"wp","href":"https:\/\/api.w.org\/{rel}","templated":true}]}}