{"id":126111,"date":"2025-05-18T22:00:27","date_gmt":"2025-05-18T22:00:27","guid":{"rendered":"https:\/\/staging2.stylingagenten.com\/da\/produkt\/joico-moisture-recovery-treatment-balm-500ml\/"},"modified":"2026-04-05T09:28:41","modified_gmt":"2026-04-05T09:28:41","slug":"joico-moisture-recovery-treatment-balm-500ml","status":"publish","type":"product","link":"https:\/\/stylingagenten.com\/da\/produkt\/joico-moisture-recovery-treatment-balm-500ml\/","title":{"rendered":"Joico Moisture Recovery Treatment Balm 500ml"},"content":{"rendered":"<p>Joico Moisture Recovery Treatment Balm er en intenst fugtgivende h\u00e5rkur til t\u00f8rt og tykt h\u00e5r. Den fugter h\u00e5ret, s\u00e5 det bliver bl\u00f8dere og mere elastisk. Tykt, groft og kr\u00f8llet h\u00e5r f\u00e5r fornyet glans og vitalitet. H\u00e5rkuren minimerer krus og definerer kr\u00f8llerne. Derudover bliver h\u00e5ret lettere at rede ud. Moisture Recovery indeholder masser af fugtgivende og vitaminrige ingredienser. Disse kombineres med SmartRelease Technology, et kraftfuldt liposomesystem, der kontinuerligt tilf\u00f8rer tykt, groft og kr\u00f8llet h\u00e5r n\u00e6ring.<\/p>\n<p>500ml<\/p>\n","protected":false},"excerpt":{"rendered":"<p>Joico Moisture Recovery Treatment Balm er en intenst fugtgivende h\u00e5rkur til t\u00f8rt og tykt h\u00e5r. Den fugter h\u00e5ret, s\u00e5 det bliver bl\u00f8dere og mere elastisk. Tykt, groft og kr\u00f8llet h\u00e5r f\u00e5r fornyet glans og vitalitet. H\u00e5rkuren minimerer krus og definerer kr\u00f8llerne. Derudover bliver h\u00e5ret lettere at rede ud. Moisture Recovery indeholder masser af fugtgivende og [&hellip;]<\/p>\n","protected":false},"featured_media":126110,"comment_status":"open","ping_status":"closed","template":"","meta":{"_trash_the_other_posts":false},"product_brand":[],"product_cat":[620],"product_tag":[3079],"berocket_brand":[1372],"class_list":{"0":"post-126111","1":"product","2":"type-product","3":"status-publish","4":"has-post-thumbnail","6":"product_cat-harin-pakning","7":"product_tag-joico-moisture-recovery-treatment-balm","8":"pa_brand-joico","9":"pa_variant-500ml","10":"berocket_brand-joico","12":"first","13":"instock","14":"sale","15":"taxable","16":"shipping-taxable","17":"purchasable","18":"product-type-simple"},"_links":{"self":[{"href":"https:\/\/stylingagenten.com\/da\/wp-json\/wp\/v2\/product\/126111","targetHints":{"allow":["GET"]}}],"collection":[{"href":"https:\/\/stylingagenten.com\/da\/wp-json\/wp\/v2\/product"}],"about":[{"href":"https:\/\/stylingagenten.com\/da\/wp-json\/wp\/v2\/types\/product"}],"replies":[{"embeddable":true,"href":"https:\/\/stylingagenten.com\/da\/wp-json\/wp\/v2\/comments?post=126111"}],"version-history":[{"count":0,"href":"https:\/\/stylingagenten.com\/da\/wp-json\/wp\/v2\/product\/126111\/revisions"}],"wp:featuredmedia":[{"embeddable":true,"href":"https:\/\/stylingagenten.com\/da\/wp-json\/wp\/v2\/media\/126110"}],"wp:attachment":[{"href":"https:\/\/stylingagenten.com\/da\/wp-json\/wp\/v2\/media?parent=126111"}],"wp:term":[{"taxonomy":"product_brand","embeddable":true,"href":"https:\/\/stylingagenten.com\/da\/wp-json\/wp\/v2\/product_brand?post=126111"},{"taxonomy":"product_cat","embeddable":true,"href":"https:\/\/stylingagenten.com\/da\/wp-json\/wp\/v2\/product_cat?post=126111"},{"taxonomy":"product_tag","embeddable":true,"href":"https:\/\/stylingagenten.com\/da\/wp-json\/wp\/v2\/product_tag?post=126111"},{"taxonomy":"berocket_brand","embeddable":true,"href":"https:\/\/stylingagenten.com\/da\/wp-json\/wp\/v2\/berocket_brand?post=126111"}],"curies":[{"name":"wp","href":"https:\/\/api.w.org\/{rel}","templated":true}]}}