{"id":126105,"date":"2025-05-18T22:00:25","date_gmt":"2025-05-18T22:00:25","guid":{"rendered":"https:\/\/staging2.stylingagenten.com\/da\/produkt\/bjork-rena-scalp-treatment-200ml\/"},"modified":"2026-03-16T09:31:04","modified_gmt":"2026-03-16T09:31:04","slug":"bjork-rena-scalp-treatment-200ml","status":"publish","type":"product","link":"https:\/\/stylingagenten.com\/da\/produkt\/bjork-rena-scalp-treatment-200ml\/","title":{"rendered":"Bj\u00f6rk RENA Scalp Treatment 200ml"},"content":{"rendered":"<p>Bj\u00f6rk RENA Scalp Treatment er en effektiv h\u00e5r- og hovedbundsmask til t\u00f8r hovedbund, der er irriteret og kl\u00f8ende. Sk\u00e5nsom og beroligende formel med den anerkendte anti-sk\u00e6l ingrediens Piroctone Olamine. Fugtgivende birke-, r\u00f8dkl\u00f8ver- og sellerifr\u00f8ekstrakter, der hj\u00e6lper med at beskytte, berolige og balancere hovedbunden. Giver en k\u00f8lende, behagelig fornemmelse i hovedbunden samtidig med, at h\u00e5ret bliver bl\u00f8dt og fugtet.<\/p>\n<p>Duft: Opfriskende duft af citrus og mentol.<\/p>\n<p>300 ml<\/p>\n","protected":false},"excerpt":{"rendered":"<p>Bj\u00f6rk RENA Scalp Treatment er en effektiv h\u00e5r- og hovedbundsmask til t\u00f8r hovedbund, der er irriteret og kl\u00f8ende. Sk\u00e5nsom og beroligende formel med den anerkendte anti-sk\u00e6l ingrediens Piroctone Olamine. Fugtgivende birke-, r\u00f8dkl\u00f8ver- og sellerifr\u00f8ekstrakter, der hj\u00e6lper med at beskytte, berolige og balancere hovedbunden. Giver en k\u00f8lende, behagelig fornemmelse i hovedbunden samtidig med, at h\u00e5ret bliver [&hellip;]<\/p>\n","protected":false},"featured_media":126103,"comment_status":"open","ping_status":"closed","template":"","meta":{"_trash_the_other_posts":false},"product_brand":[],"product_cat":[620],"product_tag":[],"berocket_brand":[1418],"class_list":{"0":"post-126105","1":"product","2":"type-product","3":"status-publish","4":"has-post-thumbnail","6":"product_cat-harin-pakning","7":"pa_brand-bjork","8":"berocket_brand-bjork","10":"first","11":"instock","12":"sale","13":"taxable","14":"shipping-taxable","15":"purchasable","16":"product-type-simple"},"_links":{"self":[{"href":"https:\/\/stylingagenten.com\/da\/wp-json\/wp\/v2\/product\/126105","targetHints":{"allow":["GET"]}}],"collection":[{"href":"https:\/\/stylingagenten.com\/da\/wp-json\/wp\/v2\/product"}],"about":[{"href":"https:\/\/stylingagenten.com\/da\/wp-json\/wp\/v2\/types\/product"}],"replies":[{"embeddable":true,"href":"https:\/\/stylingagenten.com\/da\/wp-json\/wp\/v2\/comments?post=126105"}],"version-history":[{"count":0,"href":"https:\/\/stylingagenten.com\/da\/wp-json\/wp\/v2\/product\/126105\/revisions"}],"wp:featuredmedia":[{"embeddable":true,"href":"https:\/\/stylingagenten.com\/da\/wp-json\/wp\/v2\/media\/126103"}],"wp:attachment":[{"href":"https:\/\/stylingagenten.com\/da\/wp-json\/wp\/v2\/media?parent=126105"}],"wp:term":[{"taxonomy":"product_brand","embeddable":true,"href":"https:\/\/stylingagenten.com\/da\/wp-json\/wp\/v2\/product_brand?post=126105"},{"taxonomy":"product_cat","embeddable":true,"href":"https:\/\/stylingagenten.com\/da\/wp-json\/wp\/v2\/product_cat?post=126105"},{"taxonomy":"product_tag","embeddable":true,"href":"https:\/\/stylingagenten.com\/da\/wp-json\/wp\/v2\/product_tag?post=126105"},{"taxonomy":"berocket_brand","embeddable":true,"href":"https:\/\/stylingagenten.com\/da\/wp-json\/wp\/v2\/berocket_brand?post=126105"}],"curies":[{"name":"wp","href":"https:\/\/api.w.org\/{rel}","templated":true}]}}