{"id":126099,"date":"2025-05-18T22:00:24","date_gmt":"2025-05-18T22:00:24","guid":{"rendered":"https:\/\/staging2.stylingagenten.com\/da\/produkt\/system-professional-smoothen-mask-200ml\/"},"modified":"2026-03-11T22:00:04","modified_gmt":"2026-03-11T22:00:04","slug":"system-professional-smoothen-mask-200ml","status":"publish","type":"product","link":"https:\/\/stylingagenten.com\/da\/produkt\/system-professional-smoothen-mask-200ml\/","title":{"rendered":"System Professional Smoothen Mask 200ml"},"content":{"rendered":"<p>System Professional Smoothen Mask er en plejende og udglattende h\u00e5rmaske til alle h\u00e5rtyper, is\u00e6r sv\u00e6rt h\u00e5ndterbart h\u00e5r. Smoothen Mask&#8217;s udglattende h\u00e5rbehandling er specielt udviklet til at kontrollere og pleje uroligt h\u00e5r, s\u00e5 det bliver glat, bl\u00f8dt og silkeagtigt. Perfekt til rebelsk, groft, kr\u00f8llet eller uregerligt h\u00e5r.<\/p>\n<p>Smoothen-serien giver aktiv n\u00e6ring til h\u00e5ret, balancerer dets hydrolipidprofil og beskytter mod yderligere udt\u00f8rring.<\/p>\n<p>200ml<\/p>\n","protected":false},"excerpt":{"rendered":"<p>System Professional Smoothen Mask er en plejende og udglattende h\u00e5rmaske til alle h\u00e5rtyper, is\u00e6r sv\u00e6rt h\u00e5ndterbart h\u00e5r. Smoothen Mask&#8217;s udglattende h\u00e5rbehandling er specielt udviklet til at kontrollere og pleje uroligt h\u00e5r, s\u00e5 det bliver glat, bl\u00f8dt og silkeagtigt. Perfekt til rebelsk, groft, kr\u00f8llet eller uregerligt h\u00e5r. Smoothen-serien giver aktiv n\u00e6ring til h\u00e5ret, balancerer dets hydrolipidprofil [&hellip;]<\/p>\n","protected":false},"featured_media":126060,"comment_status":"open","ping_status":"closed","template":"","meta":{"_trash_the_other_posts":false},"product_brand":[],"product_cat":[620],"product_tag":[],"berocket_brand":[1995],"class_list":{"0":"post-126099","1":"product","2":"type-product","3":"status-publish","4":"has-post-thumbnail","6":"product_cat-harin-pakning","7":"pa_brand-system-professional","8":"berocket_brand-system-professional","10":"first","11":"instock","12":"sale","13":"taxable","14":"shipping-taxable","15":"purchasable","16":"product-type-simple"},"_links":{"self":[{"href":"https:\/\/stylingagenten.com\/da\/wp-json\/wp\/v2\/product\/126099","targetHints":{"allow":["GET"]}}],"collection":[{"href":"https:\/\/stylingagenten.com\/da\/wp-json\/wp\/v2\/product"}],"about":[{"href":"https:\/\/stylingagenten.com\/da\/wp-json\/wp\/v2\/types\/product"}],"replies":[{"embeddable":true,"href":"https:\/\/stylingagenten.com\/da\/wp-json\/wp\/v2\/comments?post=126099"}],"version-history":[{"count":0,"href":"https:\/\/stylingagenten.com\/da\/wp-json\/wp\/v2\/product\/126099\/revisions"}],"wp:featuredmedia":[{"embeddable":true,"href":"https:\/\/stylingagenten.com\/da\/wp-json\/wp\/v2\/media\/126060"}],"wp:attachment":[{"href":"https:\/\/stylingagenten.com\/da\/wp-json\/wp\/v2\/media?parent=126099"}],"wp:term":[{"taxonomy":"product_brand","embeddable":true,"href":"https:\/\/stylingagenten.com\/da\/wp-json\/wp\/v2\/product_brand?post=126099"},{"taxonomy":"product_cat","embeddable":true,"href":"https:\/\/stylingagenten.com\/da\/wp-json\/wp\/v2\/product_cat?post=126099"},{"taxonomy":"product_tag","embeddable":true,"href":"https:\/\/stylingagenten.com\/da\/wp-json\/wp\/v2\/product_tag?post=126099"},{"taxonomy":"berocket_brand","embeddable":true,"href":"https:\/\/stylingagenten.com\/da\/wp-json\/wp\/v2\/berocket_brand?post=126099"}],"curies":[{"name":"wp","href":"https:\/\/api.w.org\/{rel}","templated":true}]}}