{"id":126085,"date":"2025-05-18T22:00:22","date_gmt":"2025-05-18T22:00:22","guid":{"rendered":"https:\/\/staging2.stylingagenten.com\/da\/produkt\/system-professional-repair-mask-200ml\/"},"modified":"2026-03-13T14:40:49","modified_gmt":"2026-03-13T14:40:49","slug":"system-professional-repair-mask-200ml","status":"publish","type":"product","link":"https:\/\/stylingagenten.com\/da\/produkt\/system-professional-repair-mask-200ml\/","title":{"rendered":"System Professional Repair Mask 200ml"},"content":{"rendered":"<p>System Professional Repair Mask er en fugtgivende h\u00e5rmaske til skadet, skr\u00f8beligt, kemisk behandlet og f\u00f8lsomt h\u00e5r. Denne plejende h\u00e5rbehandling reducerer brudte h\u00e5rstr\u00e5, forhindrer mekaniske skader og g\u00f8r h\u00e5ret bl\u00f8dt og h\u00e5ndterbart.<\/p>\n<p>System Professional Repair-serien er designet til at genopbygge og styrke skadet og skr\u00f8beligt h\u00e5r. Den unikke formel indeholder avancerede FibraBuild-molekyler, der reparerer, plejer og genopbygger beskadigede omr\u00e5der og beskytter h\u00e5ret mod yderligere p\u00e5kjenninger.<\/p>\n<p>200ml<\/p>\n","protected":false},"excerpt":{"rendered":"<p>System Professional Repair Mask er en fugtgivende h\u00e5rmaske til skadet, skr\u00f8beligt, kemisk behandlet og f\u00f8lsomt h\u00e5r. Denne plejende h\u00e5rbehandling reducerer brudte h\u00e5rstr\u00e5, forhindrer mekaniske skader og g\u00f8r h\u00e5ret bl\u00f8dt og h\u00e5ndterbart. System Professional Repair-serien er designet til at genopbygge og styrke skadet og skr\u00f8beligt h\u00e5r. Den unikke formel indeholder avancerede FibraBuild-molekyler, der reparerer, plejer og [&hellip;]<\/p>\n","protected":false},"featured_media":126056,"comment_status":"open","ping_status":"closed","template":"","meta":{"_trash_the_other_posts":false},"product_brand":[],"product_cat":[620],"product_tag":[],"berocket_brand":[1995],"class_list":{"0":"post-126085","1":"product","2":"type-product","3":"status-publish","4":"has-post-thumbnail","6":"product_cat-harin-pakning","7":"pa_brand-system-professional","8":"berocket_brand-system-professional","10":"first","11":"instock","12":"sale","13":"taxable","14":"shipping-taxable","15":"purchasable","16":"product-type-simple"},"_links":{"self":[{"href":"https:\/\/stylingagenten.com\/da\/wp-json\/wp\/v2\/product\/126085","targetHints":{"allow":["GET"]}}],"collection":[{"href":"https:\/\/stylingagenten.com\/da\/wp-json\/wp\/v2\/product"}],"about":[{"href":"https:\/\/stylingagenten.com\/da\/wp-json\/wp\/v2\/types\/product"}],"replies":[{"embeddable":true,"href":"https:\/\/stylingagenten.com\/da\/wp-json\/wp\/v2\/comments?post=126085"}],"version-history":[{"count":0,"href":"https:\/\/stylingagenten.com\/da\/wp-json\/wp\/v2\/product\/126085\/revisions"}],"wp:featuredmedia":[{"embeddable":true,"href":"https:\/\/stylingagenten.com\/da\/wp-json\/wp\/v2\/media\/126056"}],"wp:attachment":[{"href":"https:\/\/stylingagenten.com\/da\/wp-json\/wp\/v2\/media?parent=126085"}],"wp:term":[{"taxonomy":"product_brand","embeddable":true,"href":"https:\/\/stylingagenten.com\/da\/wp-json\/wp\/v2\/product_brand?post=126085"},{"taxonomy":"product_cat","embeddable":true,"href":"https:\/\/stylingagenten.com\/da\/wp-json\/wp\/v2\/product_cat?post=126085"},{"taxonomy":"product_tag","embeddable":true,"href":"https:\/\/stylingagenten.com\/da\/wp-json\/wp\/v2\/product_tag?post=126085"},{"taxonomy":"berocket_brand","embeddable":true,"href":"https:\/\/stylingagenten.com\/da\/wp-json\/wp\/v2\/berocket_brand?post=126085"}],"curies":[{"name":"wp","href":"https:\/\/api.w.org\/{rel}","templated":true}]}}