{"id":126055,"date":"2025-05-18T22:00:18","date_gmt":"2025-05-18T22:00:18","guid":{"rendered":"https:\/\/staging2.stylingagenten.com\/da\/produkt\/system-professional-volumize-mask-200ml\/"},"modified":"2026-04-15T06:23:30","modified_gmt":"2026-04-15T06:23:30","slug":"system-professional-volumize-mask-200ml","status":"publish","type":"product","link":"https:\/\/stylingagenten.com\/da\/produkt\/system-professional-volumize-mask-200ml\/","title":{"rendered":"System Professional Volumize Mask 200ml"},"content":{"rendered":"<p>System Professional Volumize Mask er en intensiv behandling, der styrker h\u00e5ret og giver langvarigt volumen. Den er perfekt til fint, let beskadiget eller kemisk behandlet h\u00e5r, da den styrker h\u00e5rets struktur, beskytter mod brud og \u00f8ger fylden uden at tynge h\u00e5ret.<\/p>\n<p>System Professional Volumize-serien er designet til at styrke og l\u00f8fte fint og skr\u00f8beligt h\u00e5r. Med Formastrength Complex genskaber serien fylde, h\u00e5ndterbarhed og styrke selv i det fineste h\u00e5r. Luksuri\u00f8se og lette formler, der f\u00e5r dine yndlingsfrisurer til at holde l\u00e6ngere.<\/p>\n<p>200ml<\/p>\n","protected":false},"excerpt":{"rendered":"<p>System Professional Volumize Mask er en intensiv behandling, der styrker h\u00e5ret og giver langvarigt volumen. Den er perfekt til fint, let beskadiget eller kemisk behandlet h\u00e5r, da den styrker h\u00e5rets struktur, beskytter mod brud og \u00f8ger fylden uden at tynge h\u00e5ret. System Professional Volumize-serien er designet til at styrke og l\u00f8fte fint og skr\u00f8beligt h\u00e5r. [&hellip;]<\/p>\n","protected":false},"featured_media":126035,"comment_status":"open","ping_status":"closed","template":"","meta":{"_trash_the_other_posts":false},"product_brand":[],"product_cat":[620],"product_tag":[],"berocket_brand":[1995],"class_list":{"0":"post-126055","1":"product","2":"type-product","3":"status-publish","4":"has-post-thumbnail","6":"product_cat-harin-pakning","7":"pa_brand-system-professional","8":"berocket_brand-system-professional","10":"first","11":"instock","12":"sale","13":"taxable","14":"shipping-taxable","15":"purchasable","16":"product-type-simple"},"_links":{"self":[{"href":"https:\/\/stylingagenten.com\/da\/wp-json\/wp\/v2\/product\/126055","targetHints":{"allow":["GET"]}}],"collection":[{"href":"https:\/\/stylingagenten.com\/da\/wp-json\/wp\/v2\/product"}],"about":[{"href":"https:\/\/stylingagenten.com\/da\/wp-json\/wp\/v2\/types\/product"}],"replies":[{"embeddable":true,"href":"https:\/\/stylingagenten.com\/da\/wp-json\/wp\/v2\/comments?post=126055"}],"version-history":[{"count":0,"href":"https:\/\/stylingagenten.com\/da\/wp-json\/wp\/v2\/product\/126055\/revisions"}],"wp:featuredmedia":[{"embeddable":true,"href":"https:\/\/stylingagenten.com\/da\/wp-json\/wp\/v2\/media\/126035"}],"wp:attachment":[{"href":"https:\/\/stylingagenten.com\/da\/wp-json\/wp\/v2\/media?parent=126055"}],"wp:term":[{"taxonomy":"product_brand","embeddable":true,"href":"https:\/\/stylingagenten.com\/da\/wp-json\/wp\/v2\/product_brand?post=126055"},{"taxonomy":"product_cat","embeddable":true,"href":"https:\/\/stylingagenten.com\/da\/wp-json\/wp\/v2\/product_cat?post=126055"},{"taxonomy":"product_tag","embeddable":true,"href":"https:\/\/stylingagenten.com\/da\/wp-json\/wp\/v2\/product_tag?post=126055"},{"taxonomy":"berocket_brand","embeddable":true,"href":"https:\/\/stylingagenten.com\/da\/wp-json\/wp\/v2\/berocket_brand?post=126055"}],"curies":[{"name":"wp","href":"https:\/\/api.w.org\/{rel}","templated":true}]}}