{"id":126045,"date":"2025-05-18T22:00:16","date_gmt":"2025-05-18T22:00:16","guid":{"rendered":"https:\/\/staging2.stylingagenten.com\/da\/produkt\/system-professional-luxeblond-mask-200ml\/"},"modified":"2026-03-13T14:41:52","modified_gmt":"2026-03-13T14:41:52","slug":"system-professional-luxeblond-mask-200ml","status":"publish","type":"product","link":"https:\/\/stylingagenten.com\/da\/produkt\/system-professional-luxeblond-mask-200ml\/","title":{"rendered":"System Professional LuxeBlond Mask 200ml"},"content":{"rendered":"<p>System Professional LuxeBlond Mask gendanner h\u00e5ret i dybden, samtidig med at den neutraliserer gule og kobberfarvede undertoner.<\/p>\n<p>Vi pr\u00e6senterer System Professional LuxeBlond, en omfattende salon- og hjemmeplejeserie til lyst h\u00e5r, der g\u00f8r det nemt at pleje lyst h\u00e5r. LuxeBlond kombinerer kraften fra lipider med violette pigmenter* og hj\u00e6lper med at reparere h\u00e5rfibrene indefra og ud, samtidig med at den neutraliserer u\u00f8nskede varme undertoner, styrker og beskytter h\u00e5ret mod brud.<\/p>\n<p>200ml<\/p>\n","protected":false},"excerpt":{"rendered":"<p>System Professional LuxeBlond Mask gendanner h\u00e5ret i dybden, samtidig med at den neutraliserer gule og kobberfarvede undertoner. Vi pr\u00e6senterer System Professional LuxeBlond, en omfattende salon- og hjemmeplejeserie til lyst h\u00e5r, der g\u00f8r det nemt at pleje lyst h\u00e5r. LuxeBlond kombinerer kraften fra lipider med violette pigmenter* og hj\u00e6lper med at reparere h\u00e5rfibrene indefra og ud, [&hellip;]<\/p>\n","protected":false},"featured_media":126017,"comment_status":"open","ping_status":"closed","template":"","meta":{"_trash_the_other_posts":false},"product_brand":[],"product_cat":[620],"product_tag":[],"berocket_brand":[1995],"class_list":{"0":"post-126045","1":"product","2":"type-product","3":"status-publish","4":"has-post-thumbnail","6":"product_cat-harin-pakning","7":"pa_brand-system-professional","8":"berocket_brand-system-professional","10":"first","11":"instock","12":"sale","13":"taxable","14":"shipping-taxable","15":"purchasable","16":"product-type-simple"},"_links":{"self":[{"href":"https:\/\/stylingagenten.com\/da\/wp-json\/wp\/v2\/product\/126045","targetHints":{"allow":["GET"]}}],"collection":[{"href":"https:\/\/stylingagenten.com\/da\/wp-json\/wp\/v2\/product"}],"about":[{"href":"https:\/\/stylingagenten.com\/da\/wp-json\/wp\/v2\/types\/product"}],"replies":[{"embeddable":true,"href":"https:\/\/stylingagenten.com\/da\/wp-json\/wp\/v2\/comments?post=126045"}],"version-history":[{"count":0,"href":"https:\/\/stylingagenten.com\/da\/wp-json\/wp\/v2\/product\/126045\/revisions"}],"wp:featuredmedia":[{"embeddable":true,"href":"https:\/\/stylingagenten.com\/da\/wp-json\/wp\/v2\/media\/126017"}],"wp:attachment":[{"href":"https:\/\/stylingagenten.com\/da\/wp-json\/wp\/v2\/media?parent=126045"}],"wp:term":[{"taxonomy":"product_brand","embeddable":true,"href":"https:\/\/stylingagenten.com\/da\/wp-json\/wp\/v2\/product_brand?post=126045"},{"taxonomy":"product_cat","embeddable":true,"href":"https:\/\/stylingagenten.com\/da\/wp-json\/wp\/v2\/product_cat?post=126045"},{"taxonomy":"product_tag","embeddable":true,"href":"https:\/\/stylingagenten.com\/da\/wp-json\/wp\/v2\/product_tag?post=126045"},{"taxonomy":"berocket_brand","embeddable":true,"href":"https:\/\/stylingagenten.com\/da\/wp-json\/wp\/v2\/berocket_brand?post=126045"}],"curies":[{"name":"wp","href":"https:\/\/api.w.org\/{rel}","templated":true}]}}