{"id":126042,"date":"2025-05-18T22:00:15","date_gmt":"2025-05-18T22:00:15","guid":{"rendered":"https:\/\/staging2.stylingagenten.com\/da\/produkt\/wella-professionals-invigo-volume-boost-crystal-mask-145ml\/"},"modified":"2026-03-11T21:49:41","modified_gmt":"2026-03-11T21:49:41","slug":"wella-professionals-invigo-volume-boost-crystal-mask-145ml","status":"publish","type":"product","link":"https:\/\/stylingagenten.com\/da\/produkt\/wella-professionals-invigo-volume-boost-crystal-mask-145ml\/","title":{"rendered":"Wella Professionals Invigo Volume Boost Crystal Mask 145ml"},"content":{"rendered":"<p>Wella Professionals Invigo Volume Boost Crystal Mask er en gennemsigtig maske-behandling, der giver fylde, volumen og medg\u00f8rlighed. Denne gennemsigtige skyllesbehandling til ekstra let pleje g\u00f8r h\u00e5ret bl\u00f8dt og glat uden at tynge det ned som en almindelig h\u00e5rmaske. Crystal Mask er beriget med Volume Boost-Blend\u2122 og indeholder volumengivende polymerer og lette ingredienser, der g\u00f8r h\u00e5ret silkeagtigt, glat og let at h\u00e5ndtere. Din rutine til at give volumen til fint h\u00e5r.<\/p>\n<p>145ml<\/p>\n","protected":false},"excerpt":{"rendered":"<p>Wella Professionals Invigo Volume Boost Crystal Mask er en gennemsigtig maske-behandling, der giver fylde, volumen og medg\u00f8rlighed. Denne gennemsigtige skyllesbehandling til ekstra let pleje g\u00f8r h\u00e5ret bl\u00f8dt og glat uden at tynge det ned som en almindelig h\u00e5rmaske. Crystal Mask er beriget med Volume Boost-Blend\u2122 og indeholder volumengivende polymerer og lette ingredienser, der g\u00f8r h\u00e5ret [&hellip;]<\/p>\n","protected":false},"featured_media":126016,"comment_status":"open","ping_status":"closed","template":"","meta":{"_trash_the_other_posts":false},"product_brand":[],"product_cat":[620],"product_tag":[],"berocket_brand":[1030],"class_list":{"0":"post-126042","1":"product","2":"type-product","3":"status-publish","4":"has-post-thumbnail","6":"product_cat-harin-pakning","7":"pa_brand-wella","8":"berocket_brand-wella","10":"first","11":"instock","12":"sale","13":"taxable","14":"shipping-taxable","15":"purchasable","16":"product-type-simple"},"_links":{"self":[{"href":"https:\/\/stylingagenten.com\/da\/wp-json\/wp\/v2\/product\/126042","targetHints":{"allow":["GET"]}}],"collection":[{"href":"https:\/\/stylingagenten.com\/da\/wp-json\/wp\/v2\/product"}],"about":[{"href":"https:\/\/stylingagenten.com\/da\/wp-json\/wp\/v2\/types\/product"}],"replies":[{"embeddable":true,"href":"https:\/\/stylingagenten.com\/da\/wp-json\/wp\/v2\/comments?post=126042"}],"version-history":[{"count":0,"href":"https:\/\/stylingagenten.com\/da\/wp-json\/wp\/v2\/product\/126042\/revisions"}],"wp:featuredmedia":[{"embeddable":true,"href":"https:\/\/stylingagenten.com\/da\/wp-json\/wp\/v2\/media\/126016"}],"wp:attachment":[{"href":"https:\/\/stylingagenten.com\/da\/wp-json\/wp\/v2\/media?parent=126042"}],"wp:term":[{"taxonomy":"product_brand","embeddable":true,"href":"https:\/\/stylingagenten.com\/da\/wp-json\/wp\/v2\/product_brand?post=126042"},{"taxonomy":"product_cat","embeddable":true,"href":"https:\/\/stylingagenten.com\/da\/wp-json\/wp\/v2\/product_cat?post=126042"},{"taxonomy":"product_tag","embeddable":true,"href":"https:\/\/stylingagenten.com\/da\/wp-json\/wp\/v2\/product_tag?post=126042"},{"taxonomy":"berocket_brand","embeddable":true,"href":"https:\/\/stylingagenten.com\/da\/wp-json\/wp\/v2\/berocket_brand?post=126042"}],"curies":[{"name":"wp","href":"https:\/\/api.w.org\/{rel}","templated":true}]}}