{"id":125991,"date":"2025-05-18T22:00:07","date_gmt":"2025-05-18T22:00:07","guid":{"rendered":"https:\/\/staging2.stylingagenten.com\/da\/produkt\/wella-professionals-fusion-intense-repair-mask-150ml\/"},"modified":"2026-03-13T14:43:31","modified_gmt":"2026-03-13T14:43:31","slug":"wella-professionals-fusion-intense-repair-mask-150ml","status":"publish","type":"product","link":"https:\/\/stylingagenten.com\/da\/produkt\/wella-professionals-fusion-intense-repair-mask-150ml\/","title":{"rendered":"Wella Professionals Fusion Intense Repair Mask 150ml"},"content":{"rendered":"<p>Wella Professionals Fusion Intense Repair Mask er en h\u00e5rmaske, der modvirker h\u00e5rbrud og er specielt udviklet til at behandle skadet h\u00e5r. Denne h\u00e5rmaske er udviklet til at behandle skadet h\u00e5r og giver vigtig beskyttelse mod fremtidige mekaniske skader og h\u00e5rbrud under kamning. Wella Intense Repair Fusion Hair Mask er beriget med silkeaminosyrer og kraftfulde plejeingredienser, der plejer h\u00e5ret i dybden og g\u00f8r det mere modstandsdygtigt. Din rutine til \u00f8jeblikkelig reparation af skadet h\u00e5r.<\/p>\n<p>150ml<\/p>\n","protected":false},"excerpt":{"rendered":"<p>Wella Professionals Fusion Intense Repair Mask er en h\u00e5rmaske, der modvirker h\u00e5rbrud og er specielt udviklet til at behandle skadet h\u00e5r. Denne h\u00e5rmaske er udviklet til at behandle skadet h\u00e5r og giver vigtig beskyttelse mod fremtidige mekaniske skader og h\u00e5rbrud under kamning. Wella Intense Repair Fusion Hair Mask er beriget med silkeaminosyrer og kraftfulde plejeingredienser, [&hellip;]<\/p>\n","protected":false},"featured_media":125970,"comment_status":"open","ping_status":"closed","template":"","meta":{"_trash_the_other_posts":false},"product_brand":[],"product_cat":[620],"product_tag":[],"berocket_brand":[1030],"class_list":{"0":"post-125991","1":"product","2":"type-product","3":"status-publish","4":"has-post-thumbnail","6":"product_cat-harin-pakning","7":"pa_brand-wella","8":"berocket_brand-wella","10":"first","11":"instock","12":"sale","13":"taxable","14":"shipping-taxable","15":"purchasable","16":"product-type-simple"},"_links":{"self":[{"href":"https:\/\/stylingagenten.com\/da\/wp-json\/wp\/v2\/product\/125991","targetHints":{"allow":["GET"]}}],"collection":[{"href":"https:\/\/stylingagenten.com\/da\/wp-json\/wp\/v2\/product"}],"about":[{"href":"https:\/\/stylingagenten.com\/da\/wp-json\/wp\/v2\/types\/product"}],"replies":[{"embeddable":true,"href":"https:\/\/stylingagenten.com\/da\/wp-json\/wp\/v2\/comments?post=125991"}],"version-history":[{"count":0,"href":"https:\/\/stylingagenten.com\/da\/wp-json\/wp\/v2\/product\/125991\/revisions"}],"wp:featuredmedia":[{"embeddable":true,"href":"https:\/\/stylingagenten.com\/da\/wp-json\/wp\/v2\/media\/125970"}],"wp:attachment":[{"href":"https:\/\/stylingagenten.com\/da\/wp-json\/wp\/v2\/media?parent=125991"}],"wp:term":[{"taxonomy":"product_brand","embeddable":true,"href":"https:\/\/stylingagenten.com\/da\/wp-json\/wp\/v2\/product_brand?post=125991"},{"taxonomy":"product_cat","embeddable":true,"href":"https:\/\/stylingagenten.com\/da\/wp-json\/wp\/v2\/product_cat?post=125991"},{"taxonomy":"product_tag","embeddable":true,"href":"https:\/\/stylingagenten.com\/da\/wp-json\/wp\/v2\/product_tag?post=125991"},{"taxonomy":"berocket_brand","embeddable":true,"href":"https:\/\/stylingagenten.com\/da\/wp-json\/wp\/v2\/berocket_brand?post=125991"}],"curies":[{"name":"wp","href":"https:\/\/api.w.org\/{rel}","templated":true}]}}