{"id":125963,"date":"2025-05-18T22:00:02","date_gmt":"2025-05-18T22:00:02","guid":{"rendered":"https:\/\/staging2.stylingagenten.com\/da\/produkt\/wella-professionals-ultimate-repair-mask-150ml\/"},"modified":"2026-03-31T12:58:35","modified_gmt":"2026-03-31T12:58:35","slug":"wella-professionals-ultimate-repair-mask-150ml","status":"publish","type":"product","link":"https:\/\/stylingagenten.com\/da\/produkt\/wella-professionals-ultimate-repair-mask-150ml\/","title":{"rendered":"Wella Professionals Ultimate Repair Mask 150ml"},"content":{"rendered":"<p>Wella Professionals Ultimate Repair Mask er en intensivt beroligende og reparerende h\u00e5rmaske med alfa-hydroxysyre (AHA) og omega 9, der synligt reparerer og styrker beskadiget h\u00e5r. Denne lette maske reparerer og retter sig mod skader for\u00e5rsaget af varmeredskaber, UV-str\u00e5ling, blegning, h\u00e5rb\u00e5nd og extensions. Desuden reducerer behandlingen krus, udreder h\u00e5ret og g\u00f8r det op til 6 gange lettere at rede*, hvilket g\u00f8r h\u00e5ret st\u00e6rkere, glattere og sundere.<\/p>\n<p>Denne reparerende og fugtgivende behandling indeholder alfa-hydroxysyre (AHA) og omega 9, som genopbygger bindingerne i h\u00e5ret og fylder den ydre barriere i varme- og blegningsskadet h\u00e5r. AHA, der normalt er kendt fra hudpleje, bruges i Ultimate Repair for at styrke, pleje og forhindre brudte h\u00e5rstr\u00e5 i sundt og kemisk behandlet h\u00e5r ved at genopbygge hydrogenbindingerne og tr\u00e6nge dybt ind i h\u00e5rfiberen.<\/p>\n<p>Ultimate Repair Mask renser, detoxer og fugter alle h\u00e5rtyper og teksturer, uanset om det er tyndt, fedtet, fint, tykt, lige, b\u00f8lget, kr\u00f8llet, farvet, stribet, krusset, asiatisk eller afro, hvilket g\u00f8r den egnet til alle.<\/p>\n<p>Wella Professionals Ultimate Repair System er en hudplejeinspireret serie, der tilbyder en eksklusiv h\u00e5rplejerutine, som perfektionerer dit h\u00e5r p\u00e5 kun 90 sekunder*. Serien er udviklet til dig, der \u00f8nsker det h\u00f8jeste niveau af reparation og en naturlig, sund f\u00f8lelse i h\u00e5ret. Den giver n\u00e6ring, styrke og fugt, og g\u00f8r h\u00e5ret bl\u00f8dt, friskt og rent. Dermatologisk testet og vegansk.<\/p>\n<p>*Ved brug af Ultimate Repair Step 3.<br \/>150ml<\/p>\n","protected":false},"excerpt":{"rendered":"<p>Wella Professionals Ultimate Repair Mask er en intensivt beroligende og reparerende h\u00e5rmaske med alfa-hydroxysyre (AHA) og omega 9, der synligt reparerer og styrker beskadiget h\u00e5r. Denne lette maske reparerer og retter sig mod skader for\u00e5rsaget af varmeredskaber, UV-str\u00e5ling, blegning, h\u00e5rb\u00e5nd og extensions. Desuden reducerer behandlingen krus, udreder h\u00e5ret og g\u00f8r det op til 6 gange [&hellip;]<\/p>\n","protected":false},"featured_media":125948,"comment_status":"open","ping_status":"closed","template":"","meta":{"_trash_the_other_posts":false},"product_brand":[],"product_cat":[620],"product_tag":[4069],"berocket_brand":[1030],"class_list":{"0":"post-125963","1":"product","2":"type-product","3":"status-publish","4":"has-post-thumbnail","6":"product_cat-harin-pakning","7":"product_tag-wella-professionals-ultimate-repair-mask","8":"pa_brand-wella","9":"pa_variant-150ml","10":"berocket_brand-wella","12":"first","13":"instock","14":"sale","15":"taxable","16":"shipping-taxable","17":"purchasable","18":"product-type-simple"},"_links":{"self":[{"href":"https:\/\/stylingagenten.com\/da\/wp-json\/wp\/v2\/product\/125963","targetHints":{"allow":["GET"]}}],"collection":[{"href":"https:\/\/stylingagenten.com\/da\/wp-json\/wp\/v2\/product"}],"about":[{"href":"https:\/\/stylingagenten.com\/da\/wp-json\/wp\/v2\/types\/product"}],"replies":[{"embeddable":true,"href":"https:\/\/stylingagenten.com\/da\/wp-json\/wp\/v2\/comments?post=125963"}],"version-history":[{"count":0,"href":"https:\/\/stylingagenten.com\/da\/wp-json\/wp\/v2\/product\/125963\/revisions"}],"wp:featuredmedia":[{"embeddable":true,"href":"https:\/\/stylingagenten.com\/da\/wp-json\/wp\/v2\/media\/125948"}],"wp:attachment":[{"href":"https:\/\/stylingagenten.com\/da\/wp-json\/wp\/v2\/media?parent=125963"}],"wp:term":[{"taxonomy":"product_brand","embeddable":true,"href":"https:\/\/stylingagenten.com\/da\/wp-json\/wp\/v2\/product_brand?post=125963"},{"taxonomy":"product_cat","embeddable":true,"href":"https:\/\/stylingagenten.com\/da\/wp-json\/wp\/v2\/product_cat?post=125963"},{"taxonomy":"product_tag","embeddable":true,"href":"https:\/\/stylingagenten.com\/da\/wp-json\/wp\/v2\/product_tag?post=125963"},{"taxonomy":"berocket_brand","embeddable":true,"href":"https:\/\/stylingagenten.com\/da\/wp-json\/wp\/v2\/berocket_brand?post=125963"}],"curies":[{"name":"wp","href":"https:\/\/api.w.org\/{rel}","templated":true}]}}