{"id":125961,"date":"2025-05-18T22:00:02","date_gmt":"2025-05-18T22:00:02","guid":{"rendered":"https:\/\/staging2.stylingagenten.com\/da\/produkt\/ref-weightless-volume-masque-250ml\/"},"modified":"2026-03-11T21:56:03","modified_gmt":"2026-03-11T21:56:03","slug":"ref-weightless-volume-masque-250ml","status":"publish","type":"product","link":"https:\/\/stylingagenten.com\/da\/produkt\/ref-weightless-volume-masque-250ml\/","title":{"rendered":"REF Weightless Volume Masque 250ml"},"content":{"rendered":"<p>REF Weightless Volume Masque er en let h\u00e5rkur med volumengivende effekt, der tilf\u00f8rer fugt og fylde uden at tynge h\u00e5ret. Perfekt til fint, tyndt h\u00e5r.<\/p>\n<p>250ml<\/p>\n","protected":false},"excerpt":{"rendered":"<p>REF Weightless Volume Masque er en let h\u00e5rkur med volumengivende effekt, der tilf\u00f8rer fugt og fylde uden at tynge h\u00e5ret. Perfekt til fint, tyndt h\u00e5r. 250ml<\/p>\n","protected":false},"featured_media":125960,"comment_status":"open","ping_status":"closed","template":"","meta":{"_trash_the_other_posts":false},"product_brand":[],"product_cat":[620],"product_tag":[3884],"berocket_brand":[1209],"class_list":{"0":"post-125961","1":"product","2":"type-product","3":"status-publish","4":"has-post-thumbnail","6":"product_cat-harin-pakning","7":"product_tag-ref-weightless-volume-masque","8":"pa_brand-ref","9":"pa_variant-250ml","10":"berocket_brand-ref","12":"first","13":"instock","14":"sale","15":"taxable","16":"shipping-taxable","17":"purchasable","18":"product-type-simple"},"_links":{"self":[{"href":"https:\/\/stylingagenten.com\/da\/wp-json\/wp\/v2\/product\/125961","targetHints":{"allow":["GET"]}}],"collection":[{"href":"https:\/\/stylingagenten.com\/da\/wp-json\/wp\/v2\/product"}],"about":[{"href":"https:\/\/stylingagenten.com\/da\/wp-json\/wp\/v2\/types\/product"}],"replies":[{"embeddable":true,"href":"https:\/\/stylingagenten.com\/da\/wp-json\/wp\/v2\/comments?post=125961"}],"version-history":[{"count":0,"href":"https:\/\/stylingagenten.com\/da\/wp-json\/wp\/v2\/product\/125961\/revisions"}],"wp:featuredmedia":[{"embeddable":true,"href":"https:\/\/stylingagenten.com\/da\/wp-json\/wp\/v2\/media\/125960"}],"wp:attachment":[{"href":"https:\/\/stylingagenten.com\/da\/wp-json\/wp\/v2\/media?parent=125961"}],"wp:term":[{"taxonomy":"product_brand","embeddable":true,"href":"https:\/\/stylingagenten.com\/da\/wp-json\/wp\/v2\/product_brand?post=125961"},{"taxonomy":"product_cat","embeddable":true,"href":"https:\/\/stylingagenten.com\/da\/wp-json\/wp\/v2\/product_cat?post=125961"},{"taxonomy":"product_tag","embeddable":true,"href":"https:\/\/stylingagenten.com\/da\/wp-json\/wp\/v2\/product_tag?post=125961"},{"taxonomy":"berocket_brand","embeddable":true,"href":"https:\/\/stylingagenten.com\/da\/wp-json\/wp\/v2\/berocket_brand?post=125961"}],"curies":[{"name":"wp","href":"https:\/\/api.w.org\/{rel}","templated":true}]}}