{"id":125926,"date":"2025-05-18T21:59:54","date_gmt":"2025-05-18T21:59:54","guid":{"rendered":"https:\/\/staging2.stylingagenten.com\/da\/produkt\/wahl-hair-dryer-super-dry\/"},"modified":"2026-03-30T07:30:44","modified_gmt":"2026-03-30T07:30:44","slug":"wahl-hair-dryer-super-dry","status":"publish","type":"product","link":"https:\/\/stylingagenten.com\/da\/produkt\/wahl-hair-dryer-super-dry\/","title":{"rendered":"Wahl Hair dryer SUPER DRY"},"content":{"rendered":"<p>Wahl SuperDry 2000W er en st\u00e6rk ventilator til hurtig t\u00f8rring og styling. H\u00e5rt\u00f8rreren har 2 hastigheder, 3 varme med en separat kold knap. Kraftig AC-motor med lang levetid. Med moderne turmalinteknologi, der genererer negative ioner og med blid infrar\u00f8d varme.<\/p>\n<ul>\n<li>Kraftfuld 2000W AC-motor med turmalinteknologi for en glat, sundere finish.<\/li>\n<li>2 dyser, en smal en til direkte varme og en bredere til st\u00f8rre luftstr\u00f8m.<\/li>\n<li>3 varmeindstillinger og 2 hastighedsindstillinger og en koldskudsknap til at l\u00e5se stilen<\/li>\n<li>Sang med lav lydstyrke; og et ergonomisk h\u00e5ndtag, der giver dig balance og kontrol<\/li>\n<\/ul>\n","protected":false},"excerpt":{"rendered":"<p>Wahl SuperDry 2000W er en st\u00e6rk ventilator til hurtig t\u00f8rring og styling. H\u00e5rt\u00f8rreren har 2 hastigheder, 3 varme med en separat kold knap. Kraftig AC-motor med lang levetid. Med moderne turmalinteknologi, der genererer negative ioner og med blid infrar\u00f8d varme. Kraftfuld 2000W AC-motor med turmalinteknologi for en glat, sundere finish. 2 dyser, en smal en [&hellip;]<\/p>\n","protected":false},"featured_media":125925,"comment_status":"open","ping_status":"closed","template":"","meta":{"_trash_the_other_posts":false},"product_brand":[],"product_cat":[1003,612],"product_tag":[],"berocket_brand":[1145],"class_list":{"0":"post-125926","1":"product","2":"type-product","3":"status-publish","4":"has-post-thumbnail","6":"product_cat-bestsellere","7":"product_cat-harpun","8":"pa_brand-wahl","9":"berocket_brand-wahl","11":"first","12":"instock","13":"sale","14":"taxable","15":"shipping-taxable","16":"purchasable","17":"product-type-simple"},"_links":{"self":[{"href":"https:\/\/stylingagenten.com\/da\/wp-json\/wp\/v2\/product\/125926","targetHints":{"allow":["GET"]}}],"collection":[{"href":"https:\/\/stylingagenten.com\/da\/wp-json\/wp\/v2\/product"}],"about":[{"href":"https:\/\/stylingagenten.com\/da\/wp-json\/wp\/v2\/types\/product"}],"replies":[{"embeddable":true,"href":"https:\/\/stylingagenten.com\/da\/wp-json\/wp\/v2\/comments?post=125926"}],"version-history":[{"count":0,"href":"https:\/\/stylingagenten.com\/da\/wp-json\/wp\/v2\/product\/125926\/revisions"}],"wp:featuredmedia":[{"embeddable":true,"href":"https:\/\/stylingagenten.com\/da\/wp-json\/wp\/v2\/media\/125925"}],"wp:attachment":[{"href":"https:\/\/stylingagenten.com\/da\/wp-json\/wp\/v2\/media?parent=125926"}],"wp:term":[{"taxonomy":"product_brand","embeddable":true,"href":"https:\/\/stylingagenten.com\/da\/wp-json\/wp\/v2\/product_brand?post=125926"},{"taxonomy":"product_cat","embeddable":true,"href":"https:\/\/stylingagenten.com\/da\/wp-json\/wp\/v2\/product_cat?post=125926"},{"taxonomy":"product_tag","embeddable":true,"href":"https:\/\/stylingagenten.com\/da\/wp-json\/wp\/v2\/product_tag?post=125926"},{"taxonomy":"berocket_brand","embeddable":true,"href":"https:\/\/stylingagenten.com\/da\/wp-json\/wp\/v2\/berocket_brand?post=125926"}],"curies":[{"name":"wp","href":"https:\/\/api.w.org\/{rel}","templated":true}]}}