{"id":125916,"date":"2025-05-18T21:59:52","date_gmt":"2025-05-18T21:59:52","guid":{"rendered":"https:\/\/staging2.stylingagenten.com\/da\/produkt\/remington-supercare-pro-2200-ac-hairdryer\/"},"modified":"2026-03-20T14:03:31","modified_gmt":"2026-03-20T14:03:31","slug":"remington-supercare-pro-2200-ac-hairdryer","status":"publish","type":"product","link":"https:\/\/stylingagenten.com\/da\/produkt\/remington-supercare-pro-2200-ac-hairdryer\/","title":{"rendered":"Remington Supercare PRO 2200 AC Hairdryer"},"content":{"rendered":"<p>SUPERCARE PRO 2200 AC H\u00e5rt\u00f8rrer: AC7200<\/p>\n<p>F\u00f8nt\u00f8rre dit h\u00e5r, mens du plejer det. SuperCare Pro 2200 har en 2200 Watt AC-motor, der giver hurtig og kraftfuld t\u00f8rring og en Supercare-indstilling, der giver dig mulighed for at f\u00f8nt\u00f8rre dit h\u00e5r ved en lavere temperatur, der er sk\u00e5nsommere for h\u00e5ret. <br \/>Det keramiske gitter med ionisering fordeler varmen j\u00e6vnt over h\u00e5ret og har en antistatisk effekt, hvilket giver dig krusfrit h\u00e5r. Skr\u00e6ddersy din styling til dit h\u00e5r, v\u00e6lg mellem 3 varme- og to hastighedsindstillinger og rigtig kold luft, n\u00e5r du vil fikse frisuren. Med de tre medf\u00f8lgende h\u00e5rt\u00f8rrerdyser kan du nemt skabe den frisure, du \u00f8nsker. Med den tynde 7 mm dyse kan du fokusere luften, hvor du vil, og med den hurtigtt\u00f8rrende 11 mm tynde dyse har du t\u00f8rt h\u00e5r p\u00e5 ingen tid. Hvis du har kr\u00f8llet h\u00e5r, er diffusermundstykket v\u00e6rkt\u00f8jet for dig, forbedre dine naturlige kr\u00f8ller og f\u00e5 ekstra volumen uden besv\u00e6r. <\/p>\n<p>Supercare-indstilling<br \/>Pas p\u00e5 dit h\u00e5r, mens du t\u00f8rrer det, takket v\u00e6re Supercare-indstillingen kan du effektivt t\u00f8rre dit h\u00e5r ved en temperatur, der er mere sk\u00e5nsom mod h\u00e5ret. <\/p>\n<p>Hurtig og effektiv<br \/>Oplev hurtig og kraftfuld t\u00f8rring, denne h\u00e5rt\u00f8rrer er udstyret med en AC-motor af salonkvalitet. Den 2200 watt motor har b\u00e5de en lang levetid og en kraftig luftstr\u00f8m p\u00e5 130 km\/t skinnende, krusfrit h\u00e5r hver gang. <\/p>\n<p>Funktioner<br \/>\u2022Supercare-indstilling &#8211; Hurtigt\u00f8rrende ved en sundere temperatur<br \/>\u2022AC-motor p\u00e5 2200 watt &#8211; Luftstr\u00f8m: 130 km\/t <br \/>\u2022Keramisk belagt gitter til j\u00e6vn varmefordeling<br \/>\u2022 2x flere ioner* for et blankt og krusfrit resultat<br \/>\u2022Let og kompakt design til komfortabel styling<br \/>\u20223 varme- og 2 hastighedsindstillinger<br \/>\u2022Rigtig kold luft<br \/>\u20223 dyser:<br \/>o7 mm stylingmundstykke for ekstra fokus<br \/>o11 mm hurtigtt\u00f8rrende dyse<br \/>oDiffuser<br \/>\u2022Aftagelig baggrill for nem reng\u00f8ring<br \/>\u2022H\u00e6ngel\u00f8kke til praktisk opbevaring<br \/>\u20223 meter lang ledning<br \/> \u20225 \u00e5rs garanti + 1 \u00e5r ved registrering online p\u00e5 https:\/\/se.remington-europe.com\/produktregistrering<br \/>*Superior Ionic Conditioning &#8211; 2x flere ioner sammenlignet med en standard Remington h\u00e5rt\u00f8rrer<\/p>\n","protected":false},"excerpt":{"rendered":"<p>SUPERCARE PRO 2200 AC H\u00e5rt\u00f8rrer: AC7200 F\u00f8nt\u00f8rre dit h\u00e5r, mens du plejer det. SuperCare Pro 2200 har en 2200 Watt AC-motor, der giver hurtig og kraftfuld t\u00f8rring og en Supercare-indstilling, der giver dig mulighed for at f\u00f8nt\u00f8rre dit h\u00e5r ved en lavere temperatur, der er sk\u00e5nsommere for h\u00e5ret. Det keramiske gitter med ionisering fordeler varmen [&hellip;]<\/p>\n","protected":false},"featured_media":125898,"comment_status":"open","ping_status":"closed","template":"","meta":{"_trash_the_other_posts":false},"product_brand":[],"product_cat":[612],"product_tag":[],"berocket_brand":[1272],"class_list":{"0":"post-125916","1":"product","2":"type-product","3":"status-publish","4":"has-post-thumbnail","6":"product_cat-harpun","7":"pa_brand-remington","8":"berocket_brand-remington","10":"first","11":"instock","12":"sale","13":"taxable","14":"shipping-taxable","15":"purchasable","16":"product-type-simple"},"_links":{"self":[{"href":"https:\/\/stylingagenten.com\/da\/wp-json\/wp\/v2\/product\/125916","targetHints":{"allow":["GET"]}}],"collection":[{"href":"https:\/\/stylingagenten.com\/da\/wp-json\/wp\/v2\/product"}],"about":[{"href":"https:\/\/stylingagenten.com\/da\/wp-json\/wp\/v2\/types\/product"}],"replies":[{"embeddable":true,"href":"https:\/\/stylingagenten.com\/da\/wp-json\/wp\/v2\/comments?post=125916"}],"version-history":[{"count":0,"href":"https:\/\/stylingagenten.com\/da\/wp-json\/wp\/v2\/product\/125916\/revisions"}],"wp:featuredmedia":[{"embeddable":true,"href":"https:\/\/stylingagenten.com\/da\/wp-json\/wp\/v2\/media\/125898"}],"wp:attachment":[{"href":"https:\/\/stylingagenten.com\/da\/wp-json\/wp\/v2\/media?parent=125916"}],"wp:term":[{"taxonomy":"product_brand","embeddable":true,"href":"https:\/\/stylingagenten.com\/da\/wp-json\/wp\/v2\/product_brand?post=125916"},{"taxonomy":"product_cat","embeddable":true,"href":"https:\/\/stylingagenten.com\/da\/wp-json\/wp\/v2\/product_cat?post=125916"},{"taxonomy":"product_tag","embeddable":true,"href":"https:\/\/stylingagenten.com\/da\/wp-json\/wp\/v2\/product_tag?post=125916"},{"taxonomy":"berocket_brand","embeddable":true,"href":"https:\/\/stylingagenten.com\/da\/wp-json\/wp\/v2\/berocket_brand?post=125916"}],"curies":[{"name":"wp","href":"https:\/\/api.w.org\/{rel}","templated":true}]}}