{"id":125901,"date":"2025-05-18T21:59:49","date_gmt":"2025-05-18T21:59:49","guid":{"rendered":"https:\/\/staging2.stylingagenten.com\/da\/produkt\/remington-travel-dryer-1400w\/"},"modified":"2026-03-23T21:57:29","modified_gmt":"2026-03-23T21:57:29","slug":"remington-travel-dryer-1400w","status":"publish","type":"product","link":"https:\/\/stylingagenten.com\/da\/produkt\/remington-travel-dryer-1400w\/","title":{"rendered":"Remington Travel Dryer 1400W"},"content":{"rendered":"<p>On the go h\u00e5rt\u00f8rrer- D2400<\/p>\n<p>Kompakt rejse h\u00e5rt\u00f8rrer har et foldbart h\u00e5ndtag til nem opbevaring og sp\u00e6ndingsjustering for hele verden. 2 varme-\/hastighedsindstillinger og 1400 Watt med medf\u00f8lgende stylingmundstykke. <\/p>\n<p>\u2022 1400 watt kompakt h\u00e5rt\u00f8rrer<br \/>\u2022 2 varme- og hastighedsindstillinger<br \/>\u2022 Sammenfoldeligt h\u00e5ndtag for nem opbevaring<br \/>\u2022 Koncentrator<br \/>\u2022 Oph\u00e6ngsl\u00f8kke<br \/>\u2022 1,8 meter lang ledning<br \/> \u2022 Voltkonvertering for hele verden<\/p>\n","protected":false},"excerpt":{"rendered":"<p>On the go h\u00e5rt\u00f8rrer- D2400 Kompakt rejse h\u00e5rt\u00f8rrer har et foldbart h\u00e5ndtag til nem opbevaring og sp\u00e6ndingsjustering for hele verden. 2 varme-\/hastighedsindstillinger og 1400 Watt med medf\u00f8lgende stylingmundstykke. \u2022 1400 watt kompakt h\u00e5rt\u00f8rrer\u2022 2 varme- og hastighedsindstillinger\u2022 Sammenfoldeligt h\u00e5ndtag for nem opbevaring\u2022 Koncentrator\u2022 Oph\u00e6ngsl\u00f8kke\u2022 1,8 meter lang ledning \u2022 Voltkonvertering for hele verden<\/p>\n","protected":false},"featured_media":125895,"comment_status":"open","ping_status":"closed","template":"","meta":{"_trash_the_other_posts":false},"product_brand":[],"product_cat":[612],"product_tag":[],"berocket_brand":[1272],"class_list":{"0":"post-125901","1":"product","2":"type-product","3":"status-publish","4":"has-post-thumbnail","6":"product_cat-harpun","7":"pa_brand-remington","8":"berocket_brand-remington","10":"first","11":"instock","12":"sale","13":"taxable","14":"shipping-taxable","15":"purchasable","16":"product-type-simple"},"_links":{"self":[{"href":"https:\/\/stylingagenten.com\/da\/wp-json\/wp\/v2\/product\/125901","targetHints":{"allow":["GET"]}}],"collection":[{"href":"https:\/\/stylingagenten.com\/da\/wp-json\/wp\/v2\/product"}],"about":[{"href":"https:\/\/stylingagenten.com\/da\/wp-json\/wp\/v2\/types\/product"}],"replies":[{"embeddable":true,"href":"https:\/\/stylingagenten.com\/da\/wp-json\/wp\/v2\/comments?post=125901"}],"version-history":[{"count":0,"href":"https:\/\/stylingagenten.com\/da\/wp-json\/wp\/v2\/product\/125901\/revisions"}],"wp:featuredmedia":[{"embeddable":true,"href":"https:\/\/stylingagenten.com\/da\/wp-json\/wp\/v2\/media\/125895"}],"wp:attachment":[{"href":"https:\/\/stylingagenten.com\/da\/wp-json\/wp\/v2\/media?parent=125901"}],"wp:term":[{"taxonomy":"product_brand","embeddable":true,"href":"https:\/\/stylingagenten.com\/da\/wp-json\/wp\/v2\/product_brand?post=125901"},{"taxonomy":"product_cat","embeddable":true,"href":"https:\/\/stylingagenten.com\/da\/wp-json\/wp\/v2\/product_cat?post=125901"},{"taxonomy":"product_tag","embeddable":true,"href":"https:\/\/stylingagenten.com\/da\/wp-json\/wp\/v2\/product_tag?post=125901"},{"taxonomy":"berocket_brand","embeddable":true,"href":"https:\/\/stylingagenten.com\/da\/wp-json\/wp\/v2\/berocket_brand?post=125901"}],"curies":[{"name":"wp","href":"https:\/\/api.w.org\/{rel}","templated":true}]}}