{"id":125894,"date":"2025-05-18T21:59:47","date_gmt":"2025-05-18T21:59:47","guid":{"rendered":"https:\/\/staging2.stylingagenten.com\/da\/produkt\/remington-compact-dryer-2000w\/"},"modified":"2026-04-09T05:38:30","modified_gmt":"2026-04-09T05:38:30","slug":"remington-compact-dryer-2000w","status":"publish","type":"product","link":"https:\/\/stylingagenten.com\/da\/produkt\/remington-compact-dryer-2000w\/","title":{"rendered":"Remington Compact Dryer 2000W"},"content":{"rendered":"<p>Nu kan du skabe din yndlingsstil, uanset hvor du er, takket v\u00e6re vores On The Go Compact Dryer 2000, din perfekte rejseledsager.<br \/>Vores specialudviklede kompakte h\u00e5rt\u00f8rrer er udstyret med et foldbart h\u00e5ndtag og aftagelig diffuser, hvilket g\u00f8r den ideel til at passe i alle taske.<\/p>\n<p>Med to varmeindstillinger og hele 2000 Watt kan du stole p\u00e5, at denne lille helt hj\u00e6lper dig med at skabe smukke frisurer hvor som helst og n\u00e5r som helst. <\/p>\n<p>\u2022 2000 watt kompakt h\u00e5rt\u00f8rrer<br \/>\u2022 2 varme- og hastighedsindstillinger<br \/>\u2022 Sammenfoldeligt h\u00e5ndtag for nem opbevaring<br \/>\u2022 Koncentrator<br \/>\u2022 Kompakt diffuser<br \/>\u2022 H\u00e6ngel\u00f8kke<br \/> \u2022 1,8 meter lang ledning<br \/>\u2022 Aftagelig baggrill for nem reng\u00f8ring<br \/>\u2022 Sp\u00e6ndingskonvertering for hele verden<\/p>\n","protected":false},"excerpt":{"rendered":"<p>Nu kan du skabe din yndlingsstil, uanset hvor du er, takket v\u00e6re vores On The Go Compact Dryer 2000, din perfekte rejseledsager.Vores specialudviklede kompakte h\u00e5rt\u00f8rrer er udstyret med et foldbart h\u00e5ndtag og aftagelig diffuser, hvilket g\u00f8r den ideel til at passe i alle taske. Med to varmeindstillinger og hele 2000 Watt kan du stole p\u00e5, [&hellip;]<\/p>\n","protected":false},"featured_media":125878,"comment_status":"open","ping_status":"closed","template":"","meta":{"_trash_the_other_posts":false},"product_brand":[],"product_cat":[612],"product_tag":[],"berocket_brand":[1272],"class_list":{"0":"post-125894","1":"product","2":"type-product","3":"status-publish","4":"has-post-thumbnail","6":"product_cat-harpun","7":"pa_brand-remington","8":"berocket_brand-remington","10":"first","11":"instock","12":"sale","13":"taxable","14":"shipping-taxable","15":"purchasable","16":"product-type-simple"},"_links":{"self":[{"href":"https:\/\/stylingagenten.com\/da\/wp-json\/wp\/v2\/product\/125894","targetHints":{"allow":["GET"]}}],"collection":[{"href":"https:\/\/stylingagenten.com\/da\/wp-json\/wp\/v2\/product"}],"about":[{"href":"https:\/\/stylingagenten.com\/da\/wp-json\/wp\/v2\/types\/product"}],"replies":[{"embeddable":true,"href":"https:\/\/stylingagenten.com\/da\/wp-json\/wp\/v2\/comments?post=125894"}],"version-history":[{"count":0,"href":"https:\/\/stylingagenten.com\/da\/wp-json\/wp\/v2\/product\/125894\/revisions"}],"wp:featuredmedia":[{"embeddable":true,"href":"https:\/\/stylingagenten.com\/da\/wp-json\/wp\/v2\/media\/125878"}],"wp:attachment":[{"href":"https:\/\/stylingagenten.com\/da\/wp-json\/wp\/v2\/media?parent=125894"}],"wp:term":[{"taxonomy":"product_brand","embeddable":true,"href":"https:\/\/stylingagenten.com\/da\/wp-json\/wp\/v2\/product_brand?post=125894"},{"taxonomy":"product_cat","embeddable":true,"href":"https:\/\/stylingagenten.com\/da\/wp-json\/wp\/v2\/product_cat?post=125894"},{"taxonomy":"product_tag","embeddable":true,"href":"https:\/\/stylingagenten.com\/da\/wp-json\/wp\/v2\/product_tag?post=125894"},{"taxonomy":"berocket_brand","embeddable":true,"href":"https:\/\/stylingagenten.com\/da\/wp-json\/wp\/v2\/berocket_brand?post=125894"}],"curies":[{"name":"wp","href":"https:\/\/api.w.org\/{rel}","templated":true}]}}