{"id":125889,"date":"2025-05-18T21:59:46","date_gmt":"2025-05-18T21:59:46","guid":{"rendered":"https:\/\/staging2.stylingagenten.com\/da\/produkt\/remington-thermacare-pro-2200\/"},"modified":"2026-04-14T10:18:37","modified_gmt":"2026-04-14T10:18:37","slug":"remington-thermacare-pro-2200","status":"publish","type":"product","link":"https:\/\/stylingagenten.com\/da\/produkt\/remington-thermacare-pro-2200\/","title":{"rendered":"Remington Thermacare PRO 2200"},"content":{"rendered":"<p>THERMACARE PRO 2200 DRYER<br \/>For en k\u00f8lig, samlet dig<\/p>\n<p>Med Thermacare Pro 2200 kan du t\u00f8rre dit h\u00e5r hurtigt, men med mindre varme* for at give den beskyttelse, du har brug for, for at undg\u00e5 un\u00f8dvendigt slid uden at g\u00e5 p\u00e5 kompromis med ydeevnen .<br \/>Den elegante matsorte h\u00e5rt\u00f8rrer har en ydeevne p\u00e5 2200W, men med mindre varme for at give ekstra beskyttelse til h\u00e5ret. Det keramiske gitter giver en j\u00e6vn og stabil varmefordeling og med den ioniske konditionering modvirker du statisk elektricitet og f\u00e5r et j\u00e6vnt og glat resultat. Baggrillen er aftagelig og nem at reng\u00f8re, hvilket g\u00f8r den nemmere end nogensinde at vedligeholde.<br \/>Med 3 varmeindstillinger og 2 hastigheder kan du tilpasse den til dine behov. Afslut stylingen med k\u00f8lig luft for at sikre, at din frisure holder, uanset hvad dagen byder p\u00e5.<\/p>\n<p>Funktioner<br \/>\u20222200W ydeevne \/ 80km\/t luftstr\u00f8m<br \/>\u2022Kraftfuld, men sk\u00e5nsom 2000W h\u00e5rt\u00f8rrer med samme t\u00f8rring hastighed som en 2200 watt h\u00e5rt\u00f8rrer, men med mere beskyttelse*.<br \/>\u2022Keramisk grill med antistatisk grill<br \/>\u2022Smal h\u00e5rt\u00f8rrermundstykke<br \/>\u2022Justerbar indstilling: 3 varmetilstande \/ 2 hastigheder<br \/>\u2022Koldluftfunktion <br \/>\u2022H\u00e6ngel\u00f8kke<br \/> \u2022Aftageligt gitter for nem reng\u00f8ring<br \/>\u20222 \u00e5rs garanti +1 \u00e5r ved registrering online<\/p>\n<p>*Sammenlignet med en standard Remington 2200W h\u00e5rt\u00f8rrer<\/p>\n","protected":false},"excerpt":{"rendered":"<p>THERMACARE PRO 2200 DRYERFor en k\u00f8lig, samlet dig Med Thermacare Pro 2200 kan du t\u00f8rre dit h\u00e5r hurtigt, men med mindre varme* for at give den beskyttelse, du har brug for, for at undg\u00e5 un\u00f8dvendigt slid uden at g\u00e5 p\u00e5 kompromis med ydeevnen .Den elegante matsorte h\u00e5rt\u00f8rrer har en ydeevne p\u00e5 2200W, men med mindre [&hellip;]<\/p>\n","protected":false},"featured_media":125877,"comment_status":"open","ping_status":"closed","template":"","meta":{"_trash_the_other_posts":false},"product_brand":[],"product_cat":[612],"product_tag":[],"berocket_brand":[1272],"class_list":{"0":"post-125889","1":"product","2":"type-product","3":"status-publish","4":"has-post-thumbnail","6":"product_cat-harpun","7":"pa_brand-remington","8":"berocket_brand-remington","10":"first","11":"instock","12":"sale","13":"taxable","14":"shipping-taxable","15":"purchasable","16":"product-type-simple"},"_links":{"self":[{"href":"https:\/\/stylingagenten.com\/da\/wp-json\/wp\/v2\/product\/125889","targetHints":{"allow":["GET"]}}],"collection":[{"href":"https:\/\/stylingagenten.com\/da\/wp-json\/wp\/v2\/product"}],"about":[{"href":"https:\/\/stylingagenten.com\/da\/wp-json\/wp\/v2\/types\/product"}],"replies":[{"embeddable":true,"href":"https:\/\/stylingagenten.com\/da\/wp-json\/wp\/v2\/comments?post=125889"}],"version-history":[{"count":0,"href":"https:\/\/stylingagenten.com\/da\/wp-json\/wp\/v2\/product\/125889\/revisions"}],"wp:featuredmedia":[{"embeddable":true,"href":"https:\/\/stylingagenten.com\/da\/wp-json\/wp\/v2\/media\/125877"}],"wp:attachment":[{"href":"https:\/\/stylingagenten.com\/da\/wp-json\/wp\/v2\/media?parent=125889"}],"wp:term":[{"taxonomy":"product_brand","embeddable":true,"href":"https:\/\/stylingagenten.com\/da\/wp-json\/wp\/v2\/product_brand?post=125889"},{"taxonomy":"product_cat","embeddable":true,"href":"https:\/\/stylingagenten.com\/da\/wp-json\/wp\/v2\/product_cat?post=125889"},{"taxonomy":"product_tag","embeddable":true,"href":"https:\/\/stylingagenten.com\/da\/wp-json\/wp\/v2\/product_tag?post=125889"},{"taxonomy":"berocket_brand","embeddable":true,"href":"https:\/\/stylingagenten.com\/da\/wp-json\/wp\/v2\/berocket_brand?post=125889"}],"curies":[{"name":"wp","href":"https:\/\/api.w.org\/{rel}","templated":true}]}}