{"id":125861,"date":"2025-05-18T21:59:41","date_gmt":"2025-05-18T21:59:41","guid":{"rendered":"https:\/\/staging2.stylingagenten.com\/da\/produkt\/remington-your-style-dryer-kit\/"},"modified":"2026-03-11T22:00:41","modified_gmt":"2026-03-11T22:00:41","slug":"remington-your-style-dryer-kit","status":"publish","type":"product","link":"https:\/\/stylingagenten.com\/da\/produkt\/remington-your-style-dryer-kit\/","title":{"rendered":"Remington Your Style Dryer Kit"},"content":{"rendered":"<p>Dit stilt\u00f8rres\u00e6t D5219<br \/>Skab din personlige stil!<br \/>Dit stilt\u00f8rres\u00e6t hj\u00e6lper dig med at skabe din egen stil og giver dig fuldst\u00e6ndig stylingfrihed.<br \/>Uanset hvilken stil du v\u00e6lger, er der et tilbeh\u00f8r, der er godt Hj\u00e6lp. V\u00e6lg Concentrator for en luksuri\u00f8s glat og f\u00f8nt\u00f8rret finish. Hvis du har naturligt kr\u00f8llet eller b\u00f8lget h\u00e5r, kan du bruge Diffuseren til at styrke og forme frisuren. Og hvis du vil have volumen p\u00e5 dit h\u00e5r, der f\u00e5r folk til at \u00e5bne \u00f8jnene, s\u00e5 v\u00e6lg den innovative Root Boost.<\/p>\n<p>Flyve- og statisk h\u00e5r bek\u00e6mpes ved hj\u00e6lp af den smarte ioniske konditionering, der g\u00f8r h\u00e5ret glat og skinnende. Med en professionel og kraftfuld 2.300W motor, varme- og hastighedsindstillinger f\u00e5r du lige s\u00e5 god kontrol over f\u00f8nt\u00f8rringen, som hvis den blev gjort i en salon.<\/p>\n<p>H\u00f8jtydende h\u00e5rt\u00f8rrer og tilbeh\u00f8r til forskellige frisurer <br \/> Kraftig 2300 W motor og h\u00e5rt\u00f8rrer 85 km\/t<br \/>Ioniseringsgenerator &#8211; 90 % flere ioner* fjerner statisk elektricitet og g\u00f8r h\u00e5ret bl\u00f8dt og skinnende<br \/>3 indstillinger for varme \/ 2 for hastighed<br \/>Cool shot knap for at fikse frisuren efter t\u00f8rring<br \/>St\u00f8jsvag drift<br \/>Gitteret p\u00e5 bagsiden kan tages af for reng\u00f8ring<br \/>H\u00e6ngel\u00f8kke<br \/>V\u00e6gt: ca. 435g<\/p>\n<p>T\u00f8rres\u00e6t indeholder: Koncentrator, som samler luftstr\u00f8mmen til luksuri\u00f8s styling<br \/>Diffuser, som spreder luftstr\u00f8mmen og skaber naturlige kr\u00f8ller<br \/>Root Boost for mere volumen.<\/p>\n","protected":false},"excerpt":{"rendered":"<p>Dit stilt\u00f8rres\u00e6t D5219Skab din personlige stil!Dit stilt\u00f8rres\u00e6t hj\u00e6lper dig med at skabe din egen stil og giver dig fuldst\u00e6ndig stylingfrihed.Uanset hvilken stil du v\u00e6lger, er der et tilbeh\u00f8r, der er godt Hj\u00e6lp. V\u00e6lg Concentrator for en luksuri\u00f8s glat og f\u00f8nt\u00f8rret finish. Hvis du har naturligt kr\u00f8llet eller b\u00f8lget h\u00e5r, kan du bruge Diffuseren til at [&hellip;]<\/p>\n","protected":false},"featured_media":125856,"comment_status":"open","ping_status":"closed","template":"","meta":{"_trash_the_other_posts":false},"product_brand":[],"product_cat":[612],"product_tag":[],"berocket_brand":[1272],"class_list":{"0":"post-125861","1":"product","2":"type-product","3":"status-publish","4":"has-post-thumbnail","6":"product_cat-harpun","7":"pa_brand-remington","8":"berocket_brand-remington","10":"first","11":"instock","12":"sale","13":"taxable","14":"shipping-taxable","15":"purchasable","16":"product-type-simple"},"_links":{"self":[{"href":"https:\/\/stylingagenten.com\/da\/wp-json\/wp\/v2\/product\/125861","targetHints":{"allow":["GET"]}}],"collection":[{"href":"https:\/\/stylingagenten.com\/da\/wp-json\/wp\/v2\/product"}],"about":[{"href":"https:\/\/stylingagenten.com\/da\/wp-json\/wp\/v2\/types\/product"}],"replies":[{"embeddable":true,"href":"https:\/\/stylingagenten.com\/da\/wp-json\/wp\/v2\/comments?post=125861"}],"version-history":[{"count":0,"href":"https:\/\/stylingagenten.com\/da\/wp-json\/wp\/v2\/product\/125861\/revisions"}],"wp:featuredmedia":[{"embeddable":true,"href":"https:\/\/stylingagenten.com\/da\/wp-json\/wp\/v2\/media\/125856"}],"wp:attachment":[{"href":"https:\/\/stylingagenten.com\/da\/wp-json\/wp\/v2\/media?parent=125861"}],"wp:term":[{"taxonomy":"product_brand","embeddable":true,"href":"https:\/\/stylingagenten.com\/da\/wp-json\/wp\/v2\/product_brand?post=125861"},{"taxonomy":"product_cat","embeddable":true,"href":"https:\/\/stylingagenten.com\/da\/wp-json\/wp\/v2\/product_cat?post=125861"},{"taxonomy":"product_tag","embeddable":true,"href":"https:\/\/stylingagenten.com\/da\/wp-json\/wp\/v2\/product_tag?post=125861"},{"taxonomy":"berocket_brand","embeddable":true,"href":"https:\/\/stylingagenten.com\/da\/wp-json\/wp\/v2\/berocket_brand?post=125861"}],"curies":[{"name":"wp","href":"https:\/\/api.w.org\/{rel}","templated":true}]}}