{"id":125851,"date":"2025-05-18T21:59:39","date_gmt":"2025-05-18T21:59:39","guid":{"rendered":"https:\/\/staging2.stylingagenten.com\/da\/produkt\/parlux-advance-pink\/"},"modified":"2026-03-11T22:04:41","modified_gmt":"2026-03-11T22:04:41","slug":"parlux-advance-pink","status":"publish","type":"product","link":"https:\/\/stylingagenten.com\/da\/produkt\/parlux-advance-pink\/","title":{"rendered":"Parlux Advance Pink"},"content":{"rendered":"<p>Parlux Advance Pink<br \/>Den nyeste tilf\u00f8jelse til Parlux-familien hedder Parlux Advance. Den forbedrede motor giver overlegen ydeevne med l\u00e6ngere levetid. Parlux Advance er let og velafbalanceret med et godt greb. H\u00e5rt\u00f8rreren med alle de tekniske funktioner er nu klar til at im\u00f8dekomme fris\u00f8rernes h\u00f8je krav og blive den nye favorit h\u00e5rt\u00f8rrer.<\/p>\n<p>Fordele: Meget kraftfuld for sin v\u00e6gt, milj\u00f8venlig.<br \/>Effekt: 1350 liter luft\/minut.<br \/>Kenskaber: 2200 Watt, 4 temperaturindstillinger, 2 hastighedsindstillinger, \u00f8jeblikkelig afk\u00f8lingsknap, Avanceret Klamination-motor, Keramisk\/ionisk teknologi, indbygget lydd\u00e6mper.<br \/>V\u00e6gt: 470g<br \/>Kabel: 3 meter<br \/>Inkluderet: 2 dyser<br \/>H\u00e5rt\u00f8rrermundstykket i diameter: 4,5 cm<\/p>\n","protected":false},"excerpt":{"rendered":"<p>Parlux Advance PinkDen nyeste tilf\u00f8jelse til Parlux-familien hedder Parlux Advance. Den forbedrede motor giver overlegen ydeevne med l\u00e6ngere levetid. Parlux Advance er let og velafbalanceret med et godt greb. H\u00e5rt\u00f8rreren med alle de tekniske funktioner er nu klar til at im\u00f8dekomme fris\u00f8rernes h\u00f8je krav og blive den nye favorit h\u00e5rt\u00f8rrer. Fordele: Meget kraftfuld for sin [&hellip;]<\/p>\n","protected":false},"featured_media":125850,"comment_status":"open","ping_status":"closed","template":"","meta":{"_trash_the_other_posts":false},"product_brand":[],"product_cat":[612],"product_tag":[],"berocket_brand":[1162],"class_list":{"0":"post-125851","1":"product","2":"type-product","3":"status-publish","4":"has-post-thumbnail","6":"product_cat-harpun","7":"pa_brand-parlux","8":"berocket_brand-parlux","10":"first","11":"instock","12":"sale","13":"taxable","14":"shipping-taxable","15":"purchasable","16":"product-type-simple"},"_links":{"self":[{"href":"https:\/\/stylingagenten.com\/da\/wp-json\/wp\/v2\/product\/125851","targetHints":{"allow":["GET"]}}],"collection":[{"href":"https:\/\/stylingagenten.com\/da\/wp-json\/wp\/v2\/product"}],"about":[{"href":"https:\/\/stylingagenten.com\/da\/wp-json\/wp\/v2\/types\/product"}],"replies":[{"embeddable":true,"href":"https:\/\/stylingagenten.com\/da\/wp-json\/wp\/v2\/comments?post=125851"}],"version-history":[{"count":0,"href":"https:\/\/stylingagenten.com\/da\/wp-json\/wp\/v2\/product\/125851\/revisions"}],"wp:featuredmedia":[{"embeddable":true,"href":"https:\/\/stylingagenten.com\/da\/wp-json\/wp\/v2\/media\/125850"}],"wp:attachment":[{"href":"https:\/\/stylingagenten.com\/da\/wp-json\/wp\/v2\/media?parent=125851"}],"wp:term":[{"taxonomy":"product_brand","embeddable":true,"href":"https:\/\/stylingagenten.com\/da\/wp-json\/wp\/v2\/product_brand?post=125851"},{"taxonomy":"product_cat","embeddable":true,"href":"https:\/\/stylingagenten.com\/da\/wp-json\/wp\/v2\/product_cat?post=125851"},{"taxonomy":"product_tag","embeddable":true,"href":"https:\/\/stylingagenten.com\/da\/wp-json\/wp\/v2\/product_tag?post=125851"},{"taxonomy":"berocket_brand","embeddable":true,"href":"https:\/\/stylingagenten.com\/da\/wp-json\/wp\/v2\/berocket_brand?post=125851"}],"curies":[{"name":"wp","href":"https:\/\/api.w.org\/{rel}","templated":true}]}}