{"id":125849,"date":"2025-05-18T21:59:38","date_gmt":"2025-05-18T21:59:38","guid":{"rendered":"https:\/\/staging2.stylingagenten.com\/da\/produkt\/remington-proluxe-dryer\/"},"modified":"2026-03-11T22:04:41","modified_gmt":"2026-03-11T22:04:41","slug":"remington-proluxe-dryer","status":"publish","type":"product","link":"https:\/\/stylingagenten.com\/da\/produkt\/remington-proluxe-dryer\/","title":{"rendered":"Remington PROluxe Dryer"},"content":{"rendered":"<p>Vil du have en salonf\u00f8lelse, n\u00e5r du f\u00f8nt\u00f8rrer dit h\u00e5r? Med den nye PROLuxe h\u00e5rt\u00f8rrer f\u00e5r du netop det og samtidig et utroligt j\u00e6vnt og krusfrit resultat.<br \/>Med intelligent OptiHeat teknologi og den unikke StyleShot funktion bruger PROluxe h\u00e5rt\u00f8rreren varmen p\u00e5 en smartere m\u00e5de og tillader dig at style en frisure, der giver et langtidsholdbart resultat. Den specialdesignede koncentrator giver dig varme, hvor der er brug for det. Takket v\u00e6re koncentratorens design f\u00e5r du en forbedret luftgennemstr\u00f8mning og bedre varmefordeling.<br \/>PROLuxe h\u00e5rt\u00f8rrer er udstyret med ionisering, der giver et krusfrit resultat med mere glans.<\/p>\n<p>\u2022Kraftfuld AC-motor p\u00e5 2400W<br \/> \u202290 % flere ioner for frizz-fri glans<br \/>\u2022Intelligent OptiHeat-teknologi giver varme, hvor det er n\u00f8dvendigt<br \/>\u2022Pro+ og StyleShot-indstilling<br \/>\u2022Eksklusiv Remington-mundstykke til optimal varmefordeling<br \/> \u2022Forbedret luftstr\u00f8m og varmefordeling <br \/>\u2022Salonresultater, der holder hele dagen<\/p>\n","protected":false},"excerpt":{"rendered":"<p>Vil du have en salonf\u00f8lelse, n\u00e5r du f\u00f8nt\u00f8rrer dit h\u00e5r? Med den nye PROLuxe h\u00e5rt\u00f8rrer f\u00e5r du netop det og samtidig et utroligt j\u00e6vnt og krusfrit resultat.Med intelligent OptiHeat teknologi og den unikke StyleShot funktion bruger PROluxe h\u00e5rt\u00f8rreren varmen p\u00e5 en smartere m\u00e5de og tillader dig at style en frisure, der giver et langtidsholdbart resultat. [&hellip;]<\/p>\n","protected":false},"featured_media":125842,"comment_status":"open","ping_status":"closed","template":"","meta":{"_trash_the_other_posts":false},"product_brand":[],"product_cat":[612],"product_tag":[],"berocket_brand":[1272],"class_list":{"0":"post-125849","1":"product","2":"type-product","3":"status-publish","4":"has-post-thumbnail","6":"product_cat-harpun","7":"pa_brand-remington","8":"berocket_brand-remington","10":"first","11":"instock","12":"sale","13":"taxable","14":"shipping-taxable","15":"purchasable","16":"product-type-simple"},"_links":{"self":[{"href":"https:\/\/stylingagenten.com\/da\/wp-json\/wp\/v2\/product\/125849","targetHints":{"allow":["GET"]}}],"collection":[{"href":"https:\/\/stylingagenten.com\/da\/wp-json\/wp\/v2\/product"}],"about":[{"href":"https:\/\/stylingagenten.com\/da\/wp-json\/wp\/v2\/types\/product"}],"replies":[{"embeddable":true,"href":"https:\/\/stylingagenten.com\/da\/wp-json\/wp\/v2\/comments?post=125849"}],"version-history":[{"count":0,"href":"https:\/\/stylingagenten.com\/da\/wp-json\/wp\/v2\/product\/125849\/revisions"}],"wp:featuredmedia":[{"embeddable":true,"href":"https:\/\/stylingagenten.com\/da\/wp-json\/wp\/v2\/media\/125842"}],"wp:attachment":[{"href":"https:\/\/stylingagenten.com\/da\/wp-json\/wp\/v2\/media?parent=125849"}],"wp:term":[{"taxonomy":"product_brand","embeddable":true,"href":"https:\/\/stylingagenten.com\/da\/wp-json\/wp\/v2\/product_brand?post=125849"},{"taxonomy":"product_cat","embeddable":true,"href":"https:\/\/stylingagenten.com\/da\/wp-json\/wp\/v2\/product_cat?post=125849"},{"taxonomy":"product_tag","embeddable":true,"href":"https:\/\/stylingagenten.com\/da\/wp-json\/wp\/v2\/product_tag?post=125849"},{"taxonomy":"berocket_brand","embeddable":true,"href":"https:\/\/stylingagenten.com\/da\/wp-json\/wp\/v2\/berocket_brand?post=125849"}],"curies":[{"name":"wp","href":"https:\/\/api.w.org\/{rel}","templated":true}]}}