{"id":125499,"date":"2025-05-18T21:58:15","date_gmt":"2025-05-18T21:58:15","guid":{"rendered":"https:\/\/staging2.stylingagenten.com\/da\/produkt\/wella-color-touch-pure-naturals-7-0-medium-blonde\/"},"modified":"2026-03-13T14:39:54","modified_gmt":"2026-03-13T14:39:54","slug":"wella-color-touch-pure-naturals-7-0-medium-blonde","status":"publish","type":"product","link":"https:\/\/stylingagenten.com\/da\/produkt\/wella-color-touch-pure-naturals-7-0-medium-blonde\/","title":{"rendered":"Wella Color Touch Pure Naturals 7\/0 Medium Blonde"},"content":{"rendered":"<p>Color Touch er et farvesystem, der best\u00e5r af intense nuancer, hvor glitrende farver og fantastisk glans skaber et uimodst\u00e5eligt og super naturligt farveresultat. Opn\u00e5 forbedrede farveresultater med Color Touch, som giver op til 63 % mere glans og op til 57 % mere multifacetteret farve sammenlignet med ubehandlet h\u00e5r. Det eksklusive Light2Color-kompleks bringer h\u00e5ret til live og skaber en harmoni af skr\u00f8belige farvepigmenter og lys, der fremh\u00e6ver dit h\u00e5rs sk\u00f8nhed med farvestr\u00e5 og lys. Color Touch indeholder fiberprotein og naturlig voks, der udglatter h\u00e5ret og g\u00f8r det exceptionelt skinnende. Den plejende formel er sk\u00e5nsom og ammoniakfri, og den beskytter h\u00e5rets naturlige, indre struktur.<\/p>\n","protected":false},"excerpt":{"rendered":"<p>Color Touch er et farvesystem, der best\u00e5r af intense nuancer, hvor glitrende farver og fantastisk glans skaber et uimodst\u00e5eligt og super naturligt farveresultat. Opn\u00e5 forbedrede farveresultater med Color Touch, som giver op til 63 % mere glans og op til 57 % mere multifacetteret farve sammenlignet med ubehandlet h\u00e5r. Det eksklusive Light2Color-kompleks bringer h\u00e5ret til [&hellip;]<\/p>\n","protected":false},"featured_media":125486,"comment_status":"open","ping_status":"closed","template":"","meta":{"_trash_the_other_posts":false},"product_brand":[],"product_cat":[1002],"product_tag":[4062],"berocket_brand":[1030],"class_list":{"0":"post-125499","1":"product","2":"type-product","3":"status-publish","4":"has-post-thumbnail","6":"product_cat-toning","7":"product_tag-wella-color-touch-pure-naturals","8":"pa_brand-wella","9":"pa_variant-7-0-medium-blonde","10":"berocket_brand-wella","12":"first","13":"instock","14":"sale","15":"taxable","16":"shipping-taxable","17":"purchasable","18":"product-type-simple"},"_links":{"self":[{"href":"https:\/\/stylingagenten.com\/da\/wp-json\/wp\/v2\/product\/125499","targetHints":{"allow":["GET"]}}],"collection":[{"href":"https:\/\/stylingagenten.com\/da\/wp-json\/wp\/v2\/product"}],"about":[{"href":"https:\/\/stylingagenten.com\/da\/wp-json\/wp\/v2\/types\/product"}],"replies":[{"embeddable":true,"href":"https:\/\/stylingagenten.com\/da\/wp-json\/wp\/v2\/comments?post=125499"}],"version-history":[{"count":0,"href":"https:\/\/stylingagenten.com\/da\/wp-json\/wp\/v2\/product\/125499\/revisions"}],"wp:featuredmedia":[{"embeddable":true,"href":"https:\/\/stylingagenten.com\/da\/wp-json\/wp\/v2\/media\/125486"}],"wp:attachment":[{"href":"https:\/\/stylingagenten.com\/da\/wp-json\/wp\/v2\/media?parent=125499"}],"wp:term":[{"taxonomy":"product_brand","embeddable":true,"href":"https:\/\/stylingagenten.com\/da\/wp-json\/wp\/v2\/product_brand?post=125499"},{"taxonomy":"product_cat","embeddable":true,"href":"https:\/\/stylingagenten.com\/da\/wp-json\/wp\/v2\/product_cat?post=125499"},{"taxonomy":"product_tag","embeddable":true,"href":"https:\/\/stylingagenten.com\/da\/wp-json\/wp\/v2\/product_tag?post=125499"},{"taxonomy":"berocket_brand","embeddable":true,"href":"https:\/\/stylingagenten.com\/da\/wp-json\/wp\/v2\/berocket_brand?post=125499"}],"curies":[{"name":"wp","href":"https:\/\/api.w.org\/{rel}","templated":true}]}}