{"id":125163,"date":"2025-05-18T21:56:34","date_gmt":"2025-05-18T21:56:34","guid":{"rendered":"https:\/\/staging2.stylingagenten.com\/da\/produkt\/schwarzkopf-professional-igora-vibrance-kit-8-19-light-blonde-cendre-violet\/"},"modified":"2025-12-18T21:56:12","modified_gmt":"2025-12-18T21:56:12","slug":"schwarzkopf-professional-igora-vibrance-kit-8-19-light-blonde-cendre-violet","status":"publish","type":"product","link":"https:\/\/stylingagenten.com\/da\/produkt\/schwarzkopf-professional-igora-vibrance-kit-8-19-light-blonde-cendre-violet\/","title":{"rendered":"Schwarzkopf Professional Igora Vibrance Kit 8-19 Light Blonde Cendr\u00e9 Violet"},"content":{"rendered":"<p>Schwarzkopf Professional Igora Vibrance Kit 8-19 Light Blonde Cendr\u00e9 Violet er en demi-permanent tone-i-tone h\u00e5rfarve med integreret FibreBond-teknologi, der skaber en naturlig tone og giver op til 50 % hvidt h\u00e5rudj\u00e6vning. Activator-systemet giver dig mulighed for at v\u00e6lge mellem en hurtig p\u00e5f\u00f8ring med gel eller en mere pr\u00e6cis p\u00e5f\u00f8ring med creme og takket v\u00e6re Moisture Protecting Complex giver det op til 100 % mere glans* og beskytter h\u00e5ret. Derudover matcher IGORA VIBRANCE serien de tilsvarende IGORA ROYAL nuancer, hvilket muligg\u00f8r dobbelt p\u00e5f\u00f8ring.<\/p>\n<p>Hemmeligheden bag IGORA VIBRANCE professionelle h\u00e5rfarveprodukter er Moisture Protecting Complex med AQUAXYL\u00ae teknologi, som bevarer h\u00e5rets indre fugt niveau takket v\u00e6re en kombination af sukkermolekyler og vitaminer. Den innovative teknologi hj\u00e6lper med at kontrollere cirkulationen af \u200b\u200bvand inde i h\u00e5rstr\u00e5et under farveprocessen og stabiliserer den indre struktur af hver h\u00e5rfiber &#8211; dette &#8220;Anti-Dehydration Shield&#8221; beskytter mod kn\u00e6kkede h\u00e5rstr\u00e5 og skaber en ren overflade for et j\u00e6vnt farveresultat. Den alkoholfri formel beriget med vitamin B3 og B5 hj\u00e6lper med at beskytte h\u00e5rets overflade for en smuk, levende glans.<\/p>\n<p>S\u00e6t til hjemmebrug indeholdende h\u00e5rfarve, applikatorflaske med 60 ml Activator, beskyttelseshandsker og instruktioner til brug.<\/p>\n","protected":false},"excerpt":{"rendered":"<p>Schwarzkopf Professional Igora Vibrance Kit 8-19 Light Blonde Cendr\u00e9 Violet er en demi-permanent tone-i-tone h\u00e5rfarve med integreret FibreBond-teknologi, der skaber en naturlig tone og giver op til 50 % hvidt h\u00e5rudj\u00e6vning. Activator-systemet giver dig mulighed for at v\u00e6lge mellem en hurtig p\u00e5f\u00f8ring med gel eller en mere pr\u00e6cis p\u00e5f\u00f8ring med creme og takket v\u00e6re Moisture [&hellip;]<\/p>\n","protected":false},"featured_media":125158,"comment_status":"open","ping_status":"closed","template":"","meta":{"_trash_the_other_posts":false},"product_brand":[],"product_cat":[1002],"product_tag":[3983],"berocket_brand":[1060],"class_list":{"0":"post-125163","1":"product","2":"type-product","3":"status-publish","4":"has-post-thumbnail","6":"product_cat-toning","7":"product_tag-schwarzkopf-professional-igora-vibrance-kit","8":"pa_brand-schwarzkopf","9":"pa_variant-8-19-light-blonde-cendre-violet","10":"berocket_brand-schwarzkopf","12":"first","13":"instock","14":"sale","15":"taxable","16":"shipping-taxable","17":"purchasable","18":"product-type-simple"},"_links":{"self":[{"href":"https:\/\/stylingagenten.com\/da\/wp-json\/wp\/v2\/product\/125163","targetHints":{"allow":["GET"]}}],"collection":[{"href":"https:\/\/stylingagenten.com\/da\/wp-json\/wp\/v2\/product"}],"about":[{"href":"https:\/\/stylingagenten.com\/da\/wp-json\/wp\/v2\/types\/product"}],"replies":[{"embeddable":true,"href":"https:\/\/stylingagenten.com\/da\/wp-json\/wp\/v2\/comments?post=125163"}],"version-history":[{"count":0,"href":"https:\/\/stylingagenten.com\/da\/wp-json\/wp\/v2\/product\/125163\/revisions"}],"wp:featuredmedia":[{"embeddable":true,"href":"https:\/\/stylingagenten.com\/da\/wp-json\/wp\/v2\/media\/125158"}],"wp:attachment":[{"href":"https:\/\/stylingagenten.com\/da\/wp-json\/wp\/v2\/media?parent=125163"}],"wp:term":[{"taxonomy":"product_brand","embeddable":true,"href":"https:\/\/stylingagenten.com\/da\/wp-json\/wp\/v2\/product_brand?post=125163"},{"taxonomy":"product_cat","embeddable":true,"href":"https:\/\/stylingagenten.com\/da\/wp-json\/wp\/v2\/product_cat?post=125163"},{"taxonomy":"product_tag","embeddable":true,"href":"https:\/\/stylingagenten.com\/da\/wp-json\/wp\/v2\/product_tag?post=125163"},{"taxonomy":"berocket_brand","embeddable":true,"href":"https:\/\/stylingagenten.com\/da\/wp-json\/wp\/v2\/berocket_brand?post=125163"}],"curies":[{"name":"wp","href":"https:\/\/api.w.org\/{rel}","templated":true}]}}