{"id":124825,"date":"2025-05-18T21:54:29","date_gmt":"2025-05-18T21:54:29","guid":{"rendered":"https:\/\/staging2.stylingagenten.com\/da\/produkt\/paul-mitchell-john-paul-pet-tearless-puppy-shampoo-473ml\/"},"modified":"2026-03-09T17:49:30","modified_gmt":"2026-03-09T17:49:30","slug":"paul-mitchell-john-paul-pet-tearless-puppy-shampoo-473ml","status":"publish","type":"product","link":"https:\/\/stylingagenten.com\/da\/produkt\/paul-mitchell-john-paul-pet-tearless-puppy-shampoo-473ml\/","title":{"rendered":"Paul Mitchell John Paul Pet Tearless Puppy Shampoo 473ml"},"content":{"rendered":"<p>T\u00e5rel\u00f8s hvalp &amp; Killingeshampoo<\/p>\n<p>Designet til hvalpe og killinger med f\u00f8lsom hud. Den langtidsholdbare formel indeholder en ren og frisk deodorant, der plejer og tilf\u00f8jer glans til huden. dit k\u00e6ledyrs pels.<\/p>\n","protected":false},"excerpt":{"rendered":"<p>T\u00e5rel\u00f8s hvalp &amp; Killingeshampoo Designet til hvalpe og killinger med f\u00f8lsom hud. Den langtidsholdbare formel indeholder en ren og frisk deodorant, der plejer og tilf\u00f8jer glans til huden. dit k\u00e6ledyrs pels.<\/p>\n","protected":false},"featured_media":124824,"comment_status":"open","ping_status":"closed","template":"","meta":{"_trash_the_other_posts":false},"product_brand":[],"product_cat":[641],"product_tag":[],"berocket_brand":[1053],"class_list":{"0":"post-124825","1":"product","2":"type-product","3":"status-publish","4":"has-post-thumbnail","6":"product_cat-dyreinternat","7":"pa_brand-paul-mitchell","8":"berocket_brand-paul-mitchell","10":"first","11":"outofstock","12":"sale","13":"taxable","14":"shipping-taxable","15":"purchasable","16":"product-type-simple"},"_links":{"self":[{"href":"https:\/\/stylingagenten.com\/da\/wp-json\/wp\/v2\/product\/124825","targetHints":{"allow":["GET"]}}],"collection":[{"href":"https:\/\/stylingagenten.com\/da\/wp-json\/wp\/v2\/product"}],"about":[{"href":"https:\/\/stylingagenten.com\/da\/wp-json\/wp\/v2\/types\/product"}],"replies":[{"embeddable":true,"href":"https:\/\/stylingagenten.com\/da\/wp-json\/wp\/v2\/comments?post=124825"}],"version-history":[{"count":0,"href":"https:\/\/stylingagenten.com\/da\/wp-json\/wp\/v2\/product\/124825\/revisions"}],"wp:featuredmedia":[{"embeddable":true,"href":"https:\/\/stylingagenten.com\/da\/wp-json\/wp\/v2\/media\/124824"}],"wp:attachment":[{"href":"https:\/\/stylingagenten.com\/da\/wp-json\/wp\/v2\/media?parent=124825"}],"wp:term":[{"taxonomy":"product_brand","embeddable":true,"href":"https:\/\/stylingagenten.com\/da\/wp-json\/wp\/v2\/product_brand?post=124825"},{"taxonomy":"product_cat","embeddable":true,"href":"https:\/\/stylingagenten.com\/da\/wp-json\/wp\/v2\/product_cat?post=124825"},{"taxonomy":"product_tag","embeddable":true,"href":"https:\/\/stylingagenten.com\/da\/wp-json\/wp\/v2\/product_tag?post=124825"},{"taxonomy":"berocket_brand","embeddable":true,"href":"https:\/\/stylingagenten.com\/da\/wp-json\/wp\/v2\/berocket_brand?post=124825"}],"curies":[{"name":"wp","href":"https:\/\/api.w.org\/{rel}","templated":true}]}}