{"id":124782,"date":"2025-05-18T21:54:20","date_gmt":"2025-05-18T21:54:20","guid":{"rendered":"https:\/\/staging2.stylingagenten.com\/da\/produkt\/shiseido-men-total-revitalizer-light-fluid-70ml\/"},"modified":"2026-03-22T08:47:45","modified_gmt":"2026-03-22T08:47:45","slug":"shiseido-men-total-revitalizer-light-fluid-70ml","status":"publish","type":"product","link":"https:\/\/stylingagenten.com\/da\/produkt\/shiseido-men-total-revitalizer-light-fluid-70ml\/","title":{"rendered":"Shiseido Men Total Revitalizer Light Fluid 80ml"},"content":{"rendered":"<p>En h\u00f8jtydende fugtighedscreme, formuleret med Marine Protein Complex, hj\u00e6lper med at revitalisere huden til at modst\u00e5; potentiel slaphed for tonet og forfrisket hud. Hudens kraft accelereres af SHISEIDO MENs originale p\u00e5f\u00f8ringsmetode, hvilket giver et energisk, sundt look, der afspejler styrke og selvdisciplin.<\/p>\n<p>Total Revitalizer Light Fluid kan bruges morgen og aften og passer til alle hudtyper. Den er ikke-komedogen, hvilket betyder, at den ikke tilstopper porerne og er is\u00e6r god til dig, der har akne-udsat hud. Har en frisk duft af typiske japanske ingredienser, citron, bambus, hinoki-cypres og litsea cubeba.<\/p>\n","protected":false},"excerpt":{"rendered":"<p>En h\u00f8jtydende fugtighedscreme, formuleret med Marine Protein Complex, hj\u00e6lper med at revitalisere huden til at modst\u00e5; potentiel slaphed for tonet og forfrisket hud. Hudens kraft accelereres af SHISEIDO MENs originale p\u00e5f\u00f8ringsmetode, hvilket giver et energisk, sundt look, der afspejler styrke og selvdisciplin. Total Revitalizer Light Fluid kan bruges morgen og aften og passer til alle [&hellip;]<\/p>\n","protected":false},"featured_media":124769,"comment_status":"open","ping_status":"closed","template":"","meta":{"_trash_the_other_posts":false},"product_brand":[],"product_cat":[683,1003],"product_tag":[],"berocket_brand":[1193],"class_list":{"0":"post-124782","1":"product","2":"type-product","3":"status-publish","4":"has-post-thumbnail","6":"product_cat-ansigt-hugger-mand","7":"product_cat-bestsellere","8":"pa_brand-shiseido","9":"berocket_brand-shiseido","11":"first","12":"instock","13":"sale","14":"taxable","15":"shipping-taxable","16":"purchasable","17":"product-type-simple"},"_links":{"self":[{"href":"https:\/\/stylingagenten.com\/da\/wp-json\/wp\/v2\/product\/124782","targetHints":{"allow":["GET"]}}],"collection":[{"href":"https:\/\/stylingagenten.com\/da\/wp-json\/wp\/v2\/product"}],"about":[{"href":"https:\/\/stylingagenten.com\/da\/wp-json\/wp\/v2\/types\/product"}],"replies":[{"embeddable":true,"href":"https:\/\/stylingagenten.com\/da\/wp-json\/wp\/v2\/comments?post=124782"}],"version-history":[{"count":0,"href":"https:\/\/stylingagenten.com\/da\/wp-json\/wp\/v2\/product\/124782\/revisions"}],"wp:featuredmedia":[{"embeddable":true,"href":"https:\/\/stylingagenten.com\/da\/wp-json\/wp\/v2\/media\/124769"}],"wp:attachment":[{"href":"https:\/\/stylingagenten.com\/da\/wp-json\/wp\/v2\/media?parent=124782"}],"wp:term":[{"taxonomy":"product_brand","embeddable":true,"href":"https:\/\/stylingagenten.com\/da\/wp-json\/wp\/v2\/product_brand?post=124782"},{"taxonomy":"product_cat","embeddable":true,"href":"https:\/\/stylingagenten.com\/da\/wp-json\/wp\/v2\/product_cat?post=124782"},{"taxonomy":"product_tag","embeddable":true,"href":"https:\/\/stylingagenten.com\/da\/wp-json\/wp\/v2\/product_tag?post=124782"},{"taxonomy":"berocket_brand","embeddable":true,"href":"https:\/\/stylingagenten.com\/da\/wp-json\/wp\/v2\/berocket_brand?post=124782"}],"curies":[{"name":"wp","href":"https:\/\/api.w.org\/{rel}","templated":true}]}}