{"id":124563,"date":"2025-05-18T21:53:38","date_gmt":"2025-05-18T21:53:38","guid":{"rendered":"https:\/\/staging2.stylingagenten.com\/da\/produkt\/nyx-prof-makeup-a-bit-jelly-gel-illuminator-bronze\/"},"modified":"2025-12-18T21:53:38","modified_gmt":"2025-12-18T21:53:38","slug":"nyx-prof-makeup-a-bit-jelly-gel-illuminator-bronze","status":"publish","type":"product","link":"https:\/\/stylingagenten.com\/da\/produkt\/nyx-prof-makeup-a-bit-jelly-gel-illuminator-bronze\/","title":{"rendered":"NYX PROF. MAKEUP A Bit Jelly Gel Illuminator &#8211; Bronze"},"content":{"rendered":"<p>NYX PROFESSIONAL MAKEUP A Bit Jelly Gel Illuminator har en let gelformel, der f\u00f8les fantastisk og ser fantastisk ud p\u00e5; huden.<br \/>Denne vandbaserede highlighter gel&eacute; f\u00e5s i tre glitrende nuancer, der glider p\u00e5&aring; huden som en dr\u00f8m og efterlader en let str\u00e5lende glans.<br \/>Kan bruges b\u00e5de i ansigtet og p\u00e5 kroppen, og shimmeren forbliver, selv efter at produktet er t\u00f8rret.<\/ p><\/p>\n","protected":false},"excerpt":{"rendered":"<p>NYX PROFESSIONAL MAKEUP A Bit Jelly Gel Illuminator har en let gelformel, der f\u00f8les fantastisk og ser fantastisk ud p\u00e5; huden.Denne vandbaserede highlighter gel&eacute; f\u00e5s i tre glitrende nuancer, der glider p\u00e5&aring; huden som en dr\u00f8m og efterlader en let str\u00e5lende glans.Kan bruges b\u00e5de i ansigtet og p\u00e5 kroppen, og shimmeren forbliver, selv efter at [&hellip;]<\/p>\n","protected":false},"featured_media":124547,"comment_status":"open","ping_status":"closed","template":"","meta":{"_trash_the_other_posts":false},"product_brand":[],"product_cat":[621,1005],"product_tag":[3648],"berocket_brand":[1025],"class_list":{"0":"post-124563","1":"product","2":"type-product","3":"status-publish","4":"has-post-thumbnail","6":"product_cat-highlighter","7":"product_cat-outlet","8":"product_tag-nyx-prof-makeup-a-bit-jelly-gel-illuminator","9":"pa_brand-nyx","10":"pa_variant-bronze","11":"berocket_brand-nyx","13":"first","14":"instock","15":"sale","16":"taxable","17":"shipping-taxable","18":"purchasable","19":"product-type-simple"},"_links":{"self":[{"href":"https:\/\/stylingagenten.com\/da\/wp-json\/wp\/v2\/product\/124563","targetHints":{"allow":["GET"]}}],"collection":[{"href":"https:\/\/stylingagenten.com\/da\/wp-json\/wp\/v2\/product"}],"about":[{"href":"https:\/\/stylingagenten.com\/da\/wp-json\/wp\/v2\/types\/product"}],"replies":[{"embeddable":true,"href":"https:\/\/stylingagenten.com\/da\/wp-json\/wp\/v2\/comments?post=124563"}],"version-history":[{"count":0,"href":"https:\/\/stylingagenten.com\/da\/wp-json\/wp\/v2\/product\/124563\/revisions"}],"wp:featuredmedia":[{"embeddable":true,"href":"https:\/\/stylingagenten.com\/da\/wp-json\/wp\/v2\/media\/124547"}],"wp:attachment":[{"href":"https:\/\/stylingagenten.com\/da\/wp-json\/wp\/v2\/media?parent=124563"}],"wp:term":[{"taxonomy":"product_brand","embeddable":true,"href":"https:\/\/stylingagenten.com\/da\/wp-json\/wp\/v2\/product_brand?post=124563"},{"taxonomy":"product_cat","embeddable":true,"href":"https:\/\/stylingagenten.com\/da\/wp-json\/wp\/v2\/product_cat?post=124563"},{"taxonomy":"product_tag","embeddable":true,"href":"https:\/\/stylingagenten.com\/da\/wp-json\/wp\/v2\/product_tag?post=124563"},{"taxonomy":"berocket_brand","embeddable":true,"href":"https:\/\/stylingagenten.com\/da\/wp-json\/wp\/v2\/berocket_brand?post=124563"}],"curies":[{"name":"wp","href":"https:\/\/api.w.org\/{rel}","templated":true}]}}