{"id":124527,"date":"2025-05-18T21:53:33","date_gmt":"2025-05-18T21:53:33","guid":{"rendered":"https:\/\/staging2.stylingagenten.com\/da\/produkt\/kokie-strobe-lights-face-highlighter-bronzed\/"},"modified":"2026-01-07T09:18:49","modified_gmt":"2026-01-07T09:18:49","slug":"kokie-strobe-lights-face-highlighter-bronzed","status":"publish","type":"product","link":"https:\/\/stylingagenten.com\/da\/produkt\/kokie-strobe-lights-face-highlighter-bronzed\/","title":{"rendered":"Kokie Strobe Lights Face Highlighter &#8211; Bronzed"},"content":{"rendered":"<p>Kokie Cosmetics Strobe Lights f\u00e5s i tre smukke nuancer og kan bruges til at fremh\u00e6ve eller endda som en bronzer!<br \/>Med den fleksible twist-up beholder er den nem og hurtig at p\u00e5f\u00f8re: tr\u00e6k p\u00e5&aring; den rige formel og blanding med den indbyggede svamp.<\/p>\n<p>F\u00e5s i tre smukke farver:<br \/>Radiance &#8211; Pearl\/Pink\/White<br \/>Splendor &#8211; Champagne<br \/><strong> Bronzed &#8211; Bronze <\/strong><\/p>\n","protected":false},"excerpt":{"rendered":"<p>Kokie Cosmetics Strobe Lights f\u00e5s i tre smukke nuancer og kan bruges til at fremh\u00e6ve eller endda som en bronzer!Med den fleksible twist-up beholder er den nem og hurtig at p\u00e5f\u00f8re: tr\u00e6k p\u00e5&aring; den rige formel og blanding med den indbyggede svamp. F\u00e5s i tre smukke farver:Radiance &#8211; Pearl\/Pink\/WhiteSplendor &#8211; Champagne Bronzed &#8211; Bronze<\/p>\n","protected":false},"featured_media":124523,"comment_status":"open","ping_status":"closed","template":"","meta":{"_trash_the_other_posts":false},"product_brand":[],"product_cat":[621],"product_tag":[3169],"berocket_brand":[1198],"class_list":{"0":"post-124527","1":"product","2":"type-product","3":"status-publish","4":"has-post-thumbnail","6":"product_cat-highlighter","7":"product_tag-kokie-strobe-lights-face-highlighter","8":"pa_brand-kokie-cosmetics","9":"pa_variant-bronzed","10":"berocket_brand-kokie-cosmetics","12":"first","13":"instock","14":"sale","15":"taxable","16":"shipping-taxable","17":"purchasable","18":"product-type-simple"},"_links":{"self":[{"href":"https:\/\/stylingagenten.com\/da\/wp-json\/wp\/v2\/product\/124527","targetHints":{"allow":["GET"]}}],"collection":[{"href":"https:\/\/stylingagenten.com\/da\/wp-json\/wp\/v2\/product"}],"about":[{"href":"https:\/\/stylingagenten.com\/da\/wp-json\/wp\/v2\/types\/product"}],"replies":[{"embeddable":true,"href":"https:\/\/stylingagenten.com\/da\/wp-json\/wp\/v2\/comments?post=124527"}],"version-history":[{"count":0,"href":"https:\/\/stylingagenten.com\/da\/wp-json\/wp\/v2\/product\/124527\/revisions"}],"wp:featuredmedia":[{"embeddable":true,"href":"https:\/\/stylingagenten.com\/da\/wp-json\/wp\/v2\/media\/124523"}],"wp:attachment":[{"href":"https:\/\/stylingagenten.com\/da\/wp-json\/wp\/v2\/media?parent=124527"}],"wp:term":[{"taxonomy":"product_brand","embeddable":true,"href":"https:\/\/stylingagenten.com\/da\/wp-json\/wp\/v2\/product_brand?post=124527"},{"taxonomy":"product_cat","embeddable":true,"href":"https:\/\/stylingagenten.com\/da\/wp-json\/wp\/v2\/product_cat?post=124527"},{"taxonomy":"product_tag","embeddable":true,"href":"https:\/\/stylingagenten.com\/da\/wp-json\/wp\/v2\/product_tag?post=124527"},{"taxonomy":"berocket_brand","embeddable":true,"href":"https:\/\/stylingagenten.com\/da\/wp-json\/wp\/v2\/berocket_brand?post=124527"}],"curies":[{"name":"wp","href":"https:\/\/api.w.org\/{rel}","templated":true}]}}