{"id":124502,"date":"2025-05-18T21:53:28","date_gmt":"2025-05-18T21:53:28","guid":{"rendered":"https:\/\/staging2.stylingagenten.com\/da\/produkt\/kokie-soft-glow-highlighter-divine\/"},"modified":"2025-12-18T21:49:30","modified_gmt":"2025-12-18T21:49:30","slug":"kokie-soft-glow-highlighter-divine","status":"publish","type":"product","link":"https:\/\/stylingagenten.com\/da\/produkt\/kokie-soft-glow-highlighter-divine\/","title":{"rendered":"Kokie Soft Glow Highlighter &#8211; Divine"},"content":{"rendered":"<p>En unik hoppemark\u00f8r med en silkebl\u00f8d, creme-lignende p\u00e5f\u00f8ring. Denne highlighter giver en naturlig finish for en subtil, lun gl\u00f8d. Det perfekte hverdags highlight i fire forskellige nuancer. Bruges bedst med fugtig svampeblanding eller fugtig, t\u00e6t b\u00f8rste, naturlig finish, unik teksturblanding, der kan blandes<\/p>\n","protected":false},"excerpt":{"rendered":"<p>En unik hoppemark\u00f8r med en silkebl\u00f8d, creme-lignende p\u00e5f\u00f8ring. Denne highlighter giver en naturlig finish for en subtil, lun gl\u00f8d. Det perfekte hverdags highlight i fire forskellige nuancer. Bruges bedst med fugtig svampeblanding eller fugtig, t\u00e6t b\u00f8rste, naturlig finish, unik teksturblanding, der kan blandes<\/p>\n","protected":false},"featured_media":124499,"comment_status":"open","ping_status":"closed","template":"","meta":{"_trash_the_other_posts":false},"product_brand":[],"product_cat":[621],"product_tag":[3167],"berocket_brand":[1198],"class_list":{"0":"post-124502","1":"product","2":"type-product","3":"status-publish","4":"has-post-thumbnail","6":"product_cat-highlighter","7":"product_tag-kokie-soft-glow-highlighter","8":"pa_brand-kokie-cosmetics","9":"pa_variant-divine","10":"berocket_brand-kokie-cosmetics","12":"first","13":"instock","14":"sale","15":"taxable","16":"shipping-taxable","17":"purchasable","18":"product-type-simple"},"_links":{"self":[{"href":"https:\/\/stylingagenten.com\/da\/wp-json\/wp\/v2\/product\/124502","targetHints":{"allow":["GET"]}}],"collection":[{"href":"https:\/\/stylingagenten.com\/da\/wp-json\/wp\/v2\/product"}],"about":[{"href":"https:\/\/stylingagenten.com\/da\/wp-json\/wp\/v2\/types\/product"}],"replies":[{"embeddable":true,"href":"https:\/\/stylingagenten.com\/da\/wp-json\/wp\/v2\/comments?post=124502"}],"version-history":[{"count":0,"href":"https:\/\/stylingagenten.com\/da\/wp-json\/wp\/v2\/product\/124502\/revisions"}],"wp:featuredmedia":[{"embeddable":true,"href":"https:\/\/stylingagenten.com\/da\/wp-json\/wp\/v2\/media\/124499"}],"wp:attachment":[{"href":"https:\/\/stylingagenten.com\/da\/wp-json\/wp\/v2\/media?parent=124502"}],"wp:term":[{"taxonomy":"product_brand","embeddable":true,"href":"https:\/\/stylingagenten.com\/da\/wp-json\/wp\/v2\/product_brand?post=124502"},{"taxonomy":"product_cat","embeddable":true,"href":"https:\/\/stylingagenten.com\/da\/wp-json\/wp\/v2\/product_cat?post=124502"},{"taxonomy":"product_tag","embeddable":true,"href":"https:\/\/stylingagenten.com\/da\/wp-json\/wp\/v2\/product_tag?post=124502"},{"taxonomy":"berocket_brand","embeddable":true,"href":"https:\/\/stylingagenten.com\/da\/wp-json\/wp\/v2\/berocket_brand?post=124502"}],"curies":[{"name":"wp","href":"https:\/\/api.w.org\/{rel}","templated":true}]}}