{"id":124489,"date":"2025-05-18T21:53:26","date_gmt":"2025-05-18T21:53:26","guid":{"rendered":"https:\/\/staging2.stylingagenten.com\/da\/produkt\/kokie-soft-glow-highlighter-heavenly\/"},"modified":"2025-12-18T21:49:16","modified_gmt":"2025-12-18T21:49:16","slug":"kokie-soft-glow-highlighter-heavenly","status":"publish","type":"product","link":"https:\/\/stylingagenten.com\/da\/produkt\/kokie-soft-glow-highlighter-heavenly\/","title":{"rendered":"Kokie Soft Glow Highlighter &#8211; Heavenly"},"content":{"rendered":"<p>Kokie Cosmetics Soft Glow Highlighter er en unik highlighter med en silkebl\u00f8d, cremelignende tekstur.<br \/>Denne highlighter giver dig en subtil, glitrende gl\u00f8d med en naturlig finish. De bedste resultater, n\u00e5r de p\u00e5f\u00f8res med fugtig svamp eller fugtig b\u00f8rste.<br \/>Perfekt til hverdagsbrug, f\u00e5s i fire smukke nuancer.<\/p>\n","protected":false},"excerpt":{"rendered":"<p>Kokie Cosmetics Soft Glow Highlighter er en unik highlighter med en silkebl\u00f8d, cremelignende tekstur.Denne highlighter giver dig en subtil, glitrende gl\u00f8d med en naturlig finish. De bedste resultater, n\u00e5r de p\u00e5f\u00f8res med fugtig svamp eller fugtig b\u00f8rste.Perfekt til hverdagsbrug, f\u00e5s i fire smukke nuancer.<\/p>\n","protected":false},"featured_media":124486,"comment_status":"open","ping_status":"closed","template":"","meta":{"_trash_the_other_posts":false},"product_brand":[],"product_cat":[621],"product_tag":[3167],"berocket_brand":[1198],"class_list":{"0":"post-124489","1":"product","2":"type-product","3":"status-publish","4":"has-post-thumbnail","6":"product_cat-highlighter","7":"product_tag-kokie-soft-glow-highlighter","8":"pa_brand-kokie-cosmetics","9":"pa_variant-heavenly","10":"berocket_brand-kokie-cosmetics","12":"first","13":"instock","14":"sale","15":"taxable","16":"shipping-taxable","17":"purchasable","18":"product-type-simple"},"_links":{"self":[{"href":"https:\/\/stylingagenten.com\/da\/wp-json\/wp\/v2\/product\/124489","targetHints":{"allow":["GET"]}}],"collection":[{"href":"https:\/\/stylingagenten.com\/da\/wp-json\/wp\/v2\/product"}],"about":[{"href":"https:\/\/stylingagenten.com\/da\/wp-json\/wp\/v2\/types\/product"}],"replies":[{"embeddable":true,"href":"https:\/\/stylingagenten.com\/da\/wp-json\/wp\/v2\/comments?post=124489"}],"version-history":[{"count":0,"href":"https:\/\/stylingagenten.com\/da\/wp-json\/wp\/v2\/product\/124489\/revisions"}],"wp:featuredmedia":[{"embeddable":true,"href":"https:\/\/stylingagenten.com\/da\/wp-json\/wp\/v2\/media\/124486"}],"wp:attachment":[{"href":"https:\/\/stylingagenten.com\/da\/wp-json\/wp\/v2\/media?parent=124489"}],"wp:term":[{"taxonomy":"product_brand","embeddable":true,"href":"https:\/\/stylingagenten.com\/da\/wp-json\/wp\/v2\/product_brand?post=124489"},{"taxonomy":"product_cat","embeddable":true,"href":"https:\/\/stylingagenten.com\/da\/wp-json\/wp\/v2\/product_cat?post=124489"},{"taxonomy":"product_tag","embeddable":true,"href":"https:\/\/stylingagenten.com\/da\/wp-json\/wp\/v2\/product_tag?post=124489"},{"taxonomy":"berocket_brand","embeddable":true,"href":"https:\/\/stylingagenten.com\/da\/wp-json\/wp\/v2\/berocket_brand?post=124489"}],"curies":[{"name":"wp","href":"https:\/\/api.w.org\/{rel}","templated":true}]}}