{"id":124442,"date":"2025-05-18T21:53:15","date_gmt":"2025-05-18T21:53:15","guid":{"rendered":"https:\/\/staging2.stylingagenten.com\/da\/produkt\/wet-n-wild-megaglo-blushlighter-i-met-someone\/"},"modified":"2026-02-13T23:35:29","modified_gmt":"2026-02-13T23:35:29","slug":"wet-n-wild-megaglo-blushlighter-i-met-someone","status":"publish","type":"product","link":"https:\/\/stylingagenten.com\/da\/produkt\/wet-n-wild-megaglo-blushlighter-i-met-someone\/","title":{"rendered":"Wet n Wild MegaGlo Blushlighter &#8211; I Met Someone"},"content":{"rendered":"<p>Wet n Wild MegaGlo Blushlighter &auml;er en blush- og highlighter-duo, der skulpturerer, definerer og giver gl\u00f8d med \u00e9t sm\u00e6k. Disse bl\u00f8de, bygbare nuancer indeholder ultra-reflekterende perlepigmenter, der skaber et solkysset, lyst og str\u00e5lende look.&nbsp;<\/p>\n","protected":false},"excerpt":{"rendered":"<p>Wet n Wild MegaGlo Blushlighter &auml;er en blush- og highlighter-duo, der skulpturerer, definerer og giver gl\u00f8d med \u00e9t sm\u00e6k. Disse bl\u00f8de, bygbare nuancer indeholder ultra-reflekterende perlepigmenter, der skaber et solkysset, lyst og str\u00e5lende look.&nbsp;<\/p>\n","protected":false},"featured_media":124440,"comment_status":"open","ping_status":"closed","template":"","meta":{"_trash_the_other_posts":false},"product_brand":[],"product_cat":[621],"product_tag":[4096],"berocket_brand":[1035],"class_list":{"0":"post-124442","1":"product","2":"type-product","3":"status-publish","4":"has-post-thumbnail","6":"product_cat-highlighter","7":"product_tag-wet-n-wild-megaglo-blushlighter","8":"pa_brand-wet-n-wild","9":"pa_variant-i-met-someone","10":"berocket_brand-wet-n-wild","12":"first","13":"instock","14":"sale","15":"taxable","16":"shipping-taxable","17":"purchasable","18":"product-type-simple"},"_links":{"self":[{"href":"https:\/\/stylingagenten.com\/da\/wp-json\/wp\/v2\/product\/124442","targetHints":{"allow":["GET"]}}],"collection":[{"href":"https:\/\/stylingagenten.com\/da\/wp-json\/wp\/v2\/product"}],"about":[{"href":"https:\/\/stylingagenten.com\/da\/wp-json\/wp\/v2\/types\/product"}],"replies":[{"embeddable":true,"href":"https:\/\/stylingagenten.com\/da\/wp-json\/wp\/v2\/comments?post=124442"}],"version-history":[{"count":0,"href":"https:\/\/stylingagenten.com\/da\/wp-json\/wp\/v2\/product\/124442\/revisions"}],"wp:featuredmedia":[{"embeddable":true,"href":"https:\/\/stylingagenten.com\/da\/wp-json\/wp\/v2\/media\/124440"}],"wp:attachment":[{"href":"https:\/\/stylingagenten.com\/da\/wp-json\/wp\/v2\/media?parent=124442"}],"wp:term":[{"taxonomy":"product_brand","embeddable":true,"href":"https:\/\/stylingagenten.com\/da\/wp-json\/wp\/v2\/product_brand?post=124442"},{"taxonomy":"product_cat","embeddable":true,"href":"https:\/\/stylingagenten.com\/da\/wp-json\/wp\/v2\/product_cat?post=124442"},{"taxonomy":"product_tag","embeddable":true,"href":"https:\/\/stylingagenten.com\/da\/wp-json\/wp\/v2\/product_tag?post=124442"},{"taxonomy":"berocket_brand","embeddable":true,"href":"https:\/\/stylingagenten.com\/da\/wp-json\/wp\/v2\/berocket_brand?post=124442"}],"curies":[{"name":"wp","href":"https:\/\/api.w.org\/{rel}","templated":true}]}}