{"id":124419,"date":"2025-05-18T21:53:09","date_gmt":"2025-05-18T21:53:09","guid":{"rendered":"https:\/\/staging2.stylingagenten.com\/da\/produkt\/max-factor-ff-powder-highlighter-03-bronze-glow\/"},"modified":"2026-02-22T23:16:39","modified_gmt":"2026-02-22T23:16:39","slug":"max-factor-ff-powder-highlighter-03-bronze-glow","status":"publish","type":"product","link":"https:\/\/stylingagenten.com\/da\/produkt\/max-factor-ff-powder-highlighter-03-bronze-glow\/","title":{"rendered":"Max Factor Ff Powder Highlighter 03 Bronze Glow"},"content":{"rendered":"<p>F&aring; en gl\u00f8d, der holder hele dagen med Max Factors Facefinity Highlighter. Langtidsholdbar med en ultra v\u00e6gtl\u00f8s, s\u00e5 pudderfinish for en flatterende gl\u00f8d. Den silkebl\u00f8de tekstur giver en super blandbar finish og en idiotsikker applikation, der passer til alle hudtoner, tilg\u00e6ngelig i 3 forskellige farver.<\/p>\n","protected":false},"excerpt":{"rendered":"<p>F&aring; en gl\u00f8d, der holder hele dagen med Max Factors Facefinity Highlighter. Langtidsholdbar med en ultra v\u00e6gtl\u00f8s, s\u00e5 pudderfinish for en flatterende gl\u00f8d. Den silkebl\u00f8de tekstur giver en super blandbar finish og en idiotsikker applikation, der passer til alle hudtoner, tilg\u00e6ngelig i 3 forskellige farver.<\/p>\n","protected":false},"featured_media":124415,"comment_status":"open","ping_status":"closed","template":"","meta":{"_trash_the_other_posts":false},"product_brand":[],"product_cat":[621],"product_tag":[3480],"berocket_brand":[1013],"class_list":{"0":"post-124419","1":"product","2":"type-product","3":"status-publish","4":"has-post-thumbnail","6":"product_cat-highlighter","7":"product_tag-max-factor-ff-powder-highlighter","8":"pa_brand-max-factor","9":"pa_variant-03-bronze-glow","10":"berocket_brand-max-factor","12":"first","13":"instock","14":"sale","15":"taxable","16":"shipping-taxable","17":"purchasable","18":"product-type-simple"},"_links":{"self":[{"href":"https:\/\/stylingagenten.com\/da\/wp-json\/wp\/v2\/product\/124419","targetHints":{"allow":["GET"]}}],"collection":[{"href":"https:\/\/stylingagenten.com\/da\/wp-json\/wp\/v2\/product"}],"about":[{"href":"https:\/\/stylingagenten.com\/da\/wp-json\/wp\/v2\/types\/product"}],"replies":[{"embeddable":true,"href":"https:\/\/stylingagenten.com\/da\/wp-json\/wp\/v2\/comments?post=124419"}],"version-history":[{"count":0,"href":"https:\/\/stylingagenten.com\/da\/wp-json\/wp\/v2\/product\/124419\/revisions"}],"wp:featuredmedia":[{"embeddable":true,"href":"https:\/\/stylingagenten.com\/da\/wp-json\/wp\/v2\/media\/124415"}],"wp:attachment":[{"href":"https:\/\/stylingagenten.com\/da\/wp-json\/wp\/v2\/media?parent=124419"}],"wp:term":[{"taxonomy":"product_brand","embeddable":true,"href":"https:\/\/stylingagenten.com\/da\/wp-json\/wp\/v2\/product_brand?post=124419"},{"taxonomy":"product_cat","embeddable":true,"href":"https:\/\/stylingagenten.com\/da\/wp-json\/wp\/v2\/product_cat?post=124419"},{"taxonomy":"product_tag","embeddable":true,"href":"https:\/\/stylingagenten.com\/da\/wp-json\/wp\/v2\/product_tag?post=124419"},{"taxonomy":"berocket_brand","embeddable":true,"href":"https:\/\/stylingagenten.com\/da\/wp-json\/wp\/v2\/berocket_brand?post=124419"}],"curies":[{"name":"wp","href":"https:\/\/api.w.org\/{rel}","templated":true}]}}