{"id":124343,"date":"2025-05-18T21:52:53","date_gmt":"2025-05-18T21:52:53","guid":{"rendered":"https:\/\/staging2.stylingagenten.com\/da\/produkt\/wet-n-wild-mega-glo-glow-in-love-radiance-liquid-20ml\/"},"modified":"2025-12-18T21:58:50","modified_gmt":"2025-12-18T21:58:50","slug":"wet-n-wild-mega-glo-glow-in-love-radiance-liquid-20ml","status":"publish","type":"product","link":"https:\/\/stylingagenten.com\/da\/produkt\/wet-n-wild-mega-glo-glow-in-love-radiance-liquid-20ml\/","title":{"rendered":"Wet n Wild Mega Glo Glow in Love Radiance Liquid 20ml"},"content":{"rendered":"<p>Forbedr din naturlige gl\u00f8d dr\u00e5be for dr\u00e5be! Disse flydende highlighting-gl\u00f8d-dr\u00e5ber giver en naturlig gl\u00f8d, der fremh\u00e6ver din hudtone. Uanset om de b\u00e6res alene, under eller over makeup, kan denne flydende formel opbygges fra let d\u00e6kning. Nyd et boost i gl\u00f8d med en forfriskende blanding af 4% niacinamid, glycerin og vitamin E.<\/p>\n<p>20 ml<\/p>\n","protected":false},"excerpt":{"rendered":"<p>Forbedr din naturlige gl\u00f8d dr\u00e5be for dr\u00e5be! Disse flydende highlighting-gl\u00f8d-dr\u00e5ber giver en naturlig gl\u00f8d, der fremh\u00e6ver din hudtone. Uanset om de b\u00e6res alene, under eller over makeup, kan denne flydende formel opbygges fra let d\u00e6kning. Nyd et boost i gl\u00f8d med en forfriskende blanding af 4% niacinamid, glycerin og vitamin E. 20 ml<\/p>\n","protected":false},"featured_media":124326,"comment_status":"open","ping_status":"closed","template":"","meta":{"_trash_the_other_posts":false},"product_brand":[],"product_cat":[621],"product_tag":[],"berocket_brand":[1035],"class_list":{"0":"post-124343","1":"product","2":"type-product","3":"status-publish","4":"has-post-thumbnail","6":"product_cat-highlighter","7":"pa_brand-wet-n-wild","8":"berocket_brand-wet-n-wild","10":"first","11":"instock","12":"sale","13":"taxable","14":"shipping-taxable","15":"purchasable","16":"product-type-simple"},"_links":{"self":[{"href":"https:\/\/stylingagenten.com\/da\/wp-json\/wp\/v2\/product\/124343","targetHints":{"allow":["GET"]}}],"collection":[{"href":"https:\/\/stylingagenten.com\/da\/wp-json\/wp\/v2\/product"}],"about":[{"href":"https:\/\/stylingagenten.com\/da\/wp-json\/wp\/v2\/types\/product"}],"replies":[{"embeddable":true,"href":"https:\/\/stylingagenten.com\/da\/wp-json\/wp\/v2\/comments?post=124343"}],"version-history":[{"count":0,"href":"https:\/\/stylingagenten.com\/da\/wp-json\/wp\/v2\/product\/124343\/revisions"}],"wp:featuredmedia":[{"embeddable":true,"href":"https:\/\/stylingagenten.com\/da\/wp-json\/wp\/v2\/media\/124326"}],"wp:attachment":[{"href":"https:\/\/stylingagenten.com\/da\/wp-json\/wp\/v2\/media?parent=124343"}],"wp:term":[{"taxonomy":"product_brand","embeddable":true,"href":"https:\/\/stylingagenten.com\/da\/wp-json\/wp\/v2\/product_brand?post=124343"},{"taxonomy":"product_cat","embeddable":true,"href":"https:\/\/stylingagenten.com\/da\/wp-json\/wp\/v2\/product_cat?post=124343"},{"taxonomy":"product_tag","embeddable":true,"href":"https:\/\/stylingagenten.com\/da\/wp-json\/wp\/v2\/product_tag?post=124343"},{"taxonomy":"berocket_brand","embeddable":true,"href":"https:\/\/stylingagenten.com\/da\/wp-json\/wp\/v2\/berocket_brand?post=124343"}],"curies":[{"name":"wp","href":"https:\/\/api.w.org\/{rel}","templated":true}]}}