{"id":124323,"date":"2025-05-18T21:52:49","date_gmt":"2025-05-18T21:52:49","guid":{"rendered":"https:\/\/staging2.stylingagenten.com\/da\/produkt\/helosan-original-salva-300gr\/"},"modified":"2026-04-07T08:40:17","modified_gmt":"2026-04-07T08:40:17","slug":"helosan-original-salva-300gr","status":"publish","type":"product","link":"https:\/\/stylingagenten.com\/da\/produkt\/helosan-original-salva-300gr\/","title":{"rendered":"Helosan Original Salva 300gr"},"content":{"rendered":"<p>Helosan er en klassisk hudsalve til all-round brug, der kan bruges til b\u00e5de mennesker og dyr.<\/p>\n<p>Helosan indeholder fugtgivende og bl\u00f8dg\u00f8rende stoffer, der ligner hudens naturlige barrierefedt. ;mnen. P\u00e5 grund af sin sammens\u00e6tning er salven s\u00e6rdeles velegnet til t\u00f8r, f\u00f8lsom og irriteret hud. Helosan placeres som et midlertidigt lag ovenp\u00e5; huden og giver huden tid til at rehydrere, g\u00f8r den modstandsdygtig over for ydre p\u00e5virkninger og genopretter hudens naturlige balance.<\/p>\n<p>Fri for farver og parfume.<\/p>\n","protected":false},"excerpt":{"rendered":"<p>Helosan er en klassisk hudsalve til all-round brug, der kan bruges til b\u00e5de mennesker og dyr. Helosan indeholder fugtgivende og bl\u00f8dg\u00f8rende stoffer, der ligner hudens naturlige barrierefedt. ;mnen. P\u00e5 grund af sin sammens\u00e6tning er salven s\u00e6rdeles velegnet til t\u00f8r, f\u00f8lsom og irriteret hud. Helosan placeres som et midlertidigt lag ovenp\u00e5; huden og giver huden tid [&hellip;]<\/p>\n","protected":false},"featured_media":124320,"comment_status":"open","ping_status":"closed","template":"","meta":{"_trash_the_other_posts":false},"product_brand":[],"product_cat":[574],"product_tag":[],"berocket_brand":[1336],"class_list":{"0":"post-124323","1":"product","2":"type-product","3":"status-publish","4":"has-post-thumbnail","6":"product_cat-haand-kram","7":"pa_brand-helosan","8":"berocket_brand-helosan","10":"first","11":"instock","12":"sale","13":"taxable","14":"shipping-taxable","15":"purchasable","16":"product-type-simple"},"_links":{"self":[{"href":"https:\/\/stylingagenten.com\/da\/wp-json\/wp\/v2\/product\/124323","targetHints":{"allow":["GET"]}}],"collection":[{"href":"https:\/\/stylingagenten.com\/da\/wp-json\/wp\/v2\/product"}],"about":[{"href":"https:\/\/stylingagenten.com\/da\/wp-json\/wp\/v2\/types\/product"}],"replies":[{"embeddable":true,"href":"https:\/\/stylingagenten.com\/da\/wp-json\/wp\/v2\/comments?post=124323"}],"version-history":[{"count":0,"href":"https:\/\/stylingagenten.com\/da\/wp-json\/wp\/v2\/product\/124323\/revisions"}],"wp:featuredmedia":[{"embeddable":true,"href":"https:\/\/stylingagenten.com\/da\/wp-json\/wp\/v2\/media\/124320"}],"wp:attachment":[{"href":"https:\/\/stylingagenten.com\/da\/wp-json\/wp\/v2\/media?parent=124323"}],"wp:term":[{"taxonomy":"product_brand","embeddable":true,"href":"https:\/\/stylingagenten.com\/da\/wp-json\/wp\/v2\/product_brand?post=124323"},{"taxonomy":"product_cat","embeddable":true,"href":"https:\/\/stylingagenten.com\/da\/wp-json\/wp\/v2\/product_cat?post=124323"},{"taxonomy":"product_tag","embeddable":true,"href":"https:\/\/stylingagenten.com\/da\/wp-json\/wp\/v2\/product_tag?post=124323"},{"taxonomy":"berocket_brand","embeddable":true,"href":"https:\/\/stylingagenten.com\/da\/wp-json\/wp\/v2\/berocket_brand?post=124323"}],"curies":[{"name":"wp","href":"https:\/\/api.w.org\/{rel}","templated":true}]}}