{"id":124031,"date":"2025-05-18T21:51:39","date_gmt":"2025-05-18T21:51:39","guid":{"rendered":"https:\/\/staging2.stylingagenten.com\/da\/produkt\/maybelline-bold-holiday-gift-box\/"},"modified":"2025-12-18T21:28:41","modified_gmt":"2025-12-18T21:28:41","slug":"maybelline-bold-holiday-gift-box","status":"publish","type":"product","link":"https:\/\/stylingagenten.com\/da\/produkt\/maybelline-bold-holiday-gift-box\/","title":{"rendered":"Maybelline Bold Holiday Gift Box"},"content":{"rendered":"<p>F\u00e5 et flot festlook! \u00c6sken indeholder Colossal Curl Bounce mascara (sort) for masser af volumen og smukt buede vipper. Indeholder ogs\u00e5 Tattoo Brow Lift Stick (klar), s\u00e5 du kan skabe et l\u00f8ftet brynlook i to nemme trin.<\/p>\n","protected":false},"excerpt":{"rendered":"<p>F\u00e5 et flot festlook! \u00c6sken indeholder Colossal Curl Bounce mascara (sort) for masser af volumen og smukt buede vipper. Indeholder ogs\u00e5 Tattoo Brow Lift Stick (klar), s\u00e5 du kan skabe et l\u00f8ftet brynlook i to nemme trin.<\/p>\n","protected":false},"featured_media":124029,"comment_status":"open","ping_status":"closed","template":"","meta":{"_trash_the_other_posts":false},"product_brand":[],"product_cat":[664,637],"product_tag":[],"berocket_brand":[1016],"class_list":{"0":"post-124031","1":"product","2":"type-product","3":"status-publish","4":"has-post-thumbnail","6":"product_cat-gavesaet-make-up","7":"product_cat-makeup","8":"pa_brand-maybelline","9":"berocket_brand-maybelline","11":"first","12":"instock","13":"sale","14":"taxable","15":"shipping-taxable","16":"purchasable","17":"product-type-simple"},"_links":{"self":[{"href":"https:\/\/stylingagenten.com\/da\/wp-json\/wp\/v2\/product\/124031","targetHints":{"allow":["GET"]}}],"collection":[{"href":"https:\/\/stylingagenten.com\/da\/wp-json\/wp\/v2\/product"}],"about":[{"href":"https:\/\/stylingagenten.com\/da\/wp-json\/wp\/v2\/types\/product"}],"replies":[{"embeddable":true,"href":"https:\/\/stylingagenten.com\/da\/wp-json\/wp\/v2\/comments?post=124031"}],"version-history":[{"count":0,"href":"https:\/\/stylingagenten.com\/da\/wp-json\/wp\/v2\/product\/124031\/revisions"}],"wp:featuredmedia":[{"embeddable":true,"href":"https:\/\/stylingagenten.com\/da\/wp-json\/wp\/v2\/media\/124029"}],"wp:attachment":[{"href":"https:\/\/stylingagenten.com\/da\/wp-json\/wp\/v2\/media?parent=124031"}],"wp:term":[{"taxonomy":"product_brand","embeddable":true,"href":"https:\/\/stylingagenten.com\/da\/wp-json\/wp\/v2\/product_brand?post=124031"},{"taxonomy":"product_cat","embeddable":true,"href":"https:\/\/stylingagenten.com\/da\/wp-json\/wp\/v2\/product_cat?post=124031"},{"taxonomy":"product_tag","embeddable":true,"href":"https:\/\/stylingagenten.com\/da\/wp-json\/wp\/v2\/product_tag?post=124031"},{"taxonomy":"berocket_brand","embeddable":true,"href":"https:\/\/stylingagenten.com\/da\/wp-json\/wp\/v2\/berocket_brand?post=124031"}],"curies":[{"name":"wp","href":"https:\/\/api.w.org\/{rel}","templated":true}]}}