{"id":124028,"date":"2025-05-18T21:51:38","date_gmt":"2025-05-18T21:51:38","guid":{"rendered":"https:\/\/staging2.stylingagenten.com\/da\/produkt\/makeup-revolution-x-game-of-thrones-winter-is-coming-set\/"},"modified":"2026-04-10T10:43:50","modified_gmt":"2026-04-10T10:43:50","slug":"makeup-revolution-x-game-of-thrones-winter-is-coming-set","status":"publish","type":"product","link":"https:\/\/stylingagenten.com\/da\/produkt\/makeup-revolution-x-game-of-thrones-winter-is-coming-set\/","title":{"rendered":"Makeup Revolution X Game of Thrones Winter Is Coming Set"},"content":{"rendered":"<p>JUL KOMMER&#8230; Forvandl dig selv til en br\u00e6ndende dronning, en frygtl\u00f8s nattevagt eller v\u00e6sen fra den anden side af v\u00e6ggen med gaves\u00e6t fra Game of Thrones x Revolution i begr\u00e6nset oplag! Deltag i kampen om jerntronen. Revolution X Game of Thrones Winter Is Coming-gaves\u00e6ttet har alt, hvad du beh\u00f8ver til det ultimative iskolde look.<\/p>\n<p>Indeholder:<br \/>&#8211; Winter is Coming \u00d8jenskyggepalette<br \/>&#8211; Game of Thrones Fixing Spray<br \/> &#8211; Game of Thrones Shimmer Bomb<br \/>&#8211; Game of Thrones Flutter falske \u00f8jenvipper<\/p>\n<p>Gramhedsfri og vegansk.<\/p>\n","protected":false},"excerpt":{"rendered":"<p>JUL KOMMER&#8230; Forvandl dig selv til en br\u00e6ndende dronning, en frygtl\u00f8s nattevagt eller v\u00e6sen fra den anden side af v\u00e6ggen med gaves\u00e6t fra Game of Thrones x Revolution i begr\u00e6nset oplag! Deltag i kampen om jerntronen. Revolution X Game of Thrones Winter Is Coming-gaves\u00e6ttet har alt, hvad du beh\u00f8ver til det ultimative iskolde look. Indeholder:&#8211; [&hellip;]<\/p>\n","protected":false},"featured_media":124021,"comment_status":"open","ping_status":"closed","template":"","meta":{"_trash_the_other_posts":false},"product_brand":[],"product_cat":[664,581],"product_tag":[],"berocket_brand":[1050],"class_list":{"0":"post-124028","1":"product","2":"type-product","3":"status-publish","4":"has-post-thumbnail","6":"product_cat-gavesaet-make-up","7":"product_cat-ondt-oeje","8":"pa_brand-makeup-revolution","9":"berocket_brand-makeup-revolution","11":"first","12":"instock","13":"sale","14":"taxable","15":"shipping-taxable","16":"purchasable","17":"product-type-simple"},"_links":{"self":[{"href":"https:\/\/stylingagenten.com\/da\/wp-json\/wp\/v2\/product\/124028","targetHints":{"allow":["GET"]}}],"collection":[{"href":"https:\/\/stylingagenten.com\/da\/wp-json\/wp\/v2\/product"}],"about":[{"href":"https:\/\/stylingagenten.com\/da\/wp-json\/wp\/v2\/types\/product"}],"replies":[{"embeddable":true,"href":"https:\/\/stylingagenten.com\/da\/wp-json\/wp\/v2\/comments?post=124028"}],"version-history":[{"count":0,"href":"https:\/\/stylingagenten.com\/da\/wp-json\/wp\/v2\/product\/124028\/revisions"}],"wp:featuredmedia":[{"embeddable":true,"href":"https:\/\/stylingagenten.com\/da\/wp-json\/wp\/v2\/media\/124021"}],"wp:attachment":[{"href":"https:\/\/stylingagenten.com\/da\/wp-json\/wp\/v2\/media?parent=124028"}],"wp:term":[{"taxonomy":"product_brand","embeddable":true,"href":"https:\/\/stylingagenten.com\/da\/wp-json\/wp\/v2\/product_brand?post=124028"},{"taxonomy":"product_cat","embeddable":true,"href":"https:\/\/stylingagenten.com\/da\/wp-json\/wp\/v2\/product_cat?post=124028"},{"taxonomy":"product_tag","embeddable":true,"href":"https:\/\/stylingagenten.com\/da\/wp-json\/wp\/v2\/product_tag?post=124028"},{"taxonomy":"berocket_brand","embeddable":true,"href":"https:\/\/stylingagenten.com\/da\/wp-json\/wp\/v2\/berocket_brand?post=124028"}],"curies":[{"name":"wp","href":"https:\/\/api.w.org\/{rel}","templated":true}]}}