{"id":124026,"date":"2025-05-18T21:51:37","date_gmt":"2025-05-18T21:51:37","guid":{"rendered":"https:\/\/staging2.stylingagenten.com\/da\/produkt\/makeup-revolution-i-heart-revolution-nutcracker-makeup-set\/"},"modified":"2026-01-30T07:46:56","modified_gmt":"2026-01-30T07:46:56","slug":"makeup-revolution-i-heart-revolution-nutcracker-makeup-set","status":"publish","type":"product","link":"https:\/\/stylingagenten.com\/da\/produkt\/makeup-revolution-i-heart-revolution-nutcracker-makeup-set\/","title":{"rendered":"Makeup Revolution I Heart Revolution Christmas Nutcracker Makeup Set"},"content":{"rendered":"<p>F\u00e5 en magisk N\u00f8ddekn\u00e6kker-jul med I Heart Revolution Nutcracker Christmas Collection!<br \/>Skab dit s\u00f8deste ferielook til dato med denne magiske palette fyldt med 30 perfekt pastelfarvede og neutrale festlige nuancer og to l\u00e6kre lipglosser til endel\u00f8se festlige looks!<\/p>\n<p>Dette s\u00e6t inkluderer:<br \/>&#8211; To n\u00f8ddekn\u00e6kkere lipglosser<br \/>&#8211; 30 pans n\u00f8ddekn\u00e6kker skyggepalette<\/p>\n","protected":false},"excerpt":{"rendered":"<p>F\u00e5 en magisk N\u00f8ddekn\u00e6kker-jul med I Heart Revolution Nutcracker Christmas Collection!Skab dit s\u00f8deste ferielook til dato med denne magiske palette fyldt med 30 perfekt pastelfarvede og neutrale festlige nuancer og to l\u00e6kre lipglosser til endel\u00f8se festlige looks! Dette s\u00e6t inkluderer:&#8211; To n\u00f8ddekn\u00e6kkere lipglosser&#8211; 30 pans n\u00f8ddekn\u00e6kker skyggepalette<\/p>\n","protected":false},"featured_media":124014,"comment_status":"open","ping_status":"closed","template":"","meta":{"_trash_the_other_posts":false},"product_brand":[],"product_cat":[664,581,1005],"product_tag":[],"berocket_brand":[1050],"class_list":{"0":"post-124026","1":"product","2":"type-product","3":"status-publish","4":"has-post-thumbnail","6":"product_cat-gavesaet-make-up","7":"product_cat-ondt-oeje","8":"product_cat-outlet","9":"pa_brand-makeup-revolution","10":"berocket_brand-makeup-revolution","12":"first","13":"instock","14":"sale","15":"taxable","16":"shipping-taxable","17":"purchasable","18":"product-type-simple"},"_links":{"self":[{"href":"https:\/\/stylingagenten.com\/da\/wp-json\/wp\/v2\/product\/124026","targetHints":{"allow":["GET"]}}],"collection":[{"href":"https:\/\/stylingagenten.com\/da\/wp-json\/wp\/v2\/product"}],"about":[{"href":"https:\/\/stylingagenten.com\/da\/wp-json\/wp\/v2\/types\/product"}],"replies":[{"embeddable":true,"href":"https:\/\/stylingagenten.com\/da\/wp-json\/wp\/v2\/comments?post=124026"}],"version-history":[{"count":0,"href":"https:\/\/stylingagenten.com\/da\/wp-json\/wp\/v2\/product\/124026\/revisions"}],"wp:featuredmedia":[{"embeddable":true,"href":"https:\/\/stylingagenten.com\/da\/wp-json\/wp\/v2\/media\/124014"}],"wp:attachment":[{"href":"https:\/\/stylingagenten.com\/da\/wp-json\/wp\/v2\/media?parent=124026"}],"wp:term":[{"taxonomy":"product_brand","embeddable":true,"href":"https:\/\/stylingagenten.com\/da\/wp-json\/wp\/v2\/product_brand?post=124026"},{"taxonomy":"product_cat","embeddable":true,"href":"https:\/\/stylingagenten.com\/da\/wp-json\/wp\/v2\/product_cat?post=124026"},{"taxonomy":"product_tag","embeddable":true,"href":"https:\/\/stylingagenten.com\/da\/wp-json\/wp\/v2\/product_tag?post=124026"},{"taxonomy":"berocket_brand","embeddable":true,"href":"https:\/\/stylingagenten.com\/da\/wp-json\/wp\/v2\/berocket_brand?post=124026"}],"curies":[{"name":"wp","href":"https:\/\/api.w.org\/{rel}","templated":true}]}}