{"id":124008,"date":"2025-05-18T21:51:33","date_gmt":"2025-05-18T21:51:33","guid":{"rendered":"https:\/\/staging2.stylingagenten.com\/da\/produkt\/zmile-cosmetics-giftbox-sweethearts-orchid-love\/"},"modified":"2026-03-19T10:37:54","modified_gmt":"2026-03-19T10:37:54","slug":"zmile-cosmetics-giftbox-sweethearts-orchid-love","status":"publish","type":"product","link":"https:\/\/stylingagenten.com\/da\/produkt\/zmile-cosmetics-giftbox-sweethearts-orchid-love\/","title":{"rendered":"Zmile Cosmetics Giftbox Sweethearts Orchid Love"},"content":{"rendered":"<p>Zmile Cosmetics Gave\u00e6ske Sweethearts Orchid Love<\/p>\n<p>&#8220;Surprise your sweetheart&#8221; &#8211; det lille fine gaves\u00e6t: hjerter fyldt med Baked Blush, Baked Eyeshadow og glitrende lipgloss. Let, silkebl\u00f8d tekstur, ekstra fint pudder, h\u00f8j d\u00e6kkeevne.<br \/>Tip: P\u00e5f\u00f8r nemt med fingeren. P\u00e5f\u00f8r fugtig for mere intense farveresultater.<\/p>\n<p>1 x \u00f8jenskygge<br \/>1 x Blush<br \/>1 x Lip Gloss<\/p>\n","protected":false},"excerpt":{"rendered":"<p>Zmile Cosmetics Gave\u00e6ske Sweethearts Orchid Love &#8220;Surprise your sweetheart&#8221; &#8211; det lille fine gaves\u00e6t: hjerter fyldt med Baked Blush, Baked Eyeshadow og glitrende lipgloss. Let, silkebl\u00f8d tekstur, ekstra fint pudder, h\u00f8j d\u00e6kkeevne.Tip: P\u00e5f\u00f8r nemt med fingeren. P\u00e5f\u00f8r fugtig for mere intense farveresultater. 1 x \u00f8jenskygge1 x Blush1 x Lip Gloss<\/p>\n","protected":false},"featured_media":123989,"comment_status":"open","ping_status":"closed","template":"","meta":{"_trash_the_other_posts":false},"product_brand":[],"product_cat":[664,613],"product_tag":[],"berocket_brand":[1179],"class_list":{"0":"post-124008","1":"product","2":"type-product","3":"status-publish","4":"has-post-thumbnail","6":"product_cat-gavesaet-make-up","7":"product_cat-rouge","8":"pa_brand-zmile-cosmetics","9":"berocket_brand-zmile-cosmetics","11":"first","12":"instock","13":"sale","14":"taxable","15":"shipping-taxable","16":"purchasable","17":"product-type-simple"},"_links":{"self":[{"href":"https:\/\/stylingagenten.com\/da\/wp-json\/wp\/v2\/product\/124008","targetHints":{"allow":["GET"]}}],"collection":[{"href":"https:\/\/stylingagenten.com\/da\/wp-json\/wp\/v2\/product"}],"about":[{"href":"https:\/\/stylingagenten.com\/da\/wp-json\/wp\/v2\/types\/product"}],"replies":[{"embeddable":true,"href":"https:\/\/stylingagenten.com\/da\/wp-json\/wp\/v2\/comments?post=124008"}],"version-history":[{"count":0,"href":"https:\/\/stylingagenten.com\/da\/wp-json\/wp\/v2\/product\/124008\/revisions"}],"wp:featuredmedia":[{"embeddable":true,"href":"https:\/\/stylingagenten.com\/da\/wp-json\/wp\/v2\/media\/123989"}],"wp:attachment":[{"href":"https:\/\/stylingagenten.com\/da\/wp-json\/wp\/v2\/media?parent=124008"}],"wp:term":[{"taxonomy":"product_brand","embeddable":true,"href":"https:\/\/stylingagenten.com\/da\/wp-json\/wp\/v2\/product_brand?post=124008"},{"taxonomy":"product_cat","embeddable":true,"href":"https:\/\/stylingagenten.com\/da\/wp-json\/wp\/v2\/product_cat?post=124008"},{"taxonomy":"product_tag","embeddable":true,"href":"https:\/\/stylingagenten.com\/da\/wp-json\/wp\/v2\/product_tag?post=124008"},{"taxonomy":"berocket_brand","embeddable":true,"href":"https:\/\/stylingagenten.com\/da\/wp-json\/wp\/v2\/berocket_brand?post=124008"}],"curies":[{"name":"wp","href":"https:\/\/api.w.org\/{rel}","templated":true}]}}